{"id":12007,"date":"2023-03-22T11:22:27","date_gmt":"2023-03-22T10:22:27","guid":{"rendered":"http:\/\/www.shinemusicrental.com\/product\/behringer-x32-mixing-console\/"},"modified":"2024-04-24T15:03:00","modified_gmt":"2024-04-24T13:03:00","slug":"behringer-x32-mesa-de-mezclas","status":"publish","type":"product","link":"https:\/\/shinemusicrental.com\/es\/product\/behringer-x32-mesa-de-mezclas\/","title":{"rendered":"Behringer X32 Mesa de Mezclas"},"content":{"rendered":"<p>La consola mesa de mezclas Behringer X32 es un dispositivo de mezcla de audio incre\u00edblemente vers\u00e1til y robusto que es ideal tanto para presentaciones en vivo como para grabaciones de estudio. Con la friolera de 32 canales, 16 buses de mezcla y 8 grupos DCA, esta mesa de mezclas proporciona un nivel incomparable de adaptabilidad y control sobre su sonido.<\/p>\n<p>La consola de mezclas X32 cuenta con preamplificadores de primera l\u00ednea y procesamiento de punto flotante de 40 bits, lo que garantiza una calidad de sonido n\u00edtida que sorprender\u00e1 incluso al audi\u00f3filo m\u00e1s perceptivo. La interfaz sencilla y los flujos de trabajo adaptables hacen que sea muy f\u00e1cil de usar y personalizar seg\u00fan sus preferencias espec\u00edficas.<\/p>\n<p>En resumen, la consola de mezclas Behringer X32 es similar a una navaja suiza multifac\u00e9tica para ingenieros de audio, una herramienta multifuncional que es capaz de manejar todo, desde intrincadas sesiones de estudio hasta complejas actuaciones en vivo. Mejora tu sonido alquilando una mesa de mezclas como la Behringer X32.<\/p>\n","protected":false},"excerpt":{"rendered":"<p>La consola mesa de mezclas Behringer X32 es un dispositivo de mezcla de audio incre\u00edblemente vers\u00e1til y robusto que es [&hellip;]<\/p>\n","protected":false},"featured_media":12005,"comment_status":"open","ping_status":"closed","template":"","meta":{"_acf_changed":false,"content-type":""},"product_brand":[],"product_cat":[331,343],"product_tag":[461,560,584,463,489,591,557,505,507,511,509,513,503,559,788,791,786],"class_list":{"0":"post-12007","1":"product","2":"type-product","3":"status-publish","4":"has-post-thumbnail","6":"product_cat-equipos-pa-y-de-audiodifusion","7":"product_cat-mesas-mezclas-equipo-dj","8":"product_tag-alquiler-de-instrumentos","9":"product_tag-alquiler-de-instrumentos-es","10":"product_tag-alquiler-de-instrumentos-es-2","11":"product_tag-alquiler-de-instrumentos-barcelona","12":"product_tag-alquiler-de-instrumentos-barcelona-es","13":"product_tag-alquiler-de-instrumentos-espana-es","14":"product_tag-alquiler-de-instrumentos-espana","15":"product_tag-equipo-de-estudio","16":"product_tag-equipo-de-estudio-barcelona","17":"product_tag-equipo-de-estudio-de-alquiler","18":"product_tag-equipo-de-estudio-es","19":"product_tag-equipo-de-estudio-espana","20":"product_tag-estudio","21":"product_tag-instrumentos-de-contratacion","22":"product_tag-mesa-de-mezclas","23":"product_tag-mesa-de-mezclas-de-alquiler","24":"product_tag-mixer-es","26":"first","27":"instock","28":"sold-individually","29":"shipping-taxable","30":"purchasable","31":"product-type-booking"},"booking_location":"","booking_location_type":"","booking_duration":1,"booking_duration_unit":"day","booking_buffer":0,"booking_cost":0,"booking_resources":[],"exclude_global_add_ons":false,"addons":[{"name":"ALTAVOCES PA","type":"checkbox","position":0,"required":false,"title_format":"label","default":"","description_enable":false,"description":"","placeholder_enable":false,"placeholder":"","display":"select","restrictions_type":"any_text","adjust_price":false,"price":"","price_type":"flat_fee","restrictions":false,"min":"0","max":"0","options":[{"label":"Cable de Instrumento Jack 1\/4","price":"5.00","price_type":"quantity_based","image":0,"visibility":true},{"label":"Cable XLR","price":"5.00","price_type":"quantity_based","image":0,"visibility":true},{"label":"Mesa de Mezclas (est\u00e1ndar)","price":"55.00","price_type":"quantity_based","image":0,"visibility":true},{"label":"Soporte","price":"19.00","price_type":"quantity_based","image":0,"visibility":true},{"label":"DI Box","price":"5","price_type":"quantity_based","image":0,"visibility":true}]}],"acf":{"set_to_be_sold":false,"sale_description":"","sale_price":""},"_links":{"self":[{"href":"https:\/\/shinemusicrental.com\/es\/wp-json\/wp\/v2\/product\/12007","targetHints":{"allow":["GET"]}}],"collection":[{"href":"https:\/\/shinemusicrental.com\/es\/wp-json\/wp\/v2\/product"}],"about":[{"href":"https:\/\/shinemusicrental.com\/es\/wp-json\/wp\/v2\/types\/product"}],"replies":[{"embeddable":true,"href":"https:\/\/shinemusicrental.com\/es\/wp-json\/wp\/v2\/comments?post=12007"}],"wp:featuredmedia":[{"embeddable":true,"href":"https:\/\/shinemusicrental.com\/es\/wp-json\/wp\/v2\/media\/12005"}],"wp:attachment":[{"href":"https:\/\/shinemusicrental.com\/es\/wp-json\/wp\/v2\/media?parent=12007"}],"wp:term":[{"taxonomy":"product_brand","embeddable":true,"href":"https:\/\/shinemusicrental.com\/es\/wp-json\/wp\/v2\/product_brand?post=12007"},{"taxonomy":"product_cat","embeddable":true,"href":"https:\/\/shinemusicrental.com\/es\/wp-json\/wp\/v2\/product_cat?post=12007"},{"taxonomy":"product_tag","embeddable":true,"href":"https:\/\/shinemusicrental.com\/es\/wp-json\/wp\/v2\/product_tag?post=12007"}],"curies":[{"name":"wp","href":"https:\/\/api.w.org\/{rel}","templated":true}]}}