{"id":1196,"date":"2022-10-20T15:03:20","date_gmt":"2022-10-20T13:03:20","guid":{"rendered":"http:\/\/www.shinemusicrental.com\/product\/steinberg-ur22-mk2-usb-audio-interface\/"},"modified":"2024-04-08T17:50:01","modified_gmt":"2024-04-08T15:50:01","slug":"steinberg-ur22-mk2-usb-audio-interface","status":"publish","type":"product","link":"https:\/\/shinemusicrental.com\/es\/product\/steinberg-ur22-mk2-usb-audio-interface\/","title":{"rendered":"Steinberg UR22 MK2 USB Interfaz de Audio"},"content":{"rendered":"<p>El Steinberg UR22 MK2 USB Audio Interface es un aparato multifac\u00e9tico y confiable para grabar m\u00fasica y sonido. Sus dos entradas combinadas permiten la capacidad de grabaci\u00f3n de nivel de l\u00ednea y micr\u00f3fono, con una alimentaci\u00f3n phantom seleccionable disponible para este \u00faltimo. Adem\u00e1s, la interfaz incluye MIDI I\/O para conectar teclados y otros dispositivos MIDI.<\/p>\n<p>Este UR22 MK2, con su s\u00f3lida carcasa de metal y tama\u00f1o compacto, es perfecto para grabaciones en movimiento, ya sea en un estudio o al aire libre. Su monitoreo de hardware sin latencia y efectos DSP incorporados proporcionan a los m\u00fasicos una experiencia de grabaci\u00f3n fluida.<\/p>\n<p>Pi\u00e9nsalo como una adaptaci\u00f3n musical de una navaja suiza, con una variedad de entradas y caracter\u00edsticas para adaptarse a cada situaci\u00f3n de grabaci\u00f3n. Por lo tanto, ya sea que uno sea un profesional experimentado o est\u00e9 comenzando, el Steinberg UR22 MK2 USB Audio Interface es una opci\u00f3n s\u00f3lida para sus requisitos de Alquiler de Instrumentos o si requiere una interfaz de audio para su pr\u00f3xima sesi\u00f3n de grabaci\u00f3n.<\/p>\n","protected":false},"excerpt":{"rendered":"<p><strong>Dep\u00f3sito: \u20ac60<\/strong><\/p>\n<div id=\"gtx-trans\" style=\"position: absolute; left: -33px; top: 38.3333px;\">\n<div class=\"gtx-trans-icon\"><\/div>\n<\/div>\n","protected":false},"featured_media":1195,"comment_status":"open","ping_status":"closed","template":"","meta":{"_acf_changed":false,"content-type":""},"product_brand":[],"product_cat":[331,333],"product_tag":[461,560,584,463,489,591,557,505,507,511,509,513,503,559,821,822],"class_list":{"0":"post-1196","1":"product","2":"type-product","3":"status-publish","4":"has-post-thumbnail","6":"product_cat-equipos-pa-y-de-audiodifusion","7":"product_cat-interfaces-de-audio-y-controladores","8":"product_tag-alquiler-de-instrumentos","9":"product_tag-alquiler-de-instrumentos-es","10":"product_tag-alquiler-de-instrumentos-es-2","11":"product_tag-alquiler-de-instrumentos-barcelona","12":"product_tag-alquiler-de-instrumentos-barcelona-es","13":"product_tag-alquiler-de-instrumentos-espana-es","14":"product_tag-alquiler-de-instrumentos-espana","15":"product_tag-equipo-de-estudio","16":"product_tag-equipo-de-estudio-barcelona","17":"product_tag-equipo-de-estudio-de-alquiler","18":"product_tag-equipo-de-estudio-es","19":"product_tag-equipo-de-estudio-espana","20":"product_tag-estudio","21":"product_tag-instrumentos-de-contratacion","22":"product_tag-interfaz-de-audio","23":"product_tag-interfaz-de-audio-de-alquiler","25":"first","26":"instock","27":"sold-individually","28":"shipping-taxable","29":"purchasable","30":"product-type-booking"},"booking_location":"","booking_location_type":"","booking_duration":1,"booking_duration_unit":"day","booking_buffer":0,"booking_cost":0,"booking_resources":[],"exclude_global_add_ons":false,"addons":[{"name":"Dep\u00f3sito","type":"checkbox","position":0,"required":false,"title_format":"hide","default":"","description_enable":false,"description":"","placeholder_enable":false,"placeholder":"","display":"select","restrictions_type":"any_text","adjust_price":false,"price":"","price_type":"flat_fee","restrictions":false,"min":"0","max":"0","options":[{"label":"Dep\u00f3sito","price":"60","price_type":"flat_fee","image":0,"visibility":true}]}],"acf":{"set_to_be_sold":false,"sale_description":"","sale_price":""},"_links":{"self":[{"href":"https:\/\/shinemusicrental.com\/es\/wp-json\/wp\/v2\/product\/1196","targetHints":{"allow":["GET"]}}],"collection":[{"href":"https:\/\/shinemusicrental.com\/es\/wp-json\/wp\/v2\/product"}],"about":[{"href":"https:\/\/shinemusicrental.com\/es\/wp-json\/wp\/v2\/types\/product"}],"replies":[{"embeddable":true,"href":"https:\/\/shinemusicrental.com\/es\/wp-json\/wp\/v2\/comments?post=1196"}],"wp:featuredmedia":[{"embeddable":true,"href":"https:\/\/shinemusicrental.com\/es\/wp-json\/wp\/v2\/media\/1195"}],"wp:attachment":[{"href":"https:\/\/shinemusicrental.com\/es\/wp-json\/wp\/v2\/media?parent=1196"}],"wp:term":[{"taxonomy":"product_brand","embeddable":true,"href":"https:\/\/shinemusicrental.com\/es\/wp-json\/wp\/v2\/product_brand?post=1196"},{"taxonomy":"product_cat","embeddable":true,"href":"https:\/\/shinemusicrental.com\/es\/wp-json\/wp\/v2\/product_cat?post=1196"},{"taxonomy":"product_tag","embeddable":true,"href":"https:\/\/shinemusicrental.com\/es\/wp-json\/wp\/v2\/product_tag?post=1196"}],"curies":[{"name":"wp","href":"https:\/\/api.w.org\/{rel}","templated":true}]}}