{"id":1190,"date":"2022-10-20T14:42:30","date_gmt":"2022-10-20T12:42:30","guid":{"rendered":"http:\/\/www.shinemusicrental.com\/product\/contrabajo-kreutzer-school-la-eb-3-4\/"},"modified":"2023-03-15T13:53:09","modified_gmt":"2023-03-15T12:53:09","slug":"contrabajo-kreutzer-school-la-eb-3-4","status":"publish","type":"product","link":"https:\/\/shinemusicrental.com\/es\/product\/contrabajo-kreutzer-school-la-eb-3-4\/","title":{"rendered":"Contrabajo Kreutzer School LA EB 3\/4"},"content":{"rendered":"<p>El contrabajo Kreutzer School LA EB 3\/4 es un instrumento de gran distinci\u00f3n, muy adecuado para aquellos que aspiran a sobresalir en el arte del bajo. Posee una tapa de abeto macizo y aros y fondo de arce laminado, lo que dota a su tono de una cualidad rica y resonante.<\/p>\n<p>Gracias a su tama\u00f1o 3\/4 y su puente ajustable, el contrabajo en cuesti\u00f3n es c\u00f3modo de tocar y c\u00f3modo de transportar. Como tal, Kreutzer School LA EB 3\/4 sirve como una excelente opci\u00f3n para aquellos estudiantes que buscan un instrumento confiable y rentable para perfeccionar su oficio.<\/p>\n<p>Cuando alquila un instrumento como el Kreutzer School LA EB 3\/4, obtiene acceso a un compa\u00f1ero confiable y duradero, capaz de producir sonidos vers\u00e1tiles que deleitar\u00e1n a cualquier p\u00fablico.<\/p>\n<p>En conjunto, el Kreutzer School LA EB 3\/4 representa una excelente opci\u00f3n para cualquier persona que necesite un contrabajo confiable que sea asequible y de excelente calidad. Su sonido excepcional y su impresionante construcci\u00f3n lo hacen ideal tanto para estudiantes como para profesionales.<\/p>\n","protected":false},"excerpt":{"rendered":"<p><strong>Dep\u00f3sito: \u20ac420<\/strong><\/p>\n<div id=\"gtx-trans\" style=\"position: absolute; left: -42px; top: -10.6667px;\">\n<div class=\"gtx-trans-icon\"><\/div>\n<\/div>\n","protected":false},"featured_media":1186,"comment_status":"open","ping_status":"closed","template":"","meta":{"_acf_changed":false,"content-type":""},"product_brand":[],"product_cat":[321,323],"product_tag":[461,560,584,463,489,591,557,716,717,559,491,493,495,499,497,501],"class_list":{"0":"post-1190","1":"product","2":"type-product","3":"status-publish","4":"has-post-thumbnail","6":"product_cat-instrumentos-de-cuerda","7":"product_cat-contrabajos-es","8":"product_tag-alquiler-de-instrumentos","9":"product_tag-alquiler-de-instrumentos-es","10":"product_tag-alquiler-de-instrumentos-es-2","11":"product_tag-alquiler-de-instrumentos-barcelona","12":"product_tag-alquiler-de-instrumentos-barcelona-es","13":"product_tag-alquiler-de-instrumentos-espana-es","14":"product_tag-alquiler-de-instrumentos-espana","15":"product_tag-contrabajo","16":"product_tag-contrabajo-de-alquiler","17":"product_tag-instrumentos-de-contratacion","18":"product_tag-instrumentos-de-cuerda","19":"product_tag-instrumentos-de-cuerda-es","20":"product_tag-instrumentos-de-cuerda-barcelona","21":"product_tag-instrumentos-de-cuerda-de-alquiler","22":"product_tag-instrumentos-de-cuerda-es-es","23":"product_tag-instrumentos-de-cuerda-espana","25":"first","26":"instock","27":"sold-individually","28":"shipping-taxable","29":"purchasable","30":"product-type-booking"},"booking_location":"","booking_location_type":"","booking_duration":1,"booking_duration_unit":"day","booking_buffer":0,"booking_cost":0,"booking_resources":[],"exclude_global_add_ons":false,"addons":[{"name":"Dep\u00f3sito","type":"checkbox","position":0,"required":false,"title_format":"hide","default":"","description_enable":false,"description":"","placeholder_enable":false,"placeholder":"","display":"select","restrictions_type":"any_text","adjust_price":false,"price":"","price_type":"flat_fee","restrictions":false,"min":"0","max":"0","options":[{"label":"Dep\u00f3sito","price":"420","price_type":"flat_fee","image":0,"visibility":true}]},{"name":"CONTRABAJO","type":"checkbox","position":0,"required":false,"title_format":"label","default":"","description_enable":false,"description":"","placeholder_enable":false,"placeholder":"","display":"select","restrictions_type":"any_text","adjust_price":false,"price":"","price_type":"flat_fee","restrictions":false,"min":"0","max":"0","options":[{"label":"Soporte de Contrabajo","price":"19.00","price_type":"quantity_based","image":0,"visibility":true},{"label":"Atrilil","price":"5.00","price_type":"quantity_based","image":0,"visibility":true},{"label":"Atril de Calidad","price":"9.00","price_type":"quantity_based","image":0,"visibility":true}]}],"acf":{"set_to_be_sold":false,"sale_description":"","sale_price":""},"_links":{"self":[{"href":"https:\/\/shinemusicrental.com\/es\/wp-json\/wp\/v2\/product\/1190","targetHints":{"allow":["GET"]}}],"collection":[{"href":"https:\/\/shinemusicrental.com\/es\/wp-json\/wp\/v2\/product"}],"about":[{"href":"https:\/\/shinemusicrental.com\/es\/wp-json\/wp\/v2\/types\/product"}],"replies":[{"embeddable":true,"href":"https:\/\/shinemusicrental.com\/es\/wp-json\/wp\/v2\/comments?post=1190"}],"wp:featuredmedia":[{"embeddable":true,"href":"https:\/\/shinemusicrental.com\/es\/wp-json\/wp\/v2\/media\/1186"}],"wp:attachment":[{"href":"https:\/\/shinemusicrental.com\/es\/wp-json\/wp\/v2\/media?parent=1190"}],"wp:term":[{"taxonomy":"product_brand","embeddable":true,"href":"https:\/\/shinemusicrental.com\/es\/wp-json\/wp\/v2\/product_brand?post=1190"},{"taxonomy":"product_cat","embeddable":true,"href":"https:\/\/shinemusicrental.com\/es\/wp-json\/wp\/v2\/product_cat?post=1190"},{"taxonomy":"product_tag","embeddable":true,"href":"https:\/\/shinemusicrental.com\/es\/wp-json\/wp\/v2\/product_tag?post=1190"}],"curies":[{"name":"wp","href":"https:\/\/api.w.org\/{rel}","templated":true}]}}