{"id":1181,"date":"2022-10-20T14:22:14","date_gmt":"2022-10-20T12:22:14","guid":{"rendered":"http:\/\/www.shinemusicrental.com\/product\/contrabajo-primo-ym2063\/"},"modified":"2023-03-15T13:27:14","modified_gmt":"2023-03-15T12:27:14","slug":"contrabajo-ym2063","status":"publish","type":"product","link":"https:\/\/shinemusicrental.com\/es\/product\/contrabajo-ym2063\/","title":{"rendered":"Contrabajo Primo YM2063"},"content":{"rendered":"<p>El contrabajo Primo YM2063 representa un instrumento profesional que ofrece una calidad de sonido soberbia y una capacidad de rendimiento excepcional. Este particular contrabajo presenta una tapa de abeto, fondo y aros de arce y un diapas\u00f3n tallado a mano para crear una apariencia aut\u00e9ntica y tradicional.<\/p>\n<p>Al tener un tama\u00f1o 3\/4 y un puente ajustable, el Primo YM2063 brinda una c\u00f3moda facilidad de ejecuci\u00f3n y versatilidad a los m\u00fasicos que atienden a un amplio espectro de g\u00e9neros musicales. El tono resonante y profundo del instrumento lo convierte en un candidato ideal para estilos de m\u00fasica cl\u00e1sica, jazz y orquestal.<\/p>\n<p>Si alquilas un contrabajo similar al Primo YM2063, tendr\u00e1s acceso a un instrumento excepcional de alta calidad que es adecuado tanto para principiantes como para profesionales. Su excepcional calidad de sonido y su superior artesan\u00eda har\u00e1n que tocarlo sea una experiencia deliciosa.<\/p>\n<p>En general, el Double Bass Primo YM2063 es comparable a un majestuoso gigante en una orquesta &#8211; posee caracter\u00edsticas poderosas, ricas y mand\u00f3nicas. Es una opci\u00f3n fant\u00e1stica para cualquier persona que busque un contrabajo confiable y vers\u00e1til que pueda producir un sonido de alta calidad.<\/p>\n","protected":false},"excerpt":{"rendered":"<p><strong>Dep\u00f3sito: \u20ac300<\/strong><\/p>\n<div id=\"gtx-trans\" style=\"position: absolute; left: 74px; top: 38.3333px;\">\n<div class=\"gtx-trans-icon\"><\/div>\n<\/div>\n","protected":false},"featured_media":1177,"comment_status":"open","ping_status":"closed","template":"","meta":{"_acf_changed":false,"content-type":""},"product_brand":[],"product_cat":[321,323],"product_tag":[461,560,584,463,489,591,557,716,717,559,491,493,495,499,497,501],"class_list":{"0":"post-1181","1":"product","2":"type-product","3":"status-publish","4":"has-post-thumbnail","6":"product_cat-instrumentos-de-cuerda","7":"product_cat-contrabajos-es","8":"product_tag-alquiler-de-instrumentos","9":"product_tag-alquiler-de-instrumentos-es","10":"product_tag-alquiler-de-instrumentos-es-2","11":"product_tag-alquiler-de-instrumentos-barcelona","12":"product_tag-alquiler-de-instrumentos-barcelona-es","13":"product_tag-alquiler-de-instrumentos-espana-es","14":"product_tag-alquiler-de-instrumentos-espana","15":"product_tag-contrabajo","16":"product_tag-contrabajo-de-alquiler","17":"product_tag-instrumentos-de-contratacion","18":"product_tag-instrumentos-de-cuerda","19":"product_tag-instrumentos-de-cuerda-es","20":"product_tag-instrumentos-de-cuerda-barcelona","21":"product_tag-instrumentos-de-cuerda-de-alquiler","22":"product_tag-instrumentos-de-cuerda-es-es","23":"product_tag-instrumentos-de-cuerda-espana","25":"first","26":"instock","27":"sold-individually","28":"shipping-taxable","29":"purchasable","30":"product-type-booking"},"booking_location":"","booking_location_type":"","booking_duration":1,"booking_duration_unit":"day","booking_buffer":0,"booking_cost":0,"booking_resources":[],"exclude_global_add_ons":false,"addons":[{"name":"Dep\u00f3sito","type":"checkbox","position":0,"required":false,"title_format":"hide","default":"","description_enable":false,"description":"","placeholder_enable":false,"placeholder":"","display":"select","restrictions_type":"any_text","adjust_price":false,"price":"","price_type":"flat_fee","restrictions":false,"min":"0","max":"0","options":[{"label":"Dep\u00f3sito","price":"300","price_type":"flat_fee","image":0,"visibility":true}]},{"name":"CONTRABAJO","type":"checkbox","position":0,"required":false,"title_format":"label","default":"","description_enable":false,"description":"","placeholder_enable":false,"placeholder":"","display":"select","restrictions_type":"any_text","adjust_price":false,"price":"","price_type":"flat_fee","restrictions":false,"min":"0","max":"0","options":[{"label":"Soporte de Contrabajo","price":"19.00","price_type":"quantity_based","image":0,"visibility":true},{"label":"Atrilil","price":"5.00","price_type":"quantity_based","image":0,"visibility":true},{"label":"Atril de Calidad","price":"9.00","price_type":"quantity_based","image":0,"visibility":true}]}],"acf":{"set_to_be_sold":false,"sale_description":"","sale_price":""},"_links":{"self":[{"href":"https:\/\/shinemusicrental.com\/es\/wp-json\/wp\/v2\/product\/1181","targetHints":{"allow":["GET"]}}],"collection":[{"href":"https:\/\/shinemusicrental.com\/es\/wp-json\/wp\/v2\/product"}],"about":[{"href":"https:\/\/shinemusicrental.com\/es\/wp-json\/wp\/v2\/types\/product"}],"replies":[{"embeddable":true,"href":"https:\/\/shinemusicrental.com\/es\/wp-json\/wp\/v2\/comments?post=1181"}],"wp:featuredmedia":[{"embeddable":true,"href":"https:\/\/shinemusicrental.com\/es\/wp-json\/wp\/v2\/media\/1177"}],"wp:attachment":[{"href":"https:\/\/shinemusicrental.com\/es\/wp-json\/wp\/v2\/media?parent=1181"}],"wp:term":[{"taxonomy":"product_brand","embeddable":true,"href":"https:\/\/shinemusicrental.com\/es\/wp-json\/wp\/v2\/product_brand?post=1181"},{"taxonomy":"product_cat","embeddable":true,"href":"https:\/\/shinemusicrental.com\/es\/wp-json\/wp\/v2\/product_cat?post=1181"},{"taxonomy":"product_tag","embeddable":true,"href":"https:\/\/shinemusicrental.com\/es\/wp-json\/wp\/v2\/product_tag?post=1181"}],"curies":[{"name":"wp","href":"https:\/\/api.w.org\/{rel}","templated":true}]}}