{"id":1160,"date":"2022-10-20T13:37:10","date_gmt":"2022-10-20T11:37:10","guid":{"rendered":"http:\/\/www.shinemusicrental.com\/product\/thomann-standard-cavaquinho-brasileno\/"},"modified":"2024-04-08T17:31:22","modified_gmt":"2024-04-08T15:31:22","slug":"thomann-standard-cavaquinho-brasileno","status":"publish","type":"product","link":"https:\/\/shinemusicrental.com\/es\/product\/thomann-standard-cavaquinho-brasileno\/","title":{"rendered":"Thomann Standard Cavaquinho Brasile\u00f1o"},"content":{"rendered":"<p>El Thomann Brazilian Cavaquinho Standard es un instrumento musical impecablemente dise\u00f1ado que cuenta con una calidad tonal excepcional y una gran facilidad de uso. Este cl\u00e1sico instrumento de cuatro cuerdas originario de Brasil est\u00e1 hecho a medida para personas interesadas en explorar las posibilidades sonoras de la m\u00fasica de samba y choro.<\/p>\n<p>El perfil ac\u00fastico del Brazilian Cavaquinho Standard se caracteriza por una tapa resonante de abeto, un rico fondo y laterales de caoba y un suave diapas\u00f3n de palisandro que, en conjunto, producen un timbre melifluo y robusto. Debido a su tama\u00f1o peque\u00f1o y su construcci\u00f3n ligera, el instrumento es altamente port\u00e1til y se puede tocar sin esfuerzo en cualquier lugar.<\/p>\n<p>Al alquilar el Cavaquinho, el m\u00fasico obtiene acceso a un sonido vers\u00e1til que es perfecto tanto para actuaciones en solitario como para colaboraciones en grupo. Con su excepcional facilidad de uso y artesan\u00eda de alta calidad, el Thomann Brazilian Cavaquinho Standard es una excelente opci\u00f3n tanto para m\u00fasicos novatos como experimentados.<\/p>\n","protected":false},"excerpt":{"rendered":"<p><strong>Dep\u00f3sito: \u20ac40<\/strong><\/p>\n<div id=\"gtx-trans\" style=\"position: absolute; left: 68px; top: 38.3333px;\">\n<div class=\"gtx-trans-icon\"><\/div>\n<\/div>\n","protected":false},"featured_media":1159,"comment_status":"open","ping_status":"closed","template":"","meta":{"_acf_changed":false,"content-type":""},"product_brand":[],"product_cat":[177,189],"product_tag":[560,461,584,463,489,591,557,826,559],"class_list":{"0":"post-1160","1":"product","2":"type-product","3":"status-publish","4":"has-post-thumbnail","6":"product_cat-guitarras-y-bajos","7":"product_cat-cavaquinho-es","8":"product_tag-alquiler-de-instrumentos-es","9":"product_tag-alquiler-de-instrumentos","10":"product_tag-alquiler-de-instrumentos-es-2","11":"product_tag-alquiler-de-instrumentos-barcelona","12":"product_tag-alquiler-de-instrumentos-barcelona-es","13":"product_tag-alquiler-de-instrumentos-espana-es","14":"product_tag-alquiler-de-instrumentos-espana","15":"product_tag-cavaquinho-es","16":"product_tag-instrumentos-de-contratacion","18":"first","19":"instock","20":"sold-individually","21":"shipping-taxable","22":"purchasable","23":"product-type-booking"},"booking_location":"","booking_location_type":"","booking_duration":1,"booking_duration_unit":"day","booking_buffer":0,"booking_cost":0,"booking_resources":[],"exclude_global_add_ons":false,"addons":[{"name":"Dep\u00f3sito","type":"checkbox","position":0,"required":false,"title_format":"hide","default":"","description_enable":false,"description":"","placeholder_enable":false,"placeholder":"","display":"select","restrictions_type":"any_text","adjust_price":false,"price":"","price_type":"flat_fee","restrictions":false,"min":"0","max":"0","options":[{"label":"Dep\u00f3sito","price":"40","price_type":"flat_fee","image":0,"visibility":true}]}],"acf":{"set_to_be_sold":false,"sale_description":"","sale_price":""},"_links":{"self":[{"href":"https:\/\/shinemusicrental.com\/es\/wp-json\/wp\/v2\/product\/1160","targetHints":{"allow":["GET"]}}],"collection":[{"href":"https:\/\/shinemusicrental.com\/es\/wp-json\/wp\/v2\/product"}],"about":[{"href":"https:\/\/shinemusicrental.com\/es\/wp-json\/wp\/v2\/types\/product"}],"replies":[{"embeddable":true,"href":"https:\/\/shinemusicrental.com\/es\/wp-json\/wp\/v2\/comments?post=1160"}],"wp:featuredmedia":[{"embeddable":true,"href":"https:\/\/shinemusicrental.com\/es\/wp-json\/wp\/v2\/media\/1159"}],"wp:attachment":[{"href":"https:\/\/shinemusicrental.com\/es\/wp-json\/wp\/v2\/media?parent=1160"}],"wp:term":[{"taxonomy":"product_brand","embeddable":true,"href":"https:\/\/shinemusicrental.com\/es\/wp-json\/wp\/v2\/product_brand?post=1160"},{"taxonomy":"product_cat","embeddable":true,"href":"https:\/\/shinemusicrental.com\/es\/wp-json\/wp\/v2\/product_cat?post=1160"},{"taxonomy":"product_tag","embeddable":true,"href":"https:\/\/shinemusicrental.com\/es\/wp-json\/wp\/v2\/product_tag?post=1160"}],"curies":[{"name":"wp","href":"https:\/\/api.w.org\/{rel}","templated":true}]}}