{"id":1136,"date":"2022-10-20T12:53:09","date_gmt":"2022-10-20T10:53:09","guid":{"rendered":"http:\/\/www.shinemusicrental.com\/product\/carmen-y-10-guitarra-1-2-para-ninos\/"},"modified":"2024-04-08T17:24:44","modified_gmt":"2024-04-08T15:24:44","slug":"carmen-y-10-1-2-guitarra-para-ninos","status":"publish","type":"product","link":"https:\/\/shinemusicrental.com\/es\/product\/carmen-y-10-1-2-guitarra-para-ninos\/","title":{"rendered":"Carmen Y-10 Guitarra 1\/2 para Ni\u00f1os"},"content":{"rendered":"<p>La Guitarra Cl\u00e1sica Infantil Carmen Y-10 de 1\/2 es un instrumento de alta calidad que es perfecto para j\u00f3venes aprendices. Esta guitarra cuenta con una construcci\u00f3n liviana, lo que la hace f\u00e1cil de manejar y tocar por largos per\u00edodos de tiempo. El cuerpo est\u00e1 hecho de madera de tilo, con un acabado natural que le da un aspecto cl\u00e1sico. El m\u00e1stil est\u00e1 hecho de madera de arce, con un diapas\u00f3n de palisandro que proporciona una superficie de juego suave.<\/p>\n<p>El Y-10 produce un sonido brillante y claro, gracias a sus cuerdas de nylon y su tapa de abeto. Es una excelente opci\u00f3n para principiantes que reci\u00e9n comienzan a aprender lo b\u00e1sico de tocar la guitarra. La guitarra tambi\u00e9n est\u00e1 disponible para alquilar, lo que la convierte en una opci\u00f3n rentable para las familias que desean introducir a sus hijos en la m\u00fasica.<\/p>\n<p>Tocar la Guitarra Cl\u00e1sica Infantil Carmen Y-10 de 1\/2 es como dar un paseo por un prado, con su sonido dulce y animado resonando como una brisa suave. Alquile una guitarra para su hijo, como la Carmen Y-10, y observe la alegr\u00eda de hacer m\u00fasica.<\/p>\n","protected":false},"excerpt":{"rendered":"<p><strong>Dep\u00f3sito: \u20ac30<\/strong><\/p>\n<div id=\"gtx-trans\" style=\"position: absolute; left: 67px; top: -10.6667px;\">\n<div class=\"gtx-trans-icon\"><\/div>\n<\/div>\n","protected":false},"featured_media":1135,"comment_status":"open","ping_status":"closed","template":"","meta":{"_acf_changed":false,"content-type":""},"product_brand":[],"product_cat":[177,193,191],"product_tag":[560,461,584,463,489,591,557,567,569,571,563,617,459,565,559],"class_list":{"0":"post-1136","1":"product","2":"type-product","3":"status-publish","4":"has-post-thumbnail","6":"product_cat-guitarras-y-bajos","7":"product_cat-guitarras-clasicas","8":"product_cat-guitarra-para-ninos","9":"product_tag-alquiler-de-instrumentos-es","10":"product_tag-alquiler-de-instrumentos","11":"product_tag-alquiler-de-instrumentos-es-2","12":"product_tag-alquiler-de-instrumentos-barcelona","13":"product_tag-alquiler-de-instrumentos-barcelona-es","14":"product_tag-alquiler-de-instrumentos-espana-es","15":"product_tag-alquiler-de-instrumentos-espana","16":"product_tag-guitarra","17":"product_tag-guitarra-barcelona","18":"product_tag-guitarra-de-alquiler","19":"product_tag-guitarra-espana","20":"product_tag-guitarra-para-ninos","21":"product_tag-guitarras","22":"product_tag-guitarras-es","23":"product_tag-instrumentos-de-contratacion","25":"first","26":"instock","27":"sold-individually","28":"shipping-taxable","29":"purchasable","30":"product-type-booking"},"booking_location":"","booking_location_type":"","booking_duration":1,"booking_duration_unit":"day","booking_buffer":0,"booking_cost":0,"booking_resources":[],"exclude_global_add_ons":false,"addons":[{"name":"Dep\u00f3sito","type":"checkbox","position":0,"required":false,"title_format":"hide","default":"","description_enable":false,"description":"","placeholder_enable":false,"placeholder":"","display":"select","restrictions_type":"any_text","adjust_price":false,"price":"","price_type":"flat_fee","restrictions":false,"min":"0","max":"0","options":[{"label":"Dep\u00f3sito","price":"30","price_type":"flat_fee","image":0,"visibility":true}]},{"name":"Guitarras Cl\u00e1sicas","type":"checkbox","position":0,"required":false,"title_format":"label","default":"","description_enable":false,"description":"","placeholder_enable":false,"placeholder":"","display":"select","restrictions_type":"any_text","adjust_price":false,"price":"","price_type":"flat_fee","restrictions":false,"min":"0","max":"0","options":[{"label":"Afinador","price":"5.00","price_type":"quantity_based","image":0,"visibility":true},{"label":"Apoyapi\u00e9s para Guitarra de Calidad","price":"9.00","price_type":"quantity_based","image":0,"visibility":true},{"label":"Apoyapi\u00e9s para Guitarra Est\u00e1ndar","price":"5.00","price_type":"quantity_based","image":0,"visibility":true},{"label":"Atril de Calidad","price":"9.00","price_type":"quantity_based","image":0,"visibility":true},{"label":"Atril","price":"5.00","price_type":"quantity_based","image":0,"visibility":true},{"label":"Capo - Guitarra Cl\u00e1sica","price":"5.00","price_type":"quantity_based","image":0,"visibility":true},{"label":"P\u00faa de Calidad","price":"2.00","price_type":"quantity_based","image":0,"visibility":true},{"label":"P\u00faa Est\u00e1ndar","price":"1.00","price_type":"quantity_based","image":0,"visibility":true}]}],"acf":{"set_to_be_sold":false,"sale_description":"","sale_price":""},"_links":{"self":[{"href":"https:\/\/shinemusicrental.com\/es\/wp-json\/wp\/v2\/product\/1136","targetHints":{"allow":["GET"]}}],"collection":[{"href":"https:\/\/shinemusicrental.com\/es\/wp-json\/wp\/v2\/product"}],"about":[{"href":"https:\/\/shinemusicrental.com\/es\/wp-json\/wp\/v2\/types\/product"}],"replies":[{"embeddable":true,"href":"https:\/\/shinemusicrental.com\/es\/wp-json\/wp\/v2\/comments?post=1136"}],"wp:featuredmedia":[{"embeddable":true,"href":"https:\/\/shinemusicrental.com\/es\/wp-json\/wp\/v2\/media\/1135"}],"wp:attachment":[{"href":"https:\/\/shinemusicrental.com\/es\/wp-json\/wp\/v2\/media?parent=1136"}],"wp:term":[{"taxonomy":"product_brand","embeddable":true,"href":"https:\/\/shinemusicrental.com\/es\/wp-json\/wp\/v2\/product_brand?post=1136"},{"taxonomy":"product_cat","embeddable":true,"href":"https:\/\/shinemusicrental.com\/es\/wp-json\/wp\/v2\/product_cat?post=1136"},{"taxonomy":"product_tag","embeddable":true,"href":"https:\/\/shinemusicrental.com\/es\/wp-json\/wp\/v2\/product_tag?post=1136"}],"curies":[{"name":"wp","href":"https:\/\/api.w.org\/{rel}","templated":true}]}}