{"id":1130,"date":"2022-10-20T12:48:19","date_gmt":"2022-10-20T10:48:19","guid":{"rendered":"http:\/\/www.shinemusicrental.com\/product\/ibanez-v50njp-nt-guitarra-acustica\/"},"modified":"2023-03-09T16:04:08","modified_gmt":"2023-03-09T15:04:08","slug":"ibanez-v50njp-nt-guitarra-acustica","status":"publish","type":"product","link":"https:\/\/shinemusicrental.com\/es\/product\/ibanez-v50njp-nt-guitarra-acustica\/","title":{"rendered":"Ibanez V50NJP NT Guitarra Ac\u00fastica"},"content":{"rendered":"<p>La guitarra ac\u00fastica Ibanez V50NJP NT, un instrumento musical altamente confiable y asequible, es muy adecuada para m\u00fasicos novatos e intermedios. Su estructura de cuerpo es del tipo dreadnought y tiene una tapa de abeto que produce un sonido equilibrado y armonioso que es claro y c\u00e1lido al mismo tiempo. La caoba utilizada en la parte trasera y los costados de la guitarra le proporciona una construcci\u00f3n robusta y duradera que puede resistir el uso frecuente sin sufrir da\u00f1os.<\/p>\n<p>Esta guitarra en particular tiene un diapas\u00f3n de palisandro con 20 trastes, junto con afinadores de fundici\u00f3n cromados que brindan una afinaci\u00f3n altamente estable y precisa. La bolsa de concierto, el afinador crom\u00e1tico, la correa para la guitarra, las p\u00faas y la bolsa de accesorios est\u00e1n incluidos como parte del paquete.<\/p>\n<p>Aquellos que dudan en comprometerse a comprar una guitarra encontrar\u00e1n que la Ibanez V50NJP NT est\u00e1 disponible para alquilar. Tocar esta guitarra es similar a dar un paseo tranquilo en un parque sereno, donde cada nota producida resuena con la tranquilidad de la naturaleza, produciendo una melod\u00eda armoniosa que es agradable para los o\u00eddos. Debido a su excelente calidad de sonido y precios razonables, esta guitarra es una opci\u00f3n ideal para cualquiera que busque alquilar una guitarra ac\u00fastica.<\/p>\n","protected":false},"excerpt":{"rendered":"<p><strong>Dep\u00f3sito: \u20ac40<\/strong><\/p>\n<div id=\"gtx-trans\" style=\"position: absolute; left: 72px; top: 38.3333px;\">\n<div class=\"gtx-trans-icon\"><\/div>\n<\/div>\n","protected":false},"featured_media":1129,"comment_status":"open","ping_status":"closed","template":"","meta":{"_acf_changed":false,"content-type":""},"product_brand":[],"product_cat":[177,181],"product_tag":[560,461,584,463,489,591,557,567,817,569,571,563,459,565,655,559],"class_list":{"0":"post-1130","1":"product","2":"type-product","3":"status-publish","4":"has-post-thumbnail","6":"product_cat-guitarras-y-bajos","7":"product_cat-guitarras-acusticas","8":"product_tag-alquiler-de-instrumentos-es","9":"product_tag-alquiler-de-instrumentos","10":"product_tag-alquiler-de-instrumentos-es-2","11":"product_tag-alquiler-de-instrumentos-barcelona","12":"product_tag-alquiler-de-instrumentos-barcelona-es","13":"product_tag-alquiler-de-instrumentos-espana-es","14":"product_tag-alquiler-de-instrumentos-espana","15":"product_tag-guitarra","16":"product_tag-guitarra-acustica","17":"product_tag-guitarra-barcelona","18":"product_tag-guitarra-de-alquiler","19":"product_tag-guitarra-espana","20":"product_tag-guitarras","21":"product_tag-guitarras-es","22":"product_tag-ibanez-es","23":"product_tag-instrumentos-de-contratacion","25":"first","26":"instock","27":"sold-individually","28":"shipping-taxable","29":"purchasable","30":"product-type-booking"},"booking_location":"","booking_location_type":"","booking_duration":1,"booking_duration_unit":"day","booking_buffer":0,"booking_cost":0,"booking_resources":[],"exclude_global_add_ons":false,"addons":[{"name":"Dep\u00f3sito","type":"checkbox","position":0,"required":false,"title_format":"hide","default":"","description_enable":false,"description":"","placeholder_enable":false,"placeholder":"","display":"select","restrictions_type":"any_text","adjust_price":false,"price":"","price_type":"flat_fee","restrictions":false,"min":"0","max":"0","options":[{"label":"Dep\u00f3sito","price":"40","price_type":"flat_fee","image":0,"visibility":true}]},{"name":"Guitarras Ac\u00fasticas","type":"checkbox","position":0,"required":false,"title_format":"label","default":"","description_enable":false,"description":"","placeholder_enable":false,"placeholder":"","display":"select","restrictions_type":"any_text","adjust_price":false,"price":"","price_type":"flat_fee","restrictions":false,"min":"0","max":"0","options":[{"label":"Cable de Instrumento Jack 1\/4","price":"5.00","price_type":"quantity_based","image":0,"visibility":true},{"label":"P\u00faa de Calidad","price":"2.00","price_type":"quantity_based","image":0,"visibility":true},{"label":"P\u00faa Est\u00e1ndar","price":"1.00","price_type":"quantity_based","image":0,"visibility":true},{"label":"Correa","price":"5.00","price_type":"quantity_based","image":0,"visibility":true},{"label":"Capo","price":"5.00","price_type":"quantity_based","image":0,"visibility":true},{"label":"Afinador","price":"5.00","price_type":"quantity_based","image":0,"visibility":true},{"label":"Atril de Calidad","price":"9.00","price_type":"quantity_based","image":0,"visibility":true},{"label":"Atril","price":"5.00","price_type":"quantity_based","image":0,"visibility":true}]}],"acf":{"set_to_be_sold":false,"sale_description":"","sale_price":""},"_links":{"self":[{"href":"https:\/\/shinemusicrental.com\/es\/wp-json\/wp\/v2\/product\/1130","targetHints":{"allow":["GET"]}}],"collection":[{"href":"https:\/\/shinemusicrental.com\/es\/wp-json\/wp\/v2\/product"}],"about":[{"href":"https:\/\/shinemusicrental.com\/es\/wp-json\/wp\/v2\/types\/product"}],"replies":[{"embeddable":true,"href":"https:\/\/shinemusicrental.com\/es\/wp-json\/wp\/v2\/comments?post=1130"}],"wp:featuredmedia":[{"embeddable":true,"href":"https:\/\/shinemusicrental.com\/es\/wp-json\/wp\/v2\/media\/1129"}],"wp:attachment":[{"href":"https:\/\/shinemusicrental.com\/es\/wp-json\/wp\/v2\/media?parent=1130"}],"wp:term":[{"taxonomy":"product_brand","embeddable":true,"href":"https:\/\/shinemusicrental.com\/es\/wp-json\/wp\/v2\/product_brand?post=1130"},{"taxonomy":"product_cat","embeddable":true,"href":"https:\/\/shinemusicrental.com\/es\/wp-json\/wp\/v2\/product_cat?post=1130"},{"taxonomy":"product_tag","embeddable":true,"href":"https:\/\/shinemusicrental.com\/es\/wp-json\/wp\/v2\/product_tag?post=1130"}],"curies":[{"name":"wp","href":"https:\/\/api.w.org\/{rel}","templated":true}]}}