{"id":1123,"date":"2022-10-20T12:16:33","date_gmt":"2022-10-20T10:16:33","guid":{"rendered":"http:\/\/www.shinemusicrental.com\/product\/kala-makala-ukelele-baritono\/"},"modified":"2024-04-08T17:21:21","modified_gmt":"2024-04-08T15:21:21","slug":"kala-makala-ukelele-baritono","status":"publish","type":"product","link":"https:\/\/shinemusicrental.com\/es\/product\/kala-makala-ukelele-baritono\/","title":{"rendered":"Kala Makala Ukulele Bar\u00edtono"},"content":{"rendered":"<p>El ukelele bar\u00edtono Kala Makala es una excelente opci\u00f3n tanto para principiantes como para m\u00fasicos intermedios. Su sonido c\u00e1lido y su facilidad para tocar lo hacen un modelo popular en el mundo del ukelele.<\/p>\n<p>El Makala Bar\u00edtono tiene un m\u00e1stil de caoba, un diapas\u00f3n de palisandro y un acabado satinado que le dan un aspecto cl\u00e1sico y elegante. Sus 18 trastes de lat\u00f3n y una longitud de escala de 20.25 pulgadas lo hacen f\u00e1cil para tocar acordes y melod\u00edas complejas.<\/p>\n<p>Alquilar un ukelele como el Kala Makala Baritone es una forma econ\u00f3mica de experimentar la alegr\u00eda de tocar este instrumento divertido y vers\u00e1til sin comprometerse con una compra. Tambi\u00e9n es una excelente opci\u00f3n para aquellos que desean probar diferentes modelos de ukelele antes de tomar una decisi\u00f3n final.<\/p>\n<p>Tocar el ukelele Makala Baritone es como dar un relajante paseo por una soleada playa. Su sonido es como las suaves olas del oc\u00e9ano que calman el alma y traen paz a la mente.<\/p>\n","protected":false},"excerpt":{"rendered":"<p><strong>Dep\u00f3sito: \u20ac40<\/strong><\/p>\n<div id=\"gtx-trans\" style=\"position: absolute; left: -77px; top: -10.7539px;\">\n<div class=\"gtx-trans-icon\"><\/div>\n<\/div>\n","protected":false},"featured_media":1119,"comment_status":"open","ping_status":"closed","template":"","meta":{"_acf_changed":false,"content-type":""},"product_brand":[],"product_cat":[177,209],"product_tag":[560,461,584,463,489,591,557,814,559,688,692,694],"class_list":{"0":"post-1123","1":"product","2":"type-product","3":"status-publish","4":"has-post-thumbnail","6":"product_cat-guitarras-y-bajos","7":"product_cat-ukeleles-es","8":"product_tag-alquiler-de-instrumentos-es","9":"product_tag-alquiler-de-instrumentos","10":"product_tag-alquiler-de-instrumentos-es-2","11":"product_tag-alquiler-de-instrumentos-barcelona","12":"product_tag-alquiler-de-instrumentos-barcelona-es","13":"product_tag-alquiler-de-instrumentos-espana-es","14":"product_tag-alquiler-de-instrumentos-espana","15":"product_tag-baritono","16":"product_tag-instrumentos-de-contratacion","17":"product_tag-kala-makala-es","18":"product_tag-ukelele-es","19":"product_tag-ukelele-de-alquiler","21":"first","22":"instock","23":"sold-individually","24":"shipping-taxable","25":"purchasable","26":"product-type-booking"},"booking_location":"","booking_location_type":"","booking_duration":1,"booking_duration_unit":"day","booking_buffer":0,"booking_cost":0,"booking_resources":[],"exclude_global_add_ons":false,"addons":[{"name":"Dep\u00f3sito","type":"checkbox","position":0,"required":false,"title_format":"hide","default":"","description_enable":false,"description":"","placeholder_enable":false,"placeholder":"","display":"select","restrictions_type":"any_text","adjust_price":false,"price":"","price_type":"flat_fee","restrictions":false,"min":"0","max":"0","options":[{"label":"Dep\u00f3sito","price":"40","price_type":"flat_fee","image":0,"visibility":true}]}],"acf":{"set_to_be_sold":false,"sale_description":"","sale_price":""},"_links":{"self":[{"href":"https:\/\/shinemusicrental.com\/es\/wp-json\/wp\/v2\/product\/1123","targetHints":{"allow":["GET"]}}],"collection":[{"href":"https:\/\/shinemusicrental.com\/es\/wp-json\/wp\/v2\/product"}],"about":[{"href":"https:\/\/shinemusicrental.com\/es\/wp-json\/wp\/v2\/types\/product"}],"replies":[{"embeddable":true,"href":"https:\/\/shinemusicrental.com\/es\/wp-json\/wp\/v2\/comments?post=1123"}],"wp:featuredmedia":[{"embeddable":true,"href":"https:\/\/shinemusicrental.com\/es\/wp-json\/wp\/v2\/media\/1119"}],"wp:attachment":[{"href":"https:\/\/shinemusicrental.com\/es\/wp-json\/wp\/v2\/media?parent=1123"}],"wp:term":[{"taxonomy":"product_brand","embeddable":true,"href":"https:\/\/shinemusicrental.com\/es\/wp-json\/wp\/v2\/product_brand?post=1123"},{"taxonomy":"product_cat","embeddable":true,"href":"https:\/\/shinemusicrental.com\/es\/wp-json\/wp\/v2\/product_cat?post=1123"},{"taxonomy":"product_tag","embeddable":true,"href":"https:\/\/shinemusicrental.com\/es\/wp-json\/wp\/v2\/product_tag?post=1123"}],"curies":[{"name":"wp","href":"https:\/\/api.w.org\/{rel}","templated":true}]}}