{"id":1114,"date":"2022-10-20T12:02:42","date_gmt":"2022-10-20T10:02:42","guid":{"rendered":"http:\/\/www.shinemusicrental.com\/product\/acordeon-guerrini-superluxe\/"},"modified":"2024-04-08T17:14:35","modified_gmt":"2024-04-08T15:14:35","slug":"guerrini-superluxe-acordeon","status":"publish","type":"product","link":"https:\/\/shinemusicrental.com\/es\/product\/guerrini-superluxe-acordeon\/","title":{"rendered":"Acorde\u00f3n Guerrini SuperLuxe"},"content":{"rendered":"<p>El acorde\u00f3n Guerrini SuperLuxe es un instrumento de alta calidad apto para m\u00fasicos profesionales y avanzados. Su calidad de sonido superior y dise\u00f1o impecable lo convierten en un modelo de acorde\u00f3n muy codiciado.<\/p>\n<p>El SuperLuxe cuenta con un teclado de agudos de 41 botones y 120 botones de bajo, ofreciendo una amplia gama de notas y acordes para tocar. Las leng\u00fcetas est\u00e1n hechas de acero de alta calidad y acabadas a mano con perfecci\u00f3n, lo que garantiza un sonido claro y potente capaz de llenar cualquier sala.<\/p>\n<p>Alquilar un acorde\u00f3n como el Guerrini SuperLuxe es una excelente opci\u00f3n para los m\u00fasicos que desean experimentar el m\u00e1s alto nivel de calidad y artesan\u00eda sin comprometerse a una compra. Tambi\u00e9n es ideal para aquellos que desean probar diferentes modelos de acordeones antes de tomar una decisi\u00f3n final.<\/p>\n<p>Tocar el acorde\u00f3n SuperLuxe es como tener una herramienta poderosa que permite al m\u00fasico expresar sus emociones a trav\u00e9s de la m\u00fasica. Su sonido es como un hechizo m\u00e1gico que cautiva al p\u00fablico y los deja hipnotizados.<\/p>\n","protected":false},"excerpt":{"rendered":"<p><strong>Dep\u00f3sito: \u20ac280<\/strong><\/p>\n<div id=\"gtx-trans\" style=\"position: absolute; left: 76px; top: -10.7539px;\">\n<div class=\"gtx-trans-icon\"><\/div>\n<\/div>\n","protected":false},"featured_media":1110,"comment_status":"open","ping_status":"closed","template":"","meta":{"_acf_changed":false,"content-type":""},"product_brand":[],"product_cat":[116,211],"product_tag":[809,810,661,461,560,584,463,489,591,557,559,477,480,487,481,483,485],"class_list":{"0":"post-1114","1":"product","2":"type-product","3":"status-publish","4":"has-post-thumbnail","6":"product_cat-instrumentos-de-teclado","7":"product_cat-acordeones","8":"product_tag-acordeon","9":"product_tag-acordeon-de-alquiler","10":"product_tag-alquilar-piano-digital","11":"product_tag-alquiler-de-instrumentos","12":"product_tag-alquiler-de-instrumentos-es","13":"product_tag-alquiler-de-instrumentos-es-2","14":"product_tag-alquiler-de-instrumentos-barcelona","15":"product_tag-alquiler-de-instrumentos-barcelona-es","16":"product_tag-alquiler-de-instrumentos-espana-es","17":"product_tag-alquiler-de-instrumentos-espana","18":"product_tag-instrumentos-de-contratacion","19":"product_tag-piano-es-2","20":"product_tag-piano-es-es","21":"product_tag-piano-espana","22":"product_tag-pianos-es","23":"product_tag-pianos-barcelona-es","24":"product_tag-pianos-de-alquiler","26":"first","27":"instock","28":"sold-individually","29":"shipping-taxable","30":"purchasable","31":"product-type-booking"},"booking_location":"","booking_location_type":"","booking_duration":1,"booking_duration_unit":"day","booking_buffer":0,"booking_cost":0,"booking_resources":[],"exclude_global_add_ons":false,"addons":[{"name":"Dep\u00f3sito","type":"checkbox","position":0,"required":false,"title_format":"hide","default":"","description_enable":false,"description":"","placeholder_enable":false,"placeholder":"","display":"select","restrictions_type":"any_text","adjust_price":false,"price":"","price_type":"flat_fee","restrictions":false,"min":"0","max":"0","options":[{"label":"Dep\u00f3sito","price":"280","price_type":"flat_fee","image":0,"visibility":true}]}],"acf":{"set_to_be_sold":false,"sale_description":"","sale_price":""},"_links":{"self":[{"href":"https:\/\/shinemusicrental.com\/es\/wp-json\/wp\/v2\/product\/1114","targetHints":{"allow":["GET"]}}],"collection":[{"href":"https:\/\/shinemusicrental.com\/es\/wp-json\/wp\/v2\/product"}],"about":[{"href":"https:\/\/shinemusicrental.com\/es\/wp-json\/wp\/v2\/types\/product"}],"replies":[{"embeddable":true,"href":"https:\/\/shinemusicrental.com\/es\/wp-json\/wp\/v2\/comments?post=1114"}],"wp:featuredmedia":[{"embeddable":true,"href":"https:\/\/shinemusicrental.com\/es\/wp-json\/wp\/v2\/media\/1110"}],"wp:attachment":[{"href":"https:\/\/shinemusicrental.com\/es\/wp-json\/wp\/v2\/media?parent=1114"}],"wp:term":[{"taxonomy":"product_brand","embeddable":true,"href":"https:\/\/shinemusicrental.com\/es\/wp-json\/wp\/v2\/product_brand?post=1114"},{"taxonomy":"product_cat","embeddable":true,"href":"https:\/\/shinemusicrental.com\/es\/wp-json\/wp\/v2\/product_cat?post=1114"},{"taxonomy":"product_tag","embeddable":true,"href":"https:\/\/shinemusicrental.com\/es\/wp-json\/wp\/v2\/product_tag?post=1114"}],"curies":[{"name":"wp","href":"https:\/\/api.w.org\/{rel}","templated":true}]}}