{"id":1068,"date":"2022-10-20T11:12:02","date_gmt":"2022-10-20T09:12:02","guid":{"rendered":"http:\/\/www.shinemusicrental.com\/product\/set-de-guitarra-electrica-fender-squier-telecaster\/"},"modified":"2024-04-08T16:48:57","modified_gmt":"2024-04-08T14:48:57","slug":"set-de-guitarra-electrica-fender-squier-telecaster","status":"publish","type":"product","link":"https:\/\/shinemusicrental.com\/es\/product\/set-de-guitarra-electrica-fender-squier-telecaster\/","title":{"rendered":"Set de Guitarra El\u00e9ctrica Fender Squier Telecaster"},"content":{"rendered":"<p>Cuando desee una experiencia de guitarra el\u00e9ctrica cl\u00e1sica que se remonta a los d\u00edas de la primera guitarra, entonces no busque m\u00e1s que alquilar el juego de guitarra el\u00e9ctrica Fender Squier Telecaster. Este conjunto incluye una guitarra el\u00e9ctrica de la serie Squier Affinity, con cuerpo de aliso y m\u00e1stil de arce, con escala medio jumbo y 2 bobinas individuales para cuando realmente quieres rockear. Adem\u00e1s, este conjunto viene completo con su propio amplificador de estado s\u00f3lido de salida de 15 vatios que ofrece una calidad de sonido superior para cuando est\u00e1 practicando y actuando. Alquile este conjunto de guitarra el\u00e9ctrica o similar a nuestra muy competitiva tarifa.<\/p>\n<p>Instrument Rental Barcelona es parte de la red de escuelas de Shine School of Music. Ofrecemos una amplia gama de lecciones de m\u00fasica, lugares para la celebraci\u00f3n de eventos, espacios para practicar m\u00fasica y espacios adicionales de trabajo conjunto.<\/p>\n","protected":false},"excerpt":{"rendered":"<p><strong>Dep\u00f3sito: \u20ac140<\/strong><\/p>\n<p>Cuando desee una experiencia de guitarra el\u00e9ctrica cl\u00e1sica que se remonta a los d\u00edas de la primera guitarra, entonces no busque m\u00e1s que alquilar el juego de guitarra el\u00e9ctrica Fender Squier Telecaster.<\/p>\n","protected":false},"featured_media":1062,"comment_status":"open","ping_status":"closed","template":"","meta":{"_acf_changed":false,"content-type":""},"product_brand":[],"product_cat":[177,195],"product_tag":[461,560,584,463,591,557,567,569,571,563,459,565,632,805],"class_list":{"0":"post-1068","1":"product","2":"type-product","3":"status-publish","4":"has-post-thumbnail","6":"product_cat-guitarras-y-bajos","7":"product_cat-guitarras-electricas","8":"product_tag-alquiler-de-instrumentos","9":"product_tag-alquiler-de-instrumentos-es","10":"product_tag-alquiler-de-instrumentos-es-2","11":"product_tag-alquiler-de-instrumentos-barcelona","12":"product_tag-alquiler-de-instrumentos-espana-es","13":"product_tag-alquiler-de-instrumentos-espana","14":"product_tag-guitarra","15":"product_tag-guitarra-barcelona","16":"product_tag-guitarra-de-alquiler","17":"product_tag-guitarra-espana","18":"product_tag-guitarras","19":"product_tag-guitarras-es","20":"product_tag-renting-instruments-barcelona-share-es","21":"product_tag-set-de-guitarra","23":"first","24":"instock","25":"sold-individually","26":"shipping-taxable","27":"purchasable","28":"product-type-booking"},"booking_location":"","booking_location_type":"","booking_duration":1,"booking_duration_unit":"day","booking_buffer":0,"booking_cost":0,"booking_resources":[],"exclude_global_add_ons":false,"addons":[{"name":"Dep\u00f3sito","type":"checkbox","position":0,"required":false,"title_format":"hide","default":"","description_enable":false,"description":"","placeholder_enable":false,"placeholder":"","display":"select","restrictions_type":"any_text","adjust_price":false,"price":"","price_type":"flat_fee","restrictions":false,"min":"0","max":"0","options":[{"label":"Dep\u00f3sito","price":"140","price_type":"flat_fee","image":0,"visibility":true}]},{"name":"Guitarras El\u00e9ctricas","type":"checkbox","position":0,"required":false,"title_format":"label","default":"","description_enable":false,"description":"","placeholder_enable":false,"placeholder":"","display":"select","restrictions_type":"any_text","adjust_price":false,"price":"","price_type":"flat_fee","restrictions":false,"min":"0","max":"0","options":[{"label":"Cable de Instrumento Jack 1\/4","price":"5.00","price_type":"quantity_based","image":0,"visibility":true},{"label":"P\u00faa de Calidad","price":"2.00","price_type":"quantity_based","image":0,"visibility":true},{"label":"P\u00faa Est\u00e1ndar","price":"1.00","price_type":"quantity_based","image":0,"visibility":true},{"label":"Correa","price":"5.00","price_type":"quantity_based","image":0,"visibility":true},{"label":"Capo - Guitarra El\u00e9ctrica","price":"5.00","price_type":"quantity_based","image":0,"visibility":true},{"label":"Afinador","price":"5.00","price_type":"flat_fee","image":0,"visibility":true},{"label":"Atril de Calidad","price":"9.00","price_type":"quantity_based","image":0,"visibility":true},{"label":"Atril","price":"5.00","price_type":"quantity_based","image":0,"visibility":true}]}],"acf":{"set_to_be_sold":false,"sale_description":"","sale_price":""},"_links":{"self":[{"href":"https:\/\/shinemusicrental.com\/es\/wp-json\/wp\/v2\/product\/1068","targetHints":{"allow":["GET"]}}],"collection":[{"href":"https:\/\/shinemusicrental.com\/es\/wp-json\/wp\/v2\/product"}],"about":[{"href":"https:\/\/shinemusicrental.com\/es\/wp-json\/wp\/v2\/types\/product"}],"replies":[{"embeddable":true,"href":"https:\/\/shinemusicrental.com\/es\/wp-json\/wp\/v2\/comments?post=1068"}],"wp:featuredmedia":[{"embeddable":true,"href":"https:\/\/shinemusicrental.com\/es\/wp-json\/wp\/v2\/media\/1062"}],"wp:attachment":[{"href":"https:\/\/shinemusicrental.com\/es\/wp-json\/wp\/v2\/media?parent=1068"}],"wp:term":[{"taxonomy":"product_brand","embeddable":true,"href":"https:\/\/shinemusicrental.com\/es\/wp-json\/wp\/v2\/product_brand?post=1068"},{"taxonomy":"product_cat","embeddable":true,"href":"https:\/\/shinemusicrental.com\/es\/wp-json\/wp\/v2\/product_cat?post=1068"},{"taxonomy":"product_tag","embeddable":true,"href":"https:\/\/shinemusicrental.com\/es\/wp-json\/wp\/v2\/product_tag?post=1068"}],"curies":[{"name":"wp","href":"https:\/\/api.w.org\/{rel}","templated":true}]}}