{"id":10631,"date":"2022-12-07T11:55:44","date_gmt":"2022-12-07T09:55:44","guid":{"rendered":"http:\/\/www.shinemusicrental.com\/product\/long-term-rental-professional-acoustic-piano\/"},"modified":"2022-12-07T17:24:45","modified_gmt":"2022-12-07T15:24:45","slug":"long-term-rental-piano-acustico-profesional","status":"publish","type":"product","link":"https:\/\/shinemusicrental.com\/es\/product\/long-term-rental-piano-acustico-profesional\/","title":{"rendered":"Long Term Rental &#8211; Piano Ac\u00fastico Profesional"},"content":{"rendered":"","protected":false},"excerpt":{"rendered":"<p>Nuestro\u00a0<em>Piano Ac\u00fastico Profesional<\/em> es el Yamaha U1 o similar.<\/p>\n<p>Los alquileres a Largo Plazo\u00a0<strong>se pagan mensualmente<\/strong>\u00a0y tienen una permanencia\u00a0<strong>m\u00ednima de 4 meses<\/strong>. El\u00a0<strong>pago en la p\u00e1gina web reserva el instrumento\u00a0<\/strong>y\u00a0<b>paga por el primer mes de alquiler<\/b><\/p>\n<p>Una vez confirmes tu pedido,\u00a0<strong>uno de nuestros simp\u00e1ticos agentes le contactar\u00e1 en las pr\u00f3ximas 24 horas<\/strong>\u00a0para dejarlo todo listo y confirmado.<\/p>\n<p>\u00bfNecesitas m\u00e1s opciones de Pianos Ac\u00fasticos para Alquiler a Largo Plazo?<\/p>\n<h5><a href=\"http:\/\/www.shinemusicrental.com\/es\/product\/larga-duracion-piano-acustico-de-iniciacion\/\">\u2013 Piano Ac\u00fastico de Iniciaci\u00f3n<\/a><br \/>\n<a href=\"http:\/\/www.shinemusicrental.com\/es\/product\/larga-duracion-piano-acustico-intermedio\/\">\u2013 Piano Ac\u00fastico Intermedio<\/a><br \/>\n\u2013 Piano Ac\u00fastico Profesional \u2013 Actual<\/h5>\n","protected":false},"featured_media":1705,"comment_status":"open","ping_status":"closed","template":"","meta":{"_acf_changed":false,"content-type":""},"product_brand":[],"product_cat":[256,262],"product_tag":[],"class_list":{"0":"post-10631","1":"product","2":"type-product","3":"status-publish","4":"has-post-thumbnail","6":"long_term_tag-pianos-teclados-pianos-digitales","7":"long_term_level-profesional","8":"product_cat-largo-plazo","9":"product_cat-piano-acustico","11":"first","12":"instock","13":"sale","14":"shipping-taxable","15":"purchasable","16":"product-type-simple"},"booking_location":null,"booking_location_type":null,"booking_duration":null,"booking_duration_unit":null,"booking_buffer":null,"booking_cost":null,"booking_resources":null,"exclude_global_add_ons":false,"addons":[{"name":"PIANO","type":"checkbox","position":0,"required":true,"title_format":"label","default":"","description_enable":false,"description":"","placeholder_enable":false,"placeholder":"","display":"select","restrictions_type":"any_text","adjust_price":false,"price":"","price_type":"flat_fee","restrictions":false,"min":"0","max":"0","options":[{"label":"Taburete de Piano de Calidad","price":"25.00","price_type":"quantity_based","image":0,"visibility":true},{"label":"Taburete de Piano Est\u00e1ndar","price":"10.00","price_type":"quantity_based","image":0,"visibility":true}]}],"acf":{"set_to_be_sold":false,"sale_description":"","sale_price":""},"_links":{"self":[{"href":"https:\/\/shinemusicrental.com\/es\/wp-json\/wp\/v2\/product\/10631","targetHints":{"allow":["GET"]}}],"collection":[{"href":"https:\/\/shinemusicrental.com\/es\/wp-json\/wp\/v2\/product"}],"about":[{"href":"https:\/\/shinemusicrental.com\/es\/wp-json\/wp\/v2\/types\/product"}],"replies":[{"embeddable":true,"href":"https:\/\/shinemusicrental.com\/es\/wp-json\/wp\/v2\/comments?post=10631"}],"wp:featuredmedia":[{"embeddable":true,"href":"https:\/\/shinemusicrental.com\/es\/wp-json\/wp\/v2\/media\/1705"}],"wp:attachment":[{"href":"https:\/\/shinemusicrental.com\/es\/wp-json\/wp\/v2\/media?parent=10631"}],"wp:term":[{"taxonomy":"product_brand","embeddable":true,"href":"https:\/\/shinemusicrental.com\/es\/wp-json\/wp\/v2\/product_brand?post=10631"},{"taxonomy":"product_cat","embeddable":true,"href":"https:\/\/shinemusicrental.com\/es\/wp-json\/wp\/v2\/product_cat?post=10631"},{"taxonomy":"product_tag","embeddable":true,"href":"https:\/\/shinemusicrental.com\/es\/wp-json\/wp\/v2\/product_tag?post=10631"}],"curies":[{"name":"wp","href":"https:\/\/api.w.org\/{rel}","templated":true}]}}