{"id":1045,"date":"2022-10-20T10:54:08","date_gmt":"2022-10-20T08:54:08","guid":{"rendered":"http:\/\/www.shinemusicrental.com\/product\/set-de-bajo-electrico-squier-jaguar-de-fender\/"},"modified":"2024-04-26T15:59:02","modified_gmt":"2024-04-26T13:59:02","slug":"set-de-bajo-electrico-squier-jaguar-de-fender","status":"publish","type":"product","link":"https:\/\/shinemusicrental.com\/es\/product\/set-de-bajo-electrico-squier-jaguar-de-fender\/","title":{"rendered":"Set de Bajo El\u00e9ctrico Squier Jaguar de Fender"},"content":{"rendered":"<p>El bajo de Fender, Squier Jaguar, ofrece la versatilidad de una pastilla de puente de bajo de jazz de bobina simple, y una pastilla de bajo de precisi\u00f3n dividida de bobina simple, todo dentro de la comodidad de una escala corta de 30\u2033. Cada pastilla est\u00e1 equipada con un control de volumen independiente, adem\u00e1s del volumen maestro. El m\u00e1stil de arce presenta un perfil en forma de C y un diapas\u00f3n de palisandro de 20 trastes, para un mayor soporte ergon\u00f3mico y una jugabilidad tradicional de estilo vintage. La escala m\u00e1s corta del Jaguar tambi\u00e9n produce un tono m\u00e1s grueso y parecido a una botella dentro del registro inferior donde prosperan los bajistas. Alquile este conjunto de bajo o similar a nuestra muy competitiva tarifa.<\/p>\n<p>Instrument Rental Barcelona es parte de la red de escuelas de Shine School of Music. Ofrecemos una amplia gama de lecciones de m\u00fasica, lugares para la celebraci\u00f3n de eventos, espacios para practicar m\u00fasica y espacios adicionales de trabajo conjunto.<\/p>\n","protected":false},"excerpt":{"rendered":"<p><strong>Dep\u00f3sito: \u20ac140<\/strong><\/p>\n<p>El bajo de Fender, Squier Jaguar, ofrece la versatilidad de una pastilla de puente de bajo de jazz de bobina simple, y una pastilla de bajo de precisi\u00f3n dividida de bobina simple, todo dentro de la comodidad de una escala corta de 30\u2033.<\/p>\n","protected":false},"featured_media":1041,"comment_status":"open","ping_status":"closed","template":"","meta":{"_acf_changed":false,"content-type":""},"product_brand":[],"product_cat":[177,187],"product_tag":[461,560,584,463,591,557,527,531,453,455,529,559,632],"class_list":{"0":"post-1045","1":"product","2":"type-product","3":"status-publish","4":"has-post-thumbnail","6":"product_cat-guitarras-y-bajos","7":"product_cat-bajos-electricos","8":"product_tag-alquiler-de-instrumentos","9":"product_tag-alquiler-de-instrumentos-es","10":"product_tag-alquiler-de-instrumentos-es-2","11":"product_tag-alquiler-de-instrumentos-barcelona","12":"product_tag-alquiler-de-instrumentos-espana-es","13":"product_tag-alquiler-de-instrumentos-espana","14":"product_tag-bajos-barcelona","15":"product_tag-bajos-de-alquiler","16":"product_tag-bajos-electricos","17":"product_tag-bajos-electricos-es","18":"product_tag-bajos-espana","19":"product_tag-instrumentos-de-contratacion","20":"product_tag-renting-instruments-barcelona-share-es","22":"first","23":"instock","24":"sold-individually","25":"shipping-taxable","26":"purchasable","27":"product-type-booking"},"booking_location":"","booking_location_type":"","booking_duration":1,"booking_duration_unit":"day","booking_buffer":0,"booking_cost":0,"booking_resources":[],"exclude_global_add_ons":false,"addons":[{"name":"Dep\u00f3sito","type":"checkbox","position":0,"required":false,"title_format":"hide","default":"","description_enable":false,"description":"","placeholder_enable":false,"placeholder":"","display":"select","restrictions_type":"any_text","adjust_price":false,"price":"","price_type":"flat_fee","restrictions":false,"min":"0","max":"0","options":[{"label":"Dep\u00f3sito","price":"140","price_type":"flat_fee","image":0,"visibility":true}]}],"acf":{"set_to_be_sold":false,"sale_description":"","sale_price":""},"_links":{"self":[{"href":"https:\/\/shinemusicrental.com\/es\/wp-json\/wp\/v2\/product\/1045","targetHints":{"allow":["GET"]}}],"collection":[{"href":"https:\/\/shinemusicrental.com\/es\/wp-json\/wp\/v2\/product"}],"about":[{"href":"https:\/\/shinemusicrental.com\/es\/wp-json\/wp\/v2\/types\/product"}],"replies":[{"embeddable":true,"href":"https:\/\/shinemusicrental.com\/es\/wp-json\/wp\/v2\/comments?post=1045"}],"wp:featuredmedia":[{"embeddable":true,"href":"https:\/\/shinemusicrental.com\/es\/wp-json\/wp\/v2\/media\/1041"}],"wp:attachment":[{"href":"https:\/\/shinemusicrental.com\/es\/wp-json\/wp\/v2\/media?parent=1045"}],"wp:term":[{"taxonomy":"product_brand","embeddable":true,"href":"https:\/\/shinemusicrental.com\/es\/wp-json\/wp\/v2\/product_brand?post=1045"},{"taxonomy":"product_cat","embeddable":true,"href":"https:\/\/shinemusicrental.com\/es\/wp-json\/wp\/v2\/product_cat?post=1045"},{"taxonomy":"product_tag","embeddable":true,"href":"https:\/\/shinemusicrental.com\/es\/wp-json\/wp\/v2\/product_tag?post=1045"}],"curies":[{"name":"wp","href":"https:\/\/api.w.org\/{rel}","templated":true}]}}