{"id":1033,"date":"2022-10-20T10:43:33","date_gmt":"2022-10-20T08:43:33","guid":{"rendered":"http:\/\/www.shinemusicrental.com\/product\/soporte-de-altavoz-gorilla\/"},"modified":"2022-10-20T10:43:33","modified_gmt":"2022-10-20T08:43:33","slug":"soporte-de-altavoz-gorilla","status":"publish","type":"product","link":"https:\/\/shinemusicrental.com\/es\/product\/soporte-de-altavoz-gorilla\/","title":{"rendered":"Soporte de Altavoz Gorilla"},"content":{"rendered":"<p>Este tr\u00edpode de altavoz combina la resistencia de acero con la portabilidad compacta, para satisfacer las necesidades de cualquier m\u00fasico en movimiento. Los postes de 35 mm de di\u00e1metro con conectores superiores coincidir\u00e1n y admitir\u00e1n casi todas las marcas de altavoces de hasta 30 kg de peso. Cada soporte se puede configurar en cuesti\u00f3n de segundos, sin herramientas adicionales o accesorios, y se puede ajustar de forma individual a la altura perfecta para el lugar en cuesti\u00f3n. Cuando no est\u00e1 en uso, el parlante Gorilla se pliega f\u00e1cilmente en su resistente estuche de transporte, con una longitud de tan solo 95.5 cm, para guardarlo f\u00e1cilmente en un armario de estudio o en la camioneta de tu gira. Alquile este kit de soporte de altavoz o similar a nuestra tarifa muy competitiva.<\/p>\n<p>Instrument Rental Barcelona es parte de la red de escuelas de Shine School of Music. Ofrecemos una amplia gama de lecciones de m\u00fasica, lugares para la celebraci\u00f3n de eventos, espacios para practicar m\u00fasica y espacios adicionales de trabajo conjunto.<\/p>\n","protected":false},"excerpt":{"rendered":"<p><strong>Dep\u00f3sito: \u20ac10<\/strong><\/p>\n<p>Este tr\u00edpode de altavoz combina la resistencia de acero con la portabilidad compacta, para satisfacer las necesidades de cualquier m\u00fasico en movimiento.<\/p>\n","protected":false},"featured_media":1026,"comment_status":"open","ping_status":"closed","template":"","meta":{"_acf_changed":false,"content-type":""},"product_brand":[],"product_cat":[331,348],"product_tag":[461,560,584,463,489,591,557,505,507,511,509,513,503,559,802],"class_list":{"0":"post-1033","1":"product","2":"type-product","3":"status-publish","4":"has-post-thumbnail","6":"product_cat-equipos-pa-y-de-audiodifusion","7":"product_cat-soportes-y-accesorios","8":"product_tag-alquiler-de-instrumentos","9":"product_tag-alquiler-de-instrumentos-es","10":"product_tag-alquiler-de-instrumentos-es-2","11":"product_tag-alquiler-de-instrumentos-barcelona","12":"product_tag-alquiler-de-instrumentos-barcelona-es","13":"product_tag-alquiler-de-instrumentos-espana-es","14":"product_tag-alquiler-de-instrumentos-espana","15":"product_tag-equipo-de-estudio","16":"product_tag-equipo-de-estudio-barcelona","17":"product_tag-equipo-de-estudio-de-alquiler","18":"product_tag-equipo-de-estudio-es","19":"product_tag-equipo-de-estudio-espana","20":"product_tag-estudio","21":"product_tag-instrumentos-de-contratacion","22":"product_tag-soportes","24":"first","25":"instock","26":"sold-individually","27":"shipping-taxable","28":"purchasable","29":"product-type-booking"},"booking_location":"","booking_location_type":"","booking_duration":1,"booking_duration_unit":"day","booking_buffer":0,"booking_cost":0,"booking_resources":[],"exclude_global_add_ons":false,"addons":[{"name":"Dep\u00f3sito","type":"checkbox","position":0,"required":false,"title_format":"hide","default":"","description_enable":false,"description":"","placeholder_enable":false,"placeholder":"","display":"select","restrictions_type":"any_text","adjust_price":false,"price":"","price_type":"flat_fee","restrictions":false,"min":"0","max":"0","options":[{"label":"Dep\u00f3sito","price":"10","price_type":"flat_fee","image":0,"visibility":true}]}],"acf":{"set_to_be_sold":false,"sale_description":"","sale_price":""},"_links":{"self":[{"href":"https:\/\/shinemusicrental.com\/es\/wp-json\/wp\/v2\/product\/1033","targetHints":{"allow":["GET"]}}],"collection":[{"href":"https:\/\/shinemusicrental.com\/es\/wp-json\/wp\/v2\/product"}],"about":[{"href":"https:\/\/shinemusicrental.com\/es\/wp-json\/wp\/v2\/types\/product"}],"replies":[{"embeddable":true,"href":"https:\/\/shinemusicrental.com\/es\/wp-json\/wp\/v2\/comments?post=1033"}],"wp:featuredmedia":[{"embeddable":true,"href":"https:\/\/shinemusicrental.com\/es\/wp-json\/wp\/v2\/media\/1026"}],"wp:attachment":[{"href":"https:\/\/shinemusicrental.com\/es\/wp-json\/wp\/v2\/media?parent=1033"}],"wp:term":[{"taxonomy":"product_brand","embeddable":true,"href":"https:\/\/shinemusicrental.com\/es\/wp-json\/wp\/v2\/product_brand?post=1033"},{"taxonomy":"product_cat","embeddable":true,"href":"https:\/\/shinemusicrental.com\/es\/wp-json\/wp\/v2\/product_cat?post=1033"},{"taxonomy":"product_tag","embeddable":true,"href":"https:\/\/shinemusicrental.com\/es\/wp-json\/wp\/v2\/product_tag?post=1033"}],"curies":[{"name":"wp","href":"https:\/\/api.w.org\/{rel}","templated":true}]}}