{"id":1013,"date":"2022-10-20T10:31:20","date_gmt":"2022-10-20T08:31:20","guid":{"rendered":"http:\/\/www.shinemusicrental.com\/product\/set-de-bateria-acustica-tribal\/"},"modified":"2024-04-12T17:41:19","modified_gmt":"2024-04-12T15:41:19","slug":"set-de-bateria-acustica-tribal","status":"publish","type":"product","link":"https:\/\/shinemusicrental.com\/es\/product\/set-de-bateria-acustica-tribal\/","title":{"rendered":"Set de Bater\u00eda Ac\u00fastica Tribal"},"content":{"rendered":"<p>Este kit de bater\u00eda ac\u00fastica intermedia cuenta con un bombo de 22\u00d718 y toms de 12\u2033, 13\u2033 y 16\u2033, todos construidos con arce macizo para una resonancia y redondez de sonido superiores. Las profundas y s\u00f3lidas vibraciones de estos tambores se pueden sentir en el cofre desde un lugar amplio y lleno de gente, incluso con una ac\u00fastica de la habitaci\u00f3n menos que ideal. El color exterior rico y rojo vino se destaca en el escenario, por lo que no pasar\u00e1s desapercibido detr\u00e1s de tus protagonistas de primera l\u00ednea. Los platillos crash y splash, el pedal de bombo, la caja Yamaha SD265A y el asiento est\u00e1n incluidos, por lo que est\u00e1s listo para salir a rockear fuera. Alquile esta bater\u00eda o similar a nuestra muy competitiva tarifa.<\/p>\n<p>Instrument Rental Barcelona es parte de la red de escuelas de Shine School of Music. Ofrecemos una amplia gama de lecciones de m\u00fasica, lugares para la celebraci\u00f3n de eventos, espacios para practicar m\u00fasica y espacios adicionales de trabajo conjunto.<\/p>\n","protected":false},"excerpt":{"rendered":"<p><strong>Dep\u00f3sito: \u20ac320<\/strong><\/p>\n<p>Este kit de bater\u00eda ac\u00fastica intermedia cuenta con un bombo de 22\u00d718 y toms de 12\u2033, 13\u2033 y 16\u2033, todos construidos con arce macizo para una resonancia y redondez de sonido superiores.<\/p>\n","protected":false},"featured_media":1011,"comment_status":"open","ping_status":"closed","template":"","meta":{"_acf_changed":false,"content-type":""},"product_brand":[],"product_cat":[160,163],"product_tag":[560,461,584,463,489,591,557,552,457,543,539,541,537,559,465,468,469,473,472,475],"class_list":{"0":"post-1013","1":"product","2":"type-product","3":"status-publish","4":"has-post-thumbnail","6":"product_cat-baterias-y-percusion","7":"product_cat-baterias-acusticas","8":"product_tag-alquiler-de-instrumentos-es","9":"product_tag-alquiler-de-instrumentos","10":"product_tag-alquiler-de-instrumentos-es-2","11":"product_tag-alquiler-de-instrumentos-barcelona","12":"product_tag-alquiler-de-instrumentos-barcelona-es","13":"product_tag-alquiler-de-instrumentos-espana-es","14":"product_tag-alquiler-de-instrumentos-espana","15":"product_tag-bateria-es","16":"product_tag-baterias","17":"product_tag-baterias-barcelona","18":"product_tag-baterias-de-alquiler","19":"product_tag-baterias-es","20":"product_tag-baterias-espana","21":"product_tag-instrumentos-de-contratacion","22":"product_tag-percusion","23":"product_tag-percusiones","24":"product_tag-percusiones-barcelona","25":"product_tag-percusiones-de-alquiler","26":"product_tag-percusiones-es","27":"product_tag-percusiones-espana","29":"first","30":"instock","31":"sold-individually","32":"shipping-taxable","33":"purchasable","34":"product-type-booking"},"booking_location":"","booking_location_type":"","booking_duration":1,"booking_duration_unit":"day","booking_buffer":0,"booking_cost":0,"booking_resources":[],"exclude_global_add_ons":false,"addons":[{"name":"Dep\u00f3sito","type":"checkbox","position":0,"required":false,"title_format":"hide","default":"","description_enable":false,"description":"","placeholder_enable":false,"placeholder":"","display":"select","restrictions_type":"any_text","adjust_price":false,"price":"","price_type":"flat_fee","restrictions":false,"min":"0","max":"0","options":[{"label":"Dep\u00f3sito","price":"320","price_type":"flat_fee","image":0,"visibility":true}]},{"name":"Todas las Bater\u00edas","type":"checkbox","position":0,"required":false,"title_format":"label","default":"","description_enable":false,"description":"","placeholder_enable":false,"placeholder":"","display":"select","restrictions_type":"any_text","adjust_price":false,"price":"","price_type":"flat_fee","restrictions":false,"min":"0","max":"0","options":[{"label":"Baquetas","price":"6.00","price_type":"quantity_based","image":0,"visibility":true},{"label":"Set de Platillos","price":"48.00","price_type":"quantity_based","image":0,"visibility":true}]}],"acf":{"set_to_be_sold":false,"sale_description":"","sale_price":""},"_links":{"self":[{"href":"https:\/\/shinemusicrental.com\/es\/wp-json\/wp\/v2\/product\/1013","targetHints":{"allow":["GET"]}}],"collection":[{"href":"https:\/\/shinemusicrental.com\/es\/wp-json\/wp\/v2\/product"}],"about":[{"href":"https:\/\/shinemusicrental.com\/es\/wp-json\/wp\/v2\/types\/product"}],"replies":[{"embeddable":true,"href":"https:\/\/shinemusicrental.com\/es\/wp-json\/wp\/v2\/comments?post=1013"}],"wp:featuredmedia":[{"embeddable":true,"href":"https:\/\/shinemusicrental.com\/es\/wp-json\/wp\/v2\/media\/1011"}],"wp:attachment":[{"href":"https:\/\/shinemusicrental.com\/es\/wp-json\/wp\/v2\/media?parent=1013"}],"wp:term":[{"taxonomy":"product_brand","embeddable":true,"href":"https:\/\/shinemusicrental.com\/es\/wp-json\/wp\/v2\/product_brand?post=1013"},{"taxonomy":"product_cat","embeddable":true,"href":"https:\/\/shinemusicrental.com\/es\/wp-json\/wp\/v2\/product_cat?post=1013"},{"taxonomy":"product_tag","embeddable":true,"href":"https:\/\/shinemusicrental.com\/es\/wp-json\/wp\/v2\/product_tag?post=1013"}],"curies":[{"name":"wp","href":"https:\/\/api.w.org\/{rel}","templated":true}]}}