{"id":1006,"date":"2022-10-20T10:24:30","date_gmt":"2022-10-20T08:24:30","guid":{"rendered":"http:\/\/www.shinemusicrental.com\/product\/clarinete-bernard-bcl-511\/"},"modified":"2024-04-08T16:08:50","modified_gmt":"2024-04-08T14:08:50","slug":"clarinete-bernard-bcl-511","status":"publish","type":"product","link":"https:\/\/shinemusicrental.com\/es\/product\/clarinete-bernard-bcl-511\/","title":{"rendered":"Clarinete Bernard BCL-511"},"content":{"rendered":"<p>Este clarinete de estilo antiguo, dif\u00edcil de encontrar, tiene un cuerpo de \u00e9bano real, que produce un sonido inigualable, meloso y con mucho cuerpo. La madera funciona en concierto con llaves plateadas genuinas para un agarre seguro que es agradable al tacto y una alegr\u00eda para jugar. Recomendado para estudiantes avanzados o profesionales con una gran pasi\u00f3n por conectarse con la personalidad de un instrumento \u00fanico. En las manos adecuadas, el cuidado que requiere un clarinete de \u00e9bano ser\u00e1 recompensado con los tonos m\u00e1s claros y suaves. Alquile este clarinete o similar a nuestra muy competitiva tarifa.<\/p>\n<p>Instrument Rental Barcelona es parte de la red de escuelas de Shine School of Music. Ofrecemos una amplia gama de lecciones de m\u00fasica, lugares para la celebraci\u00f3n de eventos, espacios para practicar m\u00fasica y espacios adicionales de trabajo conjunto.<\/p>\n","protected":false},"excerpt":{"rendered":"<p><strong>Dep\u00f3sito: \u20ac250<\/strong><\/p>\n<p>Este clarinete de estilo antiguo, dif\u00edcil de encontrar, tiene un cuerpo de \u00e9bano real, que produce un sonido inigualable, meloso y con mucho cuerpo.<\/p>\n","protected":false},"featured_media":1004,"comment_status":"open","ping_status":"closed","template":"","meta":{"_acf_changed":false,"content-type":""},"product_brand":[],"product_cat":[353,359],"product_tag":[461,560,584,463,489,591,557,746,748,515,559,517,519,523,521,525],"class_list":{"0":"post-1006","1":"product","2":"type-product","3":"status-publish","4":"has-post-thumbnail","6":"product_cat-instrumentos-de-viento","7":"product_cat-clarinetes-es","8":"product_tag-alquiler-de-instrumentos","9":"product_tag-alquiler-de-instrumentos-es","10":"product_tag-alquiler-de-instrumentos-es-2","11":"product_tag-alquiler-de-instrumentos-barcelona","12":"product_tag-alquiler-de-instrumentos-barcelona-es","13":"product_tag-alquiler-de-instrumentos-espana-es","14":"product_tag-alquiler-de-instrumentos-espana","15":"product_tag-clarinete","16":"product_tag-clarinete-de-alquiler","17":"product_tag-instrumento-de-viento","18":"product_tag-instrumentos-de-contratacion","19":"product_tag-instrumentos-de-viento-es","20":"product_tag-instrumentos-de-viento-barcelona","21":"product_tag-instrumentos-de-viento-de-alquiler","22":"product_tag-instrumentos-de-viento-es-es","23":"product_tag-instrumentos-de-viento-espana","25":"first","26":"instock","27":"sold-individually","28":"shipping-taxable","29":"purchasable","30":"product-type-booking"},"booking_location":"","booking_location_type":"","booking_duration":1,"booking_duration_unit":"day","booking_buffer":0,"booking_cost":0,"booking_resources":[],"exclude_global_add_ons":false,"addons":[{"name":"Dep\u00f3sito","type":"checkbox","position":0,"required":false,"title_format":"hide","default":"","description_enable":false,"description":"","placeholder_enable":false,"placeholder":"","display":"select","restrictions_type":"any_text","adjust_price":false,"price":"","price_type":"flat_fee","restrictions":false,"min":"0","max":"0","options":[{"label":"Dep\u00f3sito","price":"250","price_type":"flat_fee","image":0,"visibility":true}]},{"name":"INSTRUMENTOS DE VIENTO (todos)","type":"checkbox","position":0,"required":false,"title_format":"label","default":"","description_enable":false,"description":"","placeholder_enable":false,"placeholder":"","display":"select","restrictions_type":"any_text","adjust_price":false,"price":"","price_type":"flat_fee","restrictions":false,"min":"0","max":"0","options":[{"label":"Leng\u00fceta","price":"5.00","price_type":"quantity_based","image":0,"visibility":true},{"label":"Atril","price":"5.00","price_type":"flat_fee","image":0,"visibility":true},{"label":"Atril de Calidad","price":"9.00","price_type":"flat_fee","image":0,"visibility":true}]}],"acf":{"set_to_be_sold":false,"sale_description":"","sale_price":""},"_links":{"self":[{"href":"https:\/\/shinemusicrental.com\/es\/wp-json\/wp\/v2\/product\/1006","targetHints":{"allow":["GET"]}}],"collection":[{"href":"https:\/\/shinemusicrental.com\/es\/wp-json\/wp\/v2\/product"}],"about":[{"href":"https:\/\/shinemusicrental.com\/es\/wp-json\/wp\/v2\/types\/product"}],"replies":[{"embeddable":true,"href":"https:\/\/shinemusicrental.com\/es\/wp-json\/wp\/v2\/comments?post=1006"}],"wp:featuredmedia":[{"embeddable":true,"href":"https:\/\/shinemusicrental.com\/es\/wp-json\/wp\/v2\/media\/1004"}],"wp:attachment":[{"href":"https:\/\/shinemusicrental.com\/es\/wp-json\/wp\/v2\/media?parent=1006"}],"wp:term":[{"taxonomy":"product_brand","embeddable":true,"href":"https:\/\/shinemusicrental.com\/es\/wp-json\/wp\/v2\/product_brand?post=1006"},{"taxonomy":"product_cat","embeddable":true,"href":"https:\/\/shinemusicrental.com\/es\/wp-json\/wp\/v2\/product_cat?post=1006"},{"taxonomy":"product_tag","embeddable":true,"href":"https:\/\/shinemusicrental.com\/es\/wp-json\/wp\/v2\/product_tag?post=1006"}],"curies":[{"name":"wp","href":"https:\/\/api.w.org\/{rel}","templated":true}]}}