{"id":3218,"date":"2022-11-14T13:35:45","date_gmt":"2022-11-14T11:35:45","guid":{"rendered":"http:\/\/www.shinemusicrental.com\/alquilar-un-bajo-electrico\/"},"modified":"2025-01-14T09:27:12","modified_gmt":"2025-01-14T08:27:12","slug":"alquile-un-bajo-electrico","status":"publish","type":"page","link":"https:\/\/shinemusicrental.com\/es\/alquile-un-bajo-electrico\/","title":{"rendered":"Alquilar un Bajo: Soluciones Econ\u00f3micas para M\u00fasicos"},"content":{"rendered":"<p>Alquilar un bajo el\u00e9ctrico en Barcelona te ofrece acceso a un instrumento de alta calidad para conciertos, grabaciones o pr\u00e1cticas, sin necesidad de compromiso a largo plazo.<\/p>\n","protected":false},"excerpt":{"rendered":"<p>Alquilar un bajo el\u00e9ctrico en Barcelona te ofrece acceso a un instrumento de alta calidad para conciertos, grabaciones o pr\u00e1cticas, [&hellip;]<\/p>\n","protected":false},"author":1,"featured_media":0,"parent":0,"menu_order":0,"comment_status":"closed","ping_status":"closed","template":"page_new_rental_guide.php","meta":{"_acf_changed":false,"content-type":"","footnotes":""},"class_list":["post-3218","page","type-page","status-publish","hentry"],"acf":[],"_links":{"self":[{"href":"https:\/\/shinemusicrental.com\/es\/wp-json\/wp\/v2\/pages\/3218","targetHints":{"allow":["GET"]}}],"collection":[{"href":"https:\/\/shinemusicrental.com\/es\/wp-json\/wp\/v2\/pages"}],"about":[{"href":"https:\/\/shinemusicrental.com\/es\/wp-json\/wp\/v2\/types\/page"}],"author":[{"embeddable":true,"href":"https:\/\/shinemusicrental.com\/es\/wp-json\/wp\/v2\/users\/1"}],"replies":[{"embeddable":true,"href":"https:\/\/shinemusicrental.com\/es\/wp-json\/wp\/v2\/comments?post=3218"}],"version-history":[{"count":8,"href":"https:\/\/shinemusicrental.com\/es\/wp-json\/wp\/v2\/pages\/3218\/revisions"}],"predecessor-version":[{"id":19146,"href":"https:\/\/shinemusicrental.com\/es\/wp-json\/wp\/v2\/pages\/3218\/revisions\/19146"}],"wp:attachment":[{"href":"https:\/\/shinemusicrental.com\/es\/wp-json\/wp\/v2\/media?parent=3218"}],"curies":[{"name":"wp","href":"https:\/\/api.w.org\/{rel}","templated":true}]}}