{"id":3182,"date":"2022-10-19T15:17:41","date_gmt":"2022-10-19T13:17:41","guid":{"rendered":"http:\/\/www.shinemusicrental.com\/alquilar-una-guitarra\/"},"modified":"2025-01-14T09:11:45","modified_gmt":"2025-01-14T08:11:45","slug":"alquilar-una-guitarra","status":"publish","type":"page","link":"https:\/\/shinemusicrental.com\/es\/alquilar-una-guitarra\/","title":{"rendered":"Alquile una guitarra en l\u00ednea | Alquiler de guitarras asequible &#8211; Shine Music Rental"},"content":{"rendered":"<p>Alquilar una Guitarra en Barcelona, Espa\u00f1a. Ofrecemos una gran selecci\u00f3n de guitarras de calidad en alquiler para tu evento, uso privado o pr\u00e1ctica en Barcelona. Instrument Rental Barcelona ofrece alquiler de guitarras ac\u00fasticas, as\u00ed como guitarras cl\u00e1sicas, bajos, guitarras el\u00e9ctricas y guitarras electroac\u00fasticas. Tambi\u00e9n tenemos una selecci\u00f3n de guitarras peque\u00f1as, incluida la din\u00e1mica Guitalele y el popular Ukulele.<\/p>\n","protected":false},"excerpt":{"rendered":"<p>Alquilar una Guitarra en Barcelona, Espa\u00f1a. Ofrecemos una gran selecci\u00f3n de guitarras de calidad en alquiler para tu evento, uso [&hellip;]<\/p>\n","protected":false},"author":1,"featured_media":0,"parent":0,"menu_order":0,"comment_status":"closed","ping_status":"closed","template":"page_new_rental_guide.php","meta":{"_acf_changed":false,"content-type":"","footnotes":""},"class_list":["post-3182","page","type-page","status-publish","hentry"],"acf":[],"_links":{"self":[{"href":"https:\/\/shinemusicrental.com\/es\/wp-json\/wp\/v2\/pages\/3182","targetHints":{"allow":["GET"]}}],"collection":[{"href":"https:\/\/shinemusicrental.com\/es\/wp-json\/wp\/v2\/pages"}],"about":[{"href":"https:\/\/shinemusicrental.com\/es\/wp-json\/wp\/v2\/types\/page"}],"author":[{"embeddable":true,"href":"https:\/\/shinemusicrental.com\/es\/wp-json\/wp\/v2\/users\/1"}],"replies":[{"embeddable":true,"href":"https:\/\/shinemusicrental.com\/es\/wp-json\/wp\/v2\/comments?post=3182"}],"version-history":[{"count":16,"href":"https:\/\/shinemusicrental.com\/es\/wp-json\/wp\/v2\/pages\/3182\/revisions"}],"predecessor-version":[{"id":19145,"href":"https:\/\/shinemusicrental.com\/es\/wp-json\/wp\/v2\/pages\/3182\/revisions\/19145"}],"wp:attachment":[{"href":"https:\/\/shinemusicrental.com\/es\/wp-json\/wp\/v2\/media?parent=3182"}],"curies":[{"name":"wp","href":"https:\/\/api.w.org\/{rel}","templated":true}]}}