{"id":3162,"date":"2022-11-11T15:35:13","date_gmt":"2022-11-11T13:35:13","guid":{"rendered":"http:\/\/www.shinemusicrental.com\/alquilar-violin\/"},"modified":"2025-01-16T20:26:31","modified_gmt":"2025-01-16T19:26:31","slug":"alquiler-de-violin","status":"publish","type":"page","link":"https:\/\/shinemusicrental.com\/es\/alquiler-de-violin\/","title":{"rendered":"Tu Gu\u00eda para Alquilar un Viol\u00edn: Desde Principiantes a Profesionales"},"content":{"rendered":"<p>Alquilar violines en Barcelona es muy f\u00e1cil con Shine Music Rental<\/p>\n<p>Alquilar un viol\u00edn en Barcelona nunca ha sido tan f\u00e1cil ni tan c\u00f3modo gracias a la amplia selecci\u00f3n de Shine Music Rental y a sus servicios amables y flexibles. El viol\u00edn es un instrumento como ning\u00fan otro, conocido por su capacidad de transmitir emociones que van desde la melancol\u00eda profunda hasta la alegr\u00eda vibrante, y que se combina a la perfecci\u00f3n con una variedad de estilos musicales: cl\u00e1sico, folcl\u00f3rico, moderno y m\u00e1s. Ya sea que asista a una boda, act\u00fae en una orquesta o grabe en un estudio, el viol\u00edn puede agregar profundidad y belleza a cualquier ocasi\u00f3n. Shine Music Rental ofrece una amplia gama de violines de alta calidad, de marcas confiables como Knilling, Stentor y Cremona, dise\u00f1ados para capturar la esencia de una tradici\u00f3n centenaria. Alquilar le permite experimentar la magia \u00fanica del viol\u00edn en la inspiradora escena musical de Barcelona sin comprometerse a ser propietario.<\/p>\n<p>Para quienes viajan, alquilar un viol\u00edn a trav\u00e9s de Shine Music Rental ofrece una alternativa ideal a la molestia de transportar su propio instrumento. Los violines pueden ser delicados y las tarifas de seguro para transportar instrumentos valiosos a nivel internacional pueden ser costosas y complejas. Al alquilar localmente, obtiene un viol\u00edn de primera calidad sin el estr\u00e9s de la log\u00edstica del viaje. Para los nuevos m\u00fasicos o aquellos que est\u00e1n tanteando el terreno, alquilar tambi\u00e9n es una opci\u00f3n inteligente. Le brinda la libertad de practicar y explorar el viol\u00edn antes de hacer una gran inversi\u00f3n. El equipo de Shine Music Rental est\u00e1 aqu\u00ed para guiarlo en la b\u00fasqueda del instrumento perfecto, asegurando que su experiencia sea perfecta y gratificante. Con t\u00e9rminos flexibles, opciones de entrega y soporte experto, Shine Music Rental lo ayuda a concentrarse en la alegr\u00eda de hacer m\u00fasica, ya sea para un evento especial, un nuevo proyecto o un viaje personal al encantador mundo de los violines.<\/p>\n","protected":false},"excerpt":{"rendered":"<p>Alquilar violines en Barcelona es muy f\u00e1cil con Shine Music Rental Alquilar un viol\u00edn en Barcelona nunca ha sido tan [&hellip;]<\/p>\n","protected":false},"author":1,"featured_media":0,"parent":0,"menu_order":0,"comment_status":"closed","ping_status":"closed","template":"page_new_rental_guide.php","meta":{"_acf_changed":false,"content-type":"","footnotes":""},"class_list":["post-3162","page","type-page","status-publish","hentry"],"acf":[],"_links":{"self":[{"href":"https:\/\/shinemusicrental.com\/es\/wp-json\/wp\/v2\/pages\/3162","targetHints":{"allow":["GET"]}}],"collection":[{"href":"https:\/\/shinemusicrental.com\/es\/wp-json\/wp\/v2\/pages"}],"about":[{"href":"https:\/\/shinemusicrental.com\/es\/wp-json\/wp\/v2\/types\/page"}],"author":[{"embeddable":true,"href":"https:\/\/shinemusicrental.com\/es\/wp-json\/wp\/v2\/users\/1"}],"replies":[{"embeddable":true,"href":"https:\/\/shinemusicrental.com\/es\/wp-json\/wp\/v2\/comments?post=3162"}],"version-history":[{"count":8,"href":"https:\/\/shinemusicrental.com\/es\/wp-json\/wp\/v2\/pages\/3162\/revisions"}],"predecessor-version":[{"id":19249,"href":"https:\/\/shinemusicrental.com\/es\/wp-json\/wp\/v2\/pages\/3162\/revisions\/19249"}],"wp:attachment":[{"href":"https:\/\/shinemusicrental.com\/es\/wp-json\/wp\/v2\/media?parent=3162"}],"curies":[{"name":"wp","href":"https:\/\/api.w.org\/{rel}","templated":true}]}}