{"id":3147,"date":"2022-11-11T12:38:35","date_gmt":"2022-11-11T10:38:35","guid":{"rendered":"http:\/\/www.shinemusicrental.com\/rent-a-acoustic-guitar\/"},"modified":"2025-01-14T09:29:06","modified_gmt":"2025-01-14T08:29:06","slug":"alquiler-de-guitarra-acustica","status":"publish","type":"page","link":"https:\/\/shinemusicrental.com\/es\/alquiler-de-guitarra-acustica\/","title":{"rendered":"Alquilar una Guitarra Ac\u00fastica: Todo lo Que Necesitas Saber"},"content":{"rendered":"<p>Alquilar una guitarra ac\u00fastica en Barcelona te permite disfrutar de un instrumento de calidad sin compromiso, ideal para conciertos, pr\u00e1cticas o grabaciones.<\/p>\n","protected":false},"excerpt":{"rendered":"<p>Alquilar una guitarra ac\u00fastica en Barcelona te permite disfrutar de un instrumento de calidad sin compromiso, ideal para conciertos, pr\u00e1cticas [&hellip;]<\/p>\n","protected":false},"author":1,"featured_media":0,"parent":0,"menu_order":0,"comment_status":"closed","ping_status":"closed","template":"page_new_rental_guide.php","meta":{"_acf_changed":false,"content-type":"","footnotes":""},"class_list":["post-3147","page","type-page","status-publish","hentry"],"acf":[],"_links":{"self":[{"href":"https:\/\/shinemusicrental.com\/es\/wp-json\/wp\/v2\/pages\/3147","targetHints":{"allow":["GET"]}}],"collection":[{"href":"https:\/\/shinemusicrental.com\/es\/wp-json\/wp\/v2\/pages"}],"about":[{"href":"https:\/\/shinemusicrental.com\/es\/wp-json\/wp\/v2\/types\/page"}],"author":[{"embeddable":true,"href":"https:\/\/shinemusicrental.com\/es\/wp-json\/wp\/v2\/users\/1"}],"replies":[{"embeddable":true,"href":"https:\/\/shinemusicrental.com\/es\/wp-json\/wp\/v2\/comments?post=3147"}],"version-history":[{"count":8,"href":"https:\/\/shinemusicrental.com\/es\/wp-json\/wp\/v2\/pages\/3147\/revisions"}],"predecessor-version":[{"id":19148,"href":"https:\/\/shinemusicrental.com\/es\/wp-json\/wp\/v2\/pages\/3147\/revisions\/19148"}],"wp:attachment":[{"href":"https:\/\/shinemusicrental.com\/es\/wp-json\/wp\/v2\/media?parent=3147"}],"curies":[{"name":"wp","href":"https:\/\/api.w.org\/{rel}","templated":true}]}}