{"id":18745,"date":"2024-11-26T12:48:37","date_gmt":"2024-11-26T11:48:37","guid":{"rendered":"https:\/\/shinemusicrental.com\/?page_id=18745"},"modified":"2025-01-16T20:20:53","modified_gmt":"2025-01-16T19:20:53","slug":"alquilar-una-mandolina","status":"publish","type":"page","link":"https:\/\/shinemusicrental.com\/es\/alquilar-una-mandolina\/","title":{"rendered":"Alquilar una Mandolina: Sonidos Tradicionales al Alcance de Todos"},"content":{"rendered":"<p>Alquilar una mandolina, un bouzouki, un la\u00fad \u00e1rabe, un baglama turco o un oud \u00e1rabe en Barcelona es una forma asequible y c\u00f3moda de experimentar una variedad de instrumentos del mundo sin el compromiso de ser propietario. Estos instrumentos reciben un mantenimiento profesional, lo que garantiza un sonido de alta calidad que mejora cualquier interpretaci\u00f3n. El alquiler tambi\u00e9n te da la flexibilidad de probar diferentes instrumentos y descubrir cu\u00e1l se adapta a tu estilo, ya sea para un <a href=\"https:\/\/shinemusicrental.com\/es\/eventos\/\">evento \u00fanico<\/a>, un viaje o un uso a largo plazo.<\/p>\n<p>La comodidad de la entrega del instrumento y el apoyo de expertos durante todo el proceso de alquiler facilitan la selecci\u00f3n del instrumento adecuado. Con una amplia gama de opciones, que incluyen instrumentos tradicionales y regionales como el baglama turco y el oud \u00e1rabe, el alquiler abre la oportunidad de explorar diversas tradiciones musicales y crear sonidos \u00fanicos.<\/p>\n<p><a href=\"https:\/\/shinemusicschool.es\">Mandolinas para estudiantes y mas&#8230;.<\/a><\/p>\n","protected":false},"excerpt":{"rendered":"<p>Alquilar una mandolina, un bouzouki, un la\u00fad \u00e1rabe, un baglama turco o un oud \u00e1rabe en Barcelona es una forma [&hellip;]<\/p>\n","protected":false},"author":4,"featured_media":0,"parent":0,"menu_order":0,"comment_status":"closed","ping_status":"closed","template":"page_new_rental_guide.php","meta":{"_acf_changed":false,"content-type":"","footnotes":""},"class_list":["post-18745","page","type-page","status-publish","hentry"],"acf":[],"_links":{"self":[{"href":"https:\/\/shinemusicrental.com\/es\/wp-json\/wp\/v2\/pages\/18745","targetHints":{"allow":["GET"]}}],"collection":[{"href":"https:\/\/shinemusicrental.com\/es\/wp-json\/wp\/v2\/pages"}],"about":[{"href":"https:\/\/shinemusicrental.com\/es\/wp-json\/wp\/v2\/types\/page"}],"author":[{"embeddable":true,"href":"https:\/\/shinemusicrental.com\/es\/wp-json\/wp\/v2\/users\/4"}],"replies":[{"embeddable":true,"href":"https:\/\/shinemusicrental.com\/es\/wp-json\/wp\/v2\/comments?post=18745"}],"version-history":[{"count":7,"href":"https:\/\/shinemusicrental.com\/es\/wp-json\/wp\/v2\/pages\/18745\/revisions"}],"predecessor-version":[{"id":19247,"href":"https:\/\/shinemusicrental.com\/es\/wp-json\/wp\/v2\/pages\/18745\/revisions\/19247"}],"wp:attachment":[{"href":"https:\/\/shinemusicrental.com\/es\/wp-json\/wp\/v2\/media?parent=18745"}],"curies":[{"name":"wp","href":"https:\/\/api.w.org\/{rel}","templated":true}]}}