{"id":18740,"date":"2024-11-26T11:51:11","date_gmt":"2024-11-26T10:51:11","guid":{"rendered":"https:\/\/shinemusicrental.com\/rent-a-banjo\/"},"modified":"2025-01-16T20:19:54","modified_gmt":"2025-01-16T19:19:54","slug":"alquilar-un-banjo","status":"publish","type":"page","link":"https:\/\/shinemusicrental.com\/es\/alquilar-un-banjo\/","title":{"rendered":"Todo Sobre Alquilar un Banjo: Inicia tu Viaje Musical"},"content":{"rendered":"<p>Alquilar un banjo en Barcelona ofrece una forma rentable y flexible de disfrutar del encanto distintivo del instrumento, tanto si eres <a href=\"https:\/\/shinemusicschool.es\"><em><strong>un principiante<\/strong><\/em><\/a> ansioso por explorar el bluegrass como un m\u00fasico experimentado que busca a\u00f1adir sus tonos vibrantes a tu interpretaci\u00f3n. El alquiler te permite acceder a instrumentos mantenidos por profesionales y adaptados a tu nivel de habilidad, sin una gran inversi\u00f3n inicial. Desde sesiones de improvisaci\u00f3n locales hasta eventos especiales, un banjo de alquiler te permite experimentar con diferentes modelos, lo que garantiza que tu m\u00fasica resuene con autenticidad y creatividad.<\/p>\n<p>La vibrante <a href=\"https:\/\/shinemusicrental.com\/es\/la-lista-definitiva-de-jam-sessions-en-barcelona\/\">escena musical de Barcelona es el escenario perfecto<\/a> para explorar la versatilidad del banjo. Ya sea que elijas un modelo de 4 cuerdas para jazz o folk irland\u00e9s, uno de <a href=\"https:\/\/shinemusicrental.com\/es\/product\/remo-banjo-de-5-cuerdas\/\">5 cuerdas<\/a> para bluegrass tradicional o un resonador para presentaciones al aire libre, la variedad disponible a trav\u00e9s de los servicios de alquiler atiende a diversos estilos musicales. El alquiler tambi\u00e9n brinda la oportunidad de explorar instrumentos especiales como banjos abiertos, ideales para tonos m\u00e1s suaves, o incluso banjos tenor, ampliando tus horizontes musicales sin comprometerte a una compra.<\/p>\n<p>Adem\u00e1s de la asequibilidad, los servicios de alquiler de banjos enfatizan la conveniencia y el soporte. Los instrumentos se entregan completamente afinados y listos para tocar, lo que lo libera de preocupaciones por el mantenimiento. La orientaci\u00f3n de expertos le garantiza que encontrar\u00e1 el banjo perfecto para <a href=\"https:\/\/shinemusicrental.com\/es\/eventos\/\">sus necesidades<\/a>, y la posibilidad de cambiar de modelo se adapta a sus preferencias cambiantes o al progreso de sus habilidades. Ya sea que est\u00e9 probando las aguas de la m\u00fasica folk o refinando su dominio del bluegrass, alquilar un banjo hace que el viaje sea sencillo, agradable y muy gratificante.<\/p>\n","protected":false},"excerpt":{"rendered":"<p>Alquilar un banjo en Barcelona ofrece una forma rentable y flexible de disfrutar del encanto distintivo del instrumento, tanto si [&hellip;]<\/p>\n","protected":false},"author":4,"featured_media":0,"parent":0,"menu_order":0,"comment_status":"closed","ping_status":"closed","template":"page_new_rental_guide.php","meta":{"_acf_changed":false,"content-type":"","footnotes":""},"class_list":["post-18740","page","type-page","status-publish","hentry"],"acf":[],"_links":{"self":[{"href":"https:\/\/shinemusicrental.com\/es\/wp-json\/wp\/v2\/pages\/18740","targetHints":{"allow":["GET"]}}],"collection":[{"href":"https:\/\/shinemusicrental.com\/es\/wp-json\/wp\/v2\/pages"}],"about":[{"href":"https:\/\/shinemusicrental.com\/es\/wp-json\/wp\/v2\/types\/page"}],"author":[{"embeddable":true,"href":"https:\/\/shinemusicrental.com\/es\/wp-json\/wp\/v2\/users\/4"}],"replies":[{"embeddable":true,"href":"https:\/\/shinemusicrental.com\/es\/wp-json\/wp\/v2\/comments?post=18740"}],"version-history":[{"count":4,"href":"https:\/\/shinemusicrental.com\/es\/wp-json\/wp\/v2\/pages\/18740\/revisions"}],"predecessor-version":[{"id":19246,"href":"https:\/\/shinemusicrental.com\/es\/wp-json\/wp\/v2\/pages\/18740\/revisions\/19246"}],"wp:attachment":[{"href":"https:\/\/shinemusicrental.com\/es\/wp-json\/wp\/v2\/media?parent=18740"}],"curies":[{"name":"wp","href":"https:\/\/api.w.org\/{rel}","templated":true}]}}