{"id":18569,"date":"2024-11-12T14:22:48","date_gmt":"2024-11-12T13:22:48","guid":{"rendered":"https:\/\/shinemusicrental.com\/?page_id=18569"},"modified":"2025-01-20T09:44:17","modified_gmt":"2025-01-20T08:44:17","slug":"alquilar-un-contrabajo","status":"publish","type":"page","link":"https:\/\/shinemusicrental.com\/es\/alquilar-un-contrabajo\/","title":{"rendered":"Alquiler de Contrabajos: Encuentra el Instrumento Perfecto"},"content":{"rendered":"<p>Alquilar contrabajos en Barcelona es f\u00e1cil con Shine Music Rental<\/p>\n<p>Alquilar un contrabajo en Barcelona es ahora sencillo y c\u00f3modo con Shine Music Rental, que ofrece una amplia selecci\u00f3n de contrabajos de alta calidad. Conocido por sus tonos ricos y resonantes, el contrabajo a\u00f1ade una profundidad poderosa a cualquier estilo musical, ya sea jazz, cl\u00e1sico o contempor\u00e1neo. Ya sea que est\u00e9s tocando en un evento, grabando o simplemente explorando tus intereses musicales, Shine Music Rental tiene el instrumento perfecto para ti.<\/p>\n<p>Los m\u00fasicos itinerantes se benefician de la facilidad de alquilar localmente, evitando la molestia de transportar este gran instrumento a nivel internacional. Para principiantes o m\u00fasicos que est\u00e1n probando el contrabajo, el alquiler es una opci\u00f3n ideal que te permite practicar y tocar sin un compromiso a largo plazo. Los t\u00e9rminos flexibles, las opciones de entrega y la orientaci\u00f3n profesional de Shine Music Rental garantizan una experiencia de alquiler fluida, para que puedas concentrarte en crear m\u00fasica inolvidable con el encanto \u00fanico del contrabajo en la vibrante escena de Barcelona.<\/p>\n","protected":false},"excerpt":{"rendered":"<p>Alquilar contrabajos en Barcelona es f\u00e1cil con Shine Music Rental Alquilar un contrabajo en Barcelona es ahora sencillo y c\u00f3modo [&hellip;]<\/p>\n","protected":false},"author":4,"featured_media":0,"parent":0,"menu_order":0,"comment_status":"closed","ping_status":"closed","template":"page_new_rental_guide.php","meta":{"_acf_changed":false,"content-type":"","footnotes":""},"class_list":["post-18569","page","type-page","status-publish","hentry"],"acf":[],"_links":{"self":[{"href":"https:\/\/shinemusicrental.com\/es\/wp-json\/wp\/v2\/pages\/18569","targetHints":{"allow":["GET"]}}],"collection":[{"href":"https:\/\/shinemusicrental.com\/es\/wp-json\/wp\/v2\/pages"}],"about":[{"href":"https:\/\/shinemusicrental.com\/es\/wp-json\/wp\/v2\/types\/page"}],"author":[{"embeddable":true,"href":"https:\/\/shinemusicrental.com\/es\/wp-json\/wp\/v2\/users\/4"}],"replies":[{"embeddable":true,"href":"https:\/\/shinemusicrental.com\/es\/wp-json\/wp\/v2\/comments?post=18569"}],"version-history":[{"count":4,"href":"https:\/\/shinemusicrental.com\/es\/wp-json\/wp\/v2\/pages\/18569\/revisions"}],"predecessor-version":[{"id":19287,"href":"https:\/\/shinemusicrental.com\/es\/wp-json\/wp\/v2\/pages\/18569\/revisions\/19287"}],"wp:attachment":[{"href":"https:\/\/shinemusicrental.com\/es\/wp-json\/wp\/v2\/media?parent=18569"}],"curies":[{"name":"wp","href":"https:\/\/api.w.org\/{rel}","templated":true}]}}