{"id":18507,"date":"2024-11-08T15:08:14","date_gmt":"2024-11-08T14:08:14","guid":{"rendered":"https:\/\/shinemusicrental.com\/?page_id=18507"},"modified":"2025-01-20T10:05:28","modified_gmt":"2025-01-20T09:05:28","slug":"alquilar-un-saxofon","status":"publish","type":"page","link":"https:\/\/shinemusicrental.com\/es\/alquilar-un-saxofon\/","title":{"rendered":"Alquilar un Saxof\u00f3n: Instrumentos de Viento de Alta Calidad"},"content":{"rendered":"<p>Alquilar un saxof\u00f3n en Shine Music Rental en Barcelona, \u200b\u200bEspa\u00f1a, ofrece a los m\u00fasicos una forma flexible y econ\u00f3mica de acceder a instrumentos de alta calidad para presentaciones, eventos o pr\u00e1cticas. Ya sea que necesite un saxof\u00f3n para un concierto de jazz, un recital cl\u00e1sico o una ocasi\u00f3n especial, Shine Music Rental ofrece una variedad de opciones, desde vers\u00e1tiles saxofones alto y tenor hasta los modelos bar\u00edtono profundos y resonantes. Al alquilarlo, podr\u00e1 experimentar el poder expresivo del saxof\u00f3n sin el compromiso de ser propietario, lo que lo hace perfecto para necesidades a corto plazo o eventos puntuales.<\/p>\n<p>Con Shine Music Rental, disfrutar\u00e1 de un servicio de atenci\u00f3n al cliente excepcional, que incluye asistencia para elegir el modelo de saxof\u00f3n adecuado y gestionar toda la log\u00edstica de mantenimiento y transporte. Este enfoque conveniente le permite concentrarse en su m\u00fasica, con la confianza de que est\u00e1 tocando un instrumento confiable y de primer nivel. Al ofrecer una variedad de saxofones adecuados a diferentes g\u00e9neros y estilos, Shine Music Rental lo ayuda a explorar la gama completa de tonos y texturas del saxof\u00f3n, mejorando su desempe\u00f1o en el din\u00e1mico panorama musical de Espa\u00f1a.<\/p>\n","protected":false},"excerpt":{"rendered":"<p>Alquilar un saxof\u00f3n en Shine Music Rental en Barcelona, \u200b\u200bEspa\u00f1a, ofrece a los m\u00fasicos una forma flexible y econ\u00f3mica de [&hellip;]<\/p>\n","protected":false},"author":4,"featured_media":0,"parent":0,"menu_order":0,"comment_status":"closed","ping_status":"closed","template":"page_new_rental_guide.php","meta":{"_acf_changed":false,"content-type":"","footnotes":""},"class_list":["post-18507","page","type-page","status-publish","hentry"],"acf":[],"_links":{"self":[{"href":"https:\/\/shinemusicrental.com\/es\/wp-json\/wp\/v2\/pages\/18507","targetHints":{"allow":["GET"]}}],"collection":[{"href":"https:\/\/shinemusicrental.com\/es\/wp-json\/wp\/v2\/pages"}],"about":[{"href":"https:\/\/shinemusicrental.com\/es\/wp-json\/wp\/v2\/types\/page"}],"author":[{"embeddable":true,"href":"https:\/\/shinemusicrental.com\/es\/wp-json\/wp\/v2\/users\/4"}],"replies":[{"embeddable":true,"href":"https:\/\/shinemusicrental.com\/es\/wp-json\/wp\/v2\/comments?post=18507"}],"version-history":[{"count":6,"href":"https:\/\/shinemusicrental.com\/es\/wp-json\/wp\/v2\/pages\/18507\/revisions"}],"predecessor-version":[{"id":19293,"href":"https:\/\/shinemusicrental.com\/es\/wp-json\/wp\/v2\/pages\/18507\/revisions\/19293"}],"wp:attachment":[{"href":"https:\/\/shinemusicrental.com\/es\/wp-json\/wp\/v2\/media?parent=18507"}],"curies":[{"name":"wp","href":"https:\/\/api.w.org\/{rel}","templated":true}]}}