{"id":991,"date":"2022-10-19T16:44:24","date_gmt":"2022-10-19T14:44:24","guid":{"rendered":"http:\/\/www.shinemusicrental.com\/product\/set-daltaveus-alto-truesonic-ts312\/"},"modified":"2024-04-22T12:47:01","modified_gmt":"2024-04-22T10:47:01","slug":"set-daltaveus-alto-truesonic-ts312","status":"publish","type":"product","link":"https:\/\/shinemusicrental.com\/ca\/product\/set-daltaveus-alto-truesonic-ts312\/","title":{"rendered":"Set d&#8217;Altaveus Alto Truesonic TS312"},"content":{"rendered":"<p>Aquests altaveus de gabinet d\u2019alta precisi\u00f3 s\u00f3n perfectes per a actuacions professionals quan els altaveus de casa no li serveixin. El disseny trapezo\u00efdal projecta un so m\u00e9s aut\u00e8ntic i prec\u00eds que les cantonades agudes, i amb 800 watts de pot\u00e8ncia m\u00e0xima, no tindr\u00e0 problemes per arribar a l\u2019\u00faltima fila d\u2019una escola, esgl\u00e9sia o un altre auditori mitj\u00e0. Una carcassa de polipropil\u00e8 mant\u00e9 el pes al m\u00ednim per al transport i la configuraci\u00f3, i una forma apilable que s\u2019acomoda les potes de goma antilliscants i antilliscants tamb\u00e9 simplifica l\u2019emmagatzematge. Llogui aquest altaveu o similar a la nostra molt competitiva tarifa.<\/p>\n<p>Instrument Rental Barcelona \u00e9s part de la xarxa d\u2019escoles de Shine School of Music. Oferim una \u00e0mplia gamma de lli\u00e7ons de m\u00fasica, llocs per a la celebraci\u00f3 d\u2019esdeveniments, espais per practicar m\u00fasica i espais addicionals de treball conjunt.<\/p>\n","protected":false},"excerpt":{"rendered":"<p><strong>Dip\u00f2sit: \u20ac270<\/strong><\/p>\n<p>Aquests altaveus de gabinet d\u2019alta precisi\u00f3 s\u00f3n perfectes per a actuacions professionals quan els altaveus de casa no li serveixin.<\/p>\n<div id=\"gtx-trans\" style=\"position: absolute; left: 62px; top: -10.7539px;\">\n<div class=\"gtx-trans-icon\"><\/div>\n<\/div>\n","protected":false},"featured_media":984,"comment_status":"open","ping_status":"closed","template":"","meta":{"_acf_changed":false,"content-type":""},"product_brand":[],"product_cat":[330,346,344],"product_tag":[798,797,800,506,508,512,510,514,504,562,462,590,561,464,490,592,558],"class_list":{"0":"post-991","1":"product","2":"type-product","3":"status-publish","4":"has-post-thumbnail","6":"product_cat-estudi","7":"product_cat-altaveus","8":"product_cat-altaveus-i-sets-de-pa","9":"product_tag-altaveu","10":"product_tag-altaveus-de-lloguer","11":"product_tag-alto-truesonic-ca","12":"product_tag-equip-destudi","13":"product_tag-equip-destudi-barcelona","14":"product_tag-equip-destudi-de-lloguer","15":"product_tag-equip-destudi-es","16":"product_tag-equip-destudi-espanya","17":"product_tag-estudi","18":"product_tag-instruments-de-contractacio","19":"product_tag-lloguer-dinstruments","20":"product_tag-lloguer-dinstruments-ca-2","21":"product_tag-lloguer-dinstruments-ca","22":"product_tag-lloguer-dinstruments-barcelona","23":"product_tag-lloguer-dinstruments-barcelona-ca","24":"product_tag-lloguer-dinstruments-espanya-ca","25":"product_tag-lloguer-dinstruments-espanya","27":"first","28":"instock","29":"sold-individually","30":"shipping-taxable","31":"purchasable","32":"product-type-booking"},"booking_location":"","booking_location_type":"","booking_duration":1,"booking_duration_unit":"day","booking_buffer":0,"booking_cost":0,"booking_resources":[],"exclude_global_add_ons":false,"addons":[{"name":"Dip\u00f2sit","type":"checkbox","position":0,"required":false,"title_format":"hide","default":"","description_enable":false,"description":"","placeholder_enable":false,"placeholder":"","display":"select","restrictions_type":"any_text","adjust_price":false,"price":"","price_type":"flat_fee","restrictions":false,"min":"0","max":"0","options":[{"label":"Dip\u00f2sit","price":"270","price_type":"flat_fee","image":0,"visibility":true}]},{"name":"ALTAVEUS PA","type":"checkbox","position":0,"required":false,"title_format":"label","default":"","description_enable":false,"description":"","placeholder_enable":false,"placeholder":"","display":"select","restrictions_type":"any_text","adjust_price":false,"price":"","price_type":"flat_fee","restrictions":false,"min":"0","max":"0","options":[{"label":"Cable d'Instrument Jack 1\/4","price":"5.00","price_type":"quantity_based","image":0,"visibility":true},{"label":"Cable XLR","price":"5.00","price_type":"quantity_based","image":0,"visibility":true},{"label":"Taula de Mescles (est\u00e0ndard)","price":"55.00","price_type":"quantity_based","image":0,"visibility":true},{"label":"Suport","price":"19.00","price_type":"quantity_based","image":0,"visibility":true},{"label":"DI Box","price":"5","price_type":"quantity_based","image":0,"visibility":true}]}],"acf":{"set_to_be_sold":false,"sale_description":"","sale_price":""},"_links":{"self":[{"href":"https:\/\/shinemusicrental.com\/ca\/wp-json\/wp\/v2\/product\/991","targetHints":{"allow":["GET"]}}],"collection":[{"href":"https:\/\/shinemusicrental.com\/ca\/wp-json\/wp\/v2\/product"}],"about":[{"href":"https:\/\/shinemusicrental.com\/ca\/wp-json\/wp\/v2\/types\/product"}],"replies":[{"embeddable":true,"href":"https:\/\/shinemusicrental.com\/ca\/wp-json\/wp\/v2\/comments?post=991"}],"wp:featuredmedia":[{"embeddable":true,"href":"https:\/\/shinemusicrental.com\/ca\/wp-json\/wp\/v2\/media\/984"}],"wp:attachment":[{"href":"https:\/\/shinemusicrental.com\/ca\/wp-json\/wp\/v2\/media?parent=991"}],"wp:term":[{"taxonomy":"product_brand","embeddable":true,"href":"https:\/\/shinemusicrental.com\/ca\/wp-json\/wp\/v2\/product_brand?post=991"},{"taxonomy":"product_cat","embeddable":true,"href":"https:\/\/shinemusicrental.com\/ca\/wp-json\/wp\/v2\/product_cat?post=991"},{"taxonomy":"product_tag","embeddable":true,"href":"https:\/\/shinemusicrental.com\/ca\/wp-json\/wp\/v2\/product_tag?post=991"}],"curies":[{"name":"wp","href":"https:\/\/api.w.org\/{rel}","templated":true}]}}