{"id":989,"date":"2022-10-19T16:43:42","date_gmt":"2022-10-19T14:43:42","guid":{"rendered":"http:\/\/www.shinemusicrental.com\/product\/clarinet-jupiter-jcl-700n\/"},"modified":"2024-04-08T16:11:58","modified_gmt":"2024-04-08T14:11:58","slug":"clarinet-jupiter-jcl-700n","status":"publish","type":"product","link":"https:\/\/shinemusicrental.com\/ca\/product\/clarinet-jupiter-jcl-700n\/","title":{"rendered":"Clarinet Jupiter JCL-700N"},"content":{"rendered":"<p>Fet de resina ABS duradora, per a una llarga vida sota una tocabilitat rigorosa i dures condicions, el Jupiter JCL-700N \u00e9s el primer instrument perfecte per al clarinetista principiant. Juntament amb els forats de to soscavats per sufocar el flux d\u2019aire, la resina produeix un to clar, receptiu i professional, sense les demandes de manteniment de la fusta. Les tecles niquelades mantenen una aparen\u00e7a i un tacte permanentment polits, i la configuraci\u00f3 de despla\u00e7ament francesa de les tecles de trinats evita que l\u2019acumulaci\u00f3 d\u2019humitat interfereixi amb el so de qualitat. Llogui aquest clarinet o similar a la nostra molt competitiva tarifa.<\/p>\n<p>Instrument Rental Barcelona \u00e9s part de la xarxa d\u2019escoles de Shine School of Music. Oferim una \u00e0mplia gamma de lli\u00e7ons de m\u00fasica, llocs per a la celebraci\u00f3 d\u2019esdeveniments, espais per practicar m\u00fasica i espais addicionals de treball conjunt.<\/p>\n","protected":false},"excerpt":{"rendered":"<p><strong>Dip\u00f2sit: \u20ac140<\/strong><\/p>\n<p>Fet de resina ABS duradora, per a una llarga vida sota una tocabilitat rigorosa i dures condicions, el Jupiter JCL-700N \u00e9s el primer instrument perfecte per al clarinetista principiant.<\/p>\n<div id=\"gtx-trans\" style=\"position: absolute; left: 60px; top: -10.7539px;\">\n<div class=\"gtx-trans-icon\"><\/div>\n<\/div>\n","protected":false},"featured_media":980,"comment_status":"open","ping_status":"closed","template":"","meta":{"_acf_changed":false,"content-type":""},"product_brand":[],"product_cat":[352,358],"product_tag":[747,749,516,562,518,520,524,522,526,462,590,561,464,490,592,558],"class_list":{"0":"post-989","1":"product","2":"type-product","3":"status-publish","4":"has-post-thumbnail","6":"product_cat-instruments-de-vent","7":"product_cat-clarinets-ca-2","8":"product_tag-clarinet-ca","9":"product_tag-clarinet-de-lloguer","10":"product_tag-instrument-de-vent","11":"product_tag-instruments-de-contractacio","12":"product_tag-instruments-de-vent","13":"product_tag-instruments-de-vent-barcelona","14":"product_tag-instruments-de-vent-de-lloguer","15":"product_tag-instruments-de-vent-es","16":"product_tag-instruments-de-vent-espanya","17":"product_tag-lloguer-dinstruments","18":"product_tag-lloguer-dinstruments-ca-2","19":"product_tag-lloguer-dinstruments-ca","20":"product_tag-lloguer-dinstruments-barcelona","21":"product_tag-lloguer-dinstruments-barcelona-ca","22":"product_tag-lloguer-dinstruments-espanya-ca","23":"product_tag-lloguer-dinstruments-espanya","25":"first","26":"instock","27":"sold-individually","28":"shipping-taxable","29":"purchasable","30":"product-type-booking"},"booking_location":"","booking_location_type":"","booking_duration":1,"booking_duration_unit":"day","booking_buffer":0,"booking_cost":0,"booking_resources":[],"exclude_global_add_ons":false,"addons":[{"name":"Dip\u00f2sit","type":"checkbox","position":0,"required":false,"title_format":"hide","default":"","description_enable":false,"description":"","placeholder_enable":false,"placeholder":"","display":"select","restrictions_type":"any_text","adjust_price":false,"price":"","price_type":"flat_fee","restrictions":false,"min":"0","max":"0","options":[{"label":"Dip\u00f2sit","price":"140","price_type":"flat_fee","image":0,"visibility":true}]},{"name":"INSTRUMENTS DE VENT (tots)","type":"checkbox","position":0,"required":false,"title_format":"label","default":"","description_enable":false,"description":"","placeholder_enable":false,"placeholder":"","display":"select","restrictions_type":"any_text","adjust_price":false,"price":"","price_type":"flat_fee","restrictions":false,"min":"0","max":"0","options":[{"label":"Lleng\u00fceta","price":"5.00","price_type":"quantity_based","image":0,"visibility":true},{"label":"Faristol","price":"5.00","price_type":"flat_fee","image":0,"visibility":true},{"label":"Faristol de Qualitat","price":"9.00","price_type":"flat_fee","image":0,"visibility":true}]}],"acf":{"set_to_be_sold":false,"sale_description":"","sale_price":""},"_links":{"self":[{"href":"https:\/\/shinemusicrental.com\/ca\/wp-json\/wp\/v2\/product\/989","targetHints":{"allow":["GET"]}}],"collection":[{"href":"https:\/\/shinemusicrental.com\/ca\/wp-json\/wp\/v2\/product"}],"about":[{"href":"https:\/\/shinemusicrental.com\/ca\/wp-json\/wp\/v2\/types\/product"}],"replies":[{"embeddable":true,"href":"https:\/\/shinemusicrental.com\/ca\/wp-json\/wp\/v2\/comments?post=989"}],"wp:featuredmedia":[{"embeddable":true,"href":"https:\/\/shinemusicrental.com\/ca\/wp-json\/wp\/v2\/media\/980"}],"wp:attachment":[{"href":"https:\/\/shinemusicrental.com\/ca\/wp-json\/wp\/v2\/media?parent=989"}],"wp:term":[{"taxonomy":"product_brand","embeddable":true,"href":"https:\/\/shinemusicrental.com\/ca\/wp-json\/wp\/v2\/product_brand?post=989"},{"taxonomy":"product_cat","embeddable":true,"href":"https:\/\/shinemusicrental.com\/ca\/wp-json\/wp\/v2\/product_cat?post=989"},{"taxonomy":"product_tag","embeddable":true,"href":"https:\/\/shinemusicrental.com\/ca\/wp-json\/wp\/v2\/product_tag?post=989"}],"curies":[{"name":"wp","href":"https:\/\/api.w.org\/{rel}","templated":true}]}}