{"id":952,"date":"2022-10-19T15:58:48","date_gmt":"2022-10-19T13:58:48","guid":{"rendered":"http:\/\/www.shinemusicrental.com\/product\/auriculars-ld-system-ldhp500\/"},"modified":"2022-10-19T15:58:48","modified_gmt":"2022-10-19T13:58:48","slug":"auriculars-ld-system-ldhp500","status":"publish","type":"product","link":"https:\/\/shinemusicrental.com\/ca\/product\/auriculars-ld-system-ldhp500\/","title":{"rendered":"Auriculars LD System LDHP500"},"content":{"rendered":"<p>Els audi\u00f2fons LD System LDHP500 s\u00f3n resistents, lleugers i de gran comoditat per a qualsevol \u201chome studio\u201d. Amb coixinets suaus, diadema ajustable i un disseny tancat, aquests auriculars de 32 ohm ofereixen privacitat, qualitat de so n\u00edtid i capacitats d\u2019alt volum, sense el deteriorament que experimentar\u00e0 amb molts altres auriculars de preu comparable. Llogui aquests auriculars o similar a la nostra molt competitiva tarifa.<\/p>\n<p>Instrument Rental Barcelona \u00e9s part de la xarxa d\u2019escoles de Shine School of Music. Oferim una \u00e0mplia gamma de lli\u00e7ons de m\u00fasica, llocs per a la celebraci\u00f3 d\u2019esdeveniments, espais per practicar m\u00fasica i espais addicionals de treball conjunt.<\/p>\n","protected":false},"excerpt":{"rendered":"<p><strong>Dip\u00f2sit: \u20ac10<\/strong><\/p>\n<p>Els audi\u00f2fons LD System LDHP500 s\u00f3n resistents, lleugers i de gran comoditat per a qualsevol \u201chome studio\u201d.<\/p>\n<div id=\"gtx-trans\" style=\"position: absolute; left: 58px; top: 38.2461px;\">\n<div class=\"gtx-trans-icon\"><\/div>\n<\/div>\n","protected":false},"featured_media":943,"comment_status":"open","ping_status":"closed","template":"","meta":{"_acf_changed":false,"content-type":""},"product_brand":[],"product_cat":[330,336],"product_tag":[782,506,508,512,510,514,504,562,462,590,561,464,490,592,558],"class_list":{"0":"post-952","1":"product","2":"type-product","3":"status-publish","4":"has-post-thumbnail","6":"product_cat-estudi","7":"product_cat-auriculars","8":"product_tag-auriculars","9":"product_tag-equip-destudi","10":"product_tag-equip-destudi-barcelona","11":"product_tag-equip-destudi-de-lloguer","12":"product_tag-equip-destudi-es","13":"product_tag-equip-destudi-espanya","14":"product_tag-estudi","15":"product_tag-instruments-de-contractacio","16":"product_tag-lloguer-dinstruments","17":"product_tag-lloguer-dinstruments-ca-2","18":"product_tag-lloguer-dinstruments-ca","19":"product_tag-lloguer-dinstruments-barcelona","20":"product_tag-lloguer-dinstruments-barcelona-ca","21":"product_tag-lloguer-dinstruments-espanya-ca","22":"product_tag-lloguer-dinstruments-espanya","24":"first","25":"instock","26":"sold-individually","27":"shipping-taxable","28":"purchasable","29":"product-type-booking"},"booking_location":"","booking_location_type":"","booking_duration":1,"booking_duration_unit":"day","booking_buffer":0,"booking_cost":0,"booking_resources":[],"exclude_global_add_ons":false,"addons":[{"name":"Dip\u00f2sit","type":"checkbox","position":0,"required":false,"title_format":"hide","default":"","description_enable":false,"description":"","placeholder_enable":false,"placeholder":"","display":"select","restrictions_type":"any_text","adjust_price":false,"price":"","price_type":"flat_fee","restrictions":false,"min":"0","max":"0","options":[{"label":"Dip\u00f2sit","price":"10","price_type":"flat_fee","image":0,"visibility":true}]}],"acf":{"set_to_be_sold":false,"sale_description":"","sale_price":""},"_links":{"self":[{"href":"https:\/\/shinemusicrental.com\/ca\/wp-json\/wp\/v2\/product\/952","targetHints":{"allow":["GET"]}}],"collection":[{"href":"https:\/\/shinemusicrental.com\/ca\/wp-json\/wp\/v2\/product"}],"about":[{"href":"https:\/\/shinemusicrental.com\/ca\/wp-json\/wp\/v2\/types\/product"}],"replies":[{"embeddable":true,"href":"https:\/\/shinemusicrental.com\/ca\/wp-json\/wp\/v2\/comments?post=952"}],"wp:featuredmedia":[{"embeddable":true,"href":"https:\/\/shinemusicrental.com\/ca\/wp-json\/wp\/v2\/media\/943"}],"wp:attachment":[{"href":"https:\/\/shinemusicrental.com\/ca\/wp-json\/wp\/v2\/media?parent=952"}],"wp:term":[{"taxonomy":"product_brand","embeddable":true,"href":"https:\/\/shinemusicrental.com\/ca\/wp-json\/wp\/v2\/product_brand?post=952"},{"taxonomy":"product_cat","embeddable":true,"href":"https:\/\/shinemusicrental.com\/ca\/wp-json\/wp\/v2\/product_cat?post=952"},{"taxonomy":"product_tag","embeddable":true,"href":"https:\/\/shinemusicrental.com\/ca\/wp-json\/wp\/v2\/product_tag?post=952"}],"curies":[{"name":"wp","href":"https:\/\/api.w.org\/{rel}","templated":true}]}}