{"id":940,"date":"2022-10-19T15:42:17","date_gmt":"2022-10-19T13:42:17","guid":{"rendered":"http:\/\/www.shinemusicrental.com\/product\/guitarra-electroacustica-fender-squire-sa105-ce-sb-sunburst\/"},"modified":"2024-04-08T16:19:07","modified_gmt":"2024-04-08T14:19:07","slug":"guitarra-electroacustica-fender-squire-sa105-ce-sb-sunburst","status":"publish","type":"product","link":"https:\/\/shinemusicrental.com\/ca\/product\/guitarra-electroacustica-fender-squire-sa105-ce-sb-sunburst\/","title":{"rendered":"Guitarra Electroac\u00fastica Fender Squire Sunburst SA105 CE"},"content":{"rendered":"<p>El SA105 CE \u00e9s una guitarra electroac\u00fastica capa\u00e7 de produir tons meravellosament c\u00e0lids amplificats i desendollats. La part posterior i els costats de la ota laminada donen una nitidesa excepcional al to, mentre que una tapa d\u2019avet mass\u00eds ofereix una resson\u00e0ncia suau, especialment en el rang mitj\u00e0. Els trasts d\u2019estil vintage i un pont compensat mantenen l\u2019afinaci\u00f3 perfecta al llarg de l\u2019escala per transicions desenfrenades i improvisaci\u00f3. El preamplificador incl\u00f2s, Fishman ISYS-T, ve a punt per proporcionar un so el\u00e8ctric ajustable en un espai petit, i l\u2019esquema de color Sunburst amb vora negra combina amb la versatilitat cl\u00e0ssica i fresca de l\u2019instrument en si. Llogui aquesta guitarra electroac\u00fastica o similar a la nostra molt competitiva tarifa.<\/p>\n<p>Instrument Rental Barcelona \u00e9s part de la xarxa d\u2019escoles de Shine School of Music. Oferim una \u00e0mplia gamma de lli\u00e7ons de m\u00fasica, llocs per a la celebraci\u00f3 d\u2019esdeveniments, espais per practicar m\u00fasica i espais addicionals de treball conjunt.<\/p>\n","protected":false},"excerpt":{"rendered":"<p><strong>Dip\u00f2sit: \u20ac40<\/strong><\/p>\n<p>El SA105 CE \u00e9s una guitarra electroac\u00fastica capa\u00e7 de produir tons meravellosament c\u00e0lids amplificats i desendollats.<\/p>\n<div id=\"gtx-trans\" style=\"position: absolute; left: -24px; top: -10.7539px;\">\n<div class=\"gtx-trans-icon\"><\/div>\n<\/div>\n","protected":false},"featured_media":934,"comment_status":"open","ping_status":"closed","template":"","meta":{"_acf_changed":false,"content-type":""},"product_brand":[],"product_cat":[176,180],"product_tag":[607,568,570,572,564,460,566,562,561,462,590,464,490,592,558],"class_list":{"0":"post-940","1":"product","2":"type-product","3":"status-publish","4":"has-post-thumbnail","6":"product_cat-guitarres-i-baixos","7":"product_cat-guitarres-acustiques","8":"product_tag-electroacustica","9":"product_tag-guitarra-ca","10":"product_tag-guitarra-barcelona-ca","11":"product_tag-guitarra-de-lloguer","12":"product_tag-guitarra-espanya","13":"product_tag-guitarres","14":"product_tag-guitarres-espanya","15":"product_tag-instruments-de-contractacio","16":"product_tag-lloguer-dinstruments-ca","17":"product_tag-lloguer-dinstruments","18":"product_tag-lloguer-dinstruments-ca-2","19":"product_tag-lloguer-dinstruments-barcelona","20":"product_tag-lloguer-dinstruments-barcelona-ca","21":"product_tag-lloguer-dinstruments-espanya-ca","22":"product_tag-lloguer-dinstruments-espanya","24":"first","25":"instock","26":"sold-individually","27":"shipping-taxable","28":"purchasable","29":"product-type-booking"},"booking_location":"","booking_location_type":"","booking_duration":1,"booking_duration_unit":"day","booking_buffer":0,"booking_cost":0,"booking_resources":[],"exclude_global_add_ons":false,"addons":[{"name":"Dip\u00f2sit","type":"checkbox","position":0,"required":false,"title_format":"hide","default":"","description_enable":false,"description":"","placeholder_enable":false,"placeholder":"","display":"select","restrictions_type":"any_text","adjust_price":false,"price":"","price_type":"flat_fee","restrictions":false,"min":"0","max":"0","options":[{"label":"Dip\u00f2sit","price":"40","price_type":"flat_fee","image":0,"visibility":true}]},{"name":"Guitarres Ac\u00fastiques","type":"checkbox","position":0,"required":false,"title_format":"label","default":"","description_enable":false,"description":"","placeholder_enable":false,"placeholder":"","display":"select","restrictions_type":"any_text","adjust_price":false,"price":"","price_type":"flat_fee","restrictions":false,"min":"0","max":"0","options":[{"label":"Cable d'Instrument Jack 1\/4","price":"5.00","price_type":"quantity_based","image":0,"visibility":true},{"label":"Pua de Qualitat","price":"2.00","price_type":"quantity_based","image":0,"visibility":true},{"label":"Pua Est\u00e0ndard","price":"1.00","price_type":"quantity_based","image":0,"visibility":true},{"label":"Corretja","price":"5.00","price_type":"quantity_based","image":0,"visibility":true},{"label":"Capo","price":"5.00","price_type":"quantity_based","image":0,"visibility":true},{"label":"Afinador","price":"5.00","price_type":"quantity_based","image":0,"visibility":true},{"label":"Faristol de Qualitat","price":"9.00","price_type":"quantity_based","image":0,"visibility":true},{"label":"Faristol","price":"5.00","price_type":"quantity_based","image":0,"visibility":true}]}],"acf":{"set_to_be_sold":false,"sale_description":"","sale_price":""},"_links":{"self":[{"href":"https:\/\/shinemusicrental.com\/ca\/wp-json\/wp\/v2\/product\/940","targetHints":{"allow":["GET"]}}],"collection":[{"href":"https:\/\/shinemusicrental.com\/ca\/wp-json\/wp\/v2\/product"}],"about":[{"href":"https:\/\/shinemusicrental.com\/ca\/wp-json\/wp\/v2\/types\/product"}],"replies":[{"embeddable":true,"href":"https:\/\/shinemusicrental.com\/ca\/wp-json\/wp\/v2\/comments?post=940"}],"wp:featuredmedia":[{"embeddable":true,"href":"https:\/\/shinemusicrental.com\/ca\/wp-json\/wp\/v2\/media\/934"}],"wp:attachment":[{"href":"https:\/\/shinemusicrental.com\/ca\/wp-json\/wp\/v2\/media?parent=940"}],"wp:term":[{"taxonomy":"product_brand","embeddable":true,"href":"https:\/\/shinemusicrental.com\/ca\/wp-json\/wp\/v2\/product_brand?post=940"},{"taxonomy":"product_cat","embeddable":true,"href":"https:\/\/shinemusicrental.com\/ca\/wp-json\/wp\/v2\/product_cat?post=940"},{"taxonomy":"product_tag","embeddable":true,"href":"https:\/\/shinemusicrental.com\/ca\/wp-json\/wp\/v2\/product_tag?post=940"}],"curies":[{"name":"wp","href":"https:\/\/api.w.org\/{rel}","templated":true}]}}