{"id":926,"date":"2022-10-19T15:04:48","date_gmt":"2022-10-19T13:04:48","guid":{"rendered":"http:\/\/www.shinemusicrental.com\/product\/violi-1-4-windsor-mi-1013\/"},"modified":"2024-04-08T16:06:02","modified_gmt":"2024-04-08T14:06:02","slug":"violi-1-4-windsor-mi-1013","status":"publish","type":"product","link":"https:\/\/shinemusicrental.com\/ca\/product\/violi-1-4-windsor-mi-1013\/","title":{"rendered":"Viol\u00ed 1\/4 Windsor MI-1013"},"content":{"rendered":"<p>Per a un jove aspirant a violinista, no pot trobar un instrument millor per practicar que el Windsor MI-1013 de mida \u00bc de viol\u00ed. Especialment dissenyat per ser utilitzat per m\u00fasics de 5 a 7 anys, aquest viol\u00ed est\u00e0 fet amb la mateixa qualitat que els seus contraparts d\u2019un de mida completa, amb una tapa de p\u00edcea i flors de ban\u00fas per a l\u2019experi\u00e8ncia cl\u00e0ssica d\u2019un viol\u00ed per\u00f2 al mateix temps per a principiants. Oferint un to c\u00e0lid i vibrant, una est\u00e8tica tradicional i una experi\u00e8ncia de tocabilitat incomparable, el viol\u00ed Windsor MI-1013 de mida \u00bc \u00e9s l\u2019elecci\u00f3 ideal per a m\u00fasics prometedors. Llogui aquest viol\u00ed o similar a la nostra molt competitiva tarifa.<\/p>\n<p>Instrument Rental Barcelona \u00e9s part de la xarxa d\u2019escoles de Shine School of Music. Oferim una \u00e0mplia gamma de lli\u00e7ons de m\u00fasica, llocs per a la celebraci\u00f3 d\u2019esdeveniments, espais per practicar m\u00fasica i espais addicionals de treball conjunt.<\/p>\n","protected":false},"excerpt":{"rendered":"<p><strong>Dip\u00f2sit: \u20ac30<\/strong><\/p>\n<p>Per a un jove aspirant a violinista, no pot trobar un instrument millor per practicar que el Windsor MI-1013 de mida \u00bc de viol\u00ed.<\/p>\n<div id=\"gtx-trans\" style=\"position: absolute; left: 62px; top: -10.7539px;\">\n<div class=\"gtx-trans-icon\"><\/div>\n<\/div>\n","protected":false},"featured_media":863,"comment_status":"open","ping_status":"closed","template":"","meta":{"_acf_changed":false,"content-type":""},"product_brand":[],"product_cat":[318,328],"product_tag":[562,492,494,496,500,498,502,462,590,561,464,490,592,558,722,753],"class_list":{"0":"post-926","1":"product","2":"type-product","3":"status-publish","4":"has-post-thumbnail","6":"product_cat-instruments-de-corda","7":"product_cat-violins-ca-2","8":"product_tag-instruments-de-contractacio","9":"product_tag-instruments-de-corda","10":"product_tag-instruments-de-corda-ca","11":"product_tag-instruments-de-corda-barcelona","12":"product_tag-instruments-de-corda-de-lloguer","13":"product_tag-instruments-de-corda-es","14":"product_tag-instruments-de-corda-espanya","15":"product_tag-lloguer-dinstruments","16":"product_tag-lloguer-dinstruments-ca-2","17":"product_tag-lloguer-dinstruments-ca","18":"product_tag-lloguer-dinstruments-barcelona","19":"product_tag-lloguer-dinstruments-barcelona-ca","20":"product_tag-lloguer-dinstruments-espanya-ca","21":"product_tag-lloguer-dinstruments-espanya","22":"product_tag-violi","23":"product_tag-violi-per-a-nens","25":"first","26":"instock","27":"sold-individually","28":"shipping-taxable","29":"purchasable","30":"product-type-booking"},"booking_location":"","booking_location_type":"","booking_duration":1,"booking_duration_unit":"day","booking_buffer":0,"booking_cost":0,"booking_resources":[],"exclude_global_add_ons":false,"addons":[{"name":"Dip\u00f2sit","type":"checkbox","position":0,"required":false,"title_format":"hide","default":"","description_enable":false,"description":"","placeholder_enable":false,"placeholder":"","display":"select","restrictions_type":"any_text","adjust_price":false,"price":"","price_type":"flat_fee","restrictions":false,"min":"0","max":"0","options":[{"label":"Dip\u00f2sit","price":"30","price_type":"flat_fee","image":0,"visibility":true}]},{"name":"Violins","type":"checkbox","position":0,"required":false,"title_format":"label","default":"","description_enable":true,"description":"","placeholder_enable":false,"placeholder":"","display":"select","restrictions_type":"any_text","adjust_price":false,"price":"","price_type":"flat_fee","restrictions":false,"min":"0","max":"0","options":[{"label":"Costella","price":"9.00","price_type":"quantity_based","image":0,"visibility":true},{"label":"Suport per a Viol\u00ed","price":"5.00","price_type":"quantity_based","image":0,"visibility":true},{"label":"Faristol","price":"5.00","price_type":"quantity_based","image":0,"visibility":true},{"label":"Faristol de Qualitat","price":"9.00","price_type":"quantity_based","image":0,"visibility":true},{"label":"Afinador","price":"5.00","price_type":"quantity_based","image":0,"visibility":true},{"label":"Sordina","price":"2.00","price_type":"quantity_based","image":0,"visibility":true}]}],"acf":{"set_to_be_sold":false,"sale_description":"","sale_price":""},"_links":{"self":[{"href":"https:\/\/shinemusicrental.com\/ca\/wp-json\/wp\/v2\/product\/926","targetHints":{"allow":["GET"]}}],"collection":[{"href":"https:\/\/shinemusicrental.com\/ca\/wp-json\/wp\/v2\/product"}],"about":[{"href":"https:\/\/shinemusicrental.com\/ca\/wp-json\/wp\/v2\/types\/product"}],"replies":[{"embeddable":true,"href":"https:\/\/shinemusicrental.com\/ca\/wp-json\/wp\/v2\/comments?post=926"}],"wp:featuredmedia":[{"embeddable":true,"href":"https:\/\/shinemusicrental.com\/ca\/wp-json\/wp\/v2\/media\/863"}],"wp:attachment":[{"href":"https:\/\/shinemusicrental.com\/ca\/wp-json\/wp\/v2\/media?parent=926"}],"wp:term":[{"taxonomy":"product_brand","embeddable":true,"href":"https:\/\/shinemusicrental.com\/ca\/wp-json\/wp\/v2\/product_brand?post=926"},{"taxonomy":"product_cat","embeddable":true,"href":"https:\/\/shinemusicrental.com\/ca\/wp-json\/wp\/v2\/product_cat?post=926"},{"taxonomy":"product_tag","embeddable":true,"href":"https:\/\/shinemusicrental.com\/ca\/wp-json\/wp\/v2\/product_tag?post=926"}],"curies":[{"name":"wp","href":"https:\/\/api.w.org\/{rel}","templated":true}]}}