{"id":860,"date":"2022-10-19T14:45:12","date_gmt":"2022-10-19T12:45:12","guid":{"rendered":"http:\/\/www.shinemusicrental.com\/product\/caixa-yamaha-sd265a-snare-stage-custom-steel-14x55\/"},"modified":"2024-04-12T17:44:00","modified_gmt":"2024-04-12T15:44:00","slug":"caixa-yamaha-sd265a-snare-stage-custom-steel-14x55","status":"publish","type":"product","link":"https:\/\/shinemusicrental.com\/ca\/product\/caixa-yamaha-sd265a-snare-stage-custom-steel-14x55\/","title":{"rendered":"Caixa Yamaha SD265A Snare Stage Custom Steel 14X5,5"},"content":{"rendered":"<p>Feta d\u2019acer amb alt contingut de carboni cromat, la SD265A proporciona el so de caixa per excel\u00b7l\u00e8ncia que \u00e9s tan crucial per a la base dels estils musicals, des del pop fins al metal. Un conjunt de 8 nanses d\u2019una sola pe\u00e7a i la clau d\u2019afinaci\u00f3 inclosa mantenen un to segur i controlable, mentre que els cercles de triple brida d\u2019acer brinden major sustain, timbre i un agradable toc d\u2019obertura al so, per la resta, agut i \u00e0gil. Adequat per a m\u00fasics de tots els nivells, el SD265A es mantindr\u00e0 al ritme de qualsevol ritme sense perdre la seva complexitat. Llogui aquest tambor o semblant a la nostra molt competitiva tarifa.<\/p>\n<p>Instrument Rental Barcelona \u00e9s part de la xarxa d\u2019escoles de Shine School of Music. Oferim una \u00e0mplia gamma de lli\u00e7ons de m\u00fasica, llocs per a la celebraci\u00f3 d\u2019esdeveniments, espais per practicar m\u00fasica i espais addicionals de treball conjunt.<\/p>\n","protected":false},"excerpt":{"rendered":"<p><strong>Dip\u00f2sit: \u20ac70<\/strong><\/p>\n<p>Feta d\u2019acer amb alt contingut de carboni cromat, la SD265A proporciona el so de caixa per excel\u00b7l\u00e8ncia que \u00e9s tan crucial per a la base dels estils musicals, des del pop fins al metal.<\/p>\n<div id=\"gtx-trans\" style=\"position: absolute; left: -24px; top: -10.7539px;\">\n<div class=\"gtx-trans-icon\"><\/div>\n<\/div>\n","protected":false},"featured_media":851,"comment_status":"open","ping_status":"closed","template":"","meta":{"_acf_changed":false,"content-type":""},"product_brand":[],"product_cat":[161,162,172],"product_tag":[551,458,544,540,542,538,562,590,462,561,464,592,558,466,467,470,474,471,476,633,594],"class_list":{"0":"post-860","1":"product","2":"type-product","3":"status-publish","4":"has-post-thumbnail","6":"product_cat-bateries-i-percussions","7":"product_cat-bateries-acustiques","8":"product_cat-percussions","9":"product_tag-bateria","10":"product_tag-bateries","11":"product_tag-bateries-barcelona","12":"product_tag-bateries-de-lloguer","13":"product_tag-bateries-es","14":"product_tag-bateries-espanya","15":"product_tag-instruments-de-contractacio","16":"product_tag-lloguer-dinstruments-ca-2","17":"product_tag-lloguer-dinstruments","18":"product_tag-lloguer-dinstruments-ca","19":"product_tag-lloguer-dinstruments-barcelona","20":"product_tag-lloguer-dinstruments-espanya-ca","21":"product_tag-lloguer-dinstruments-espanya","22":"product_tag-percussio","23":"product_tag-percussions-ca","24":"product_tag-percussions-barcelona-ca","25":"product_tag-percussions-de-lloguer","26":"product_tag-percussions-es-ca","27":"product_tag-percussions-espanya","28":"product_tag-renting-instruments-barcelona-share-ca","29":"product_tag-yamaha-ca","31":"first","32":"instock","33":"sold-individually","34":"shipping-taxable","35":"purchasable","36":"product-type-booking"},"booking_location":"","booking_location_type":"","booking_duration":1,"booking_duration_unit":"day","booking_buffer":0,"booking_cost":0,"booking_resources":[],"exclude_global_add_ons":false,"addons":[{"name":"Dip\u00f2sit","type":"checkbox","position":0,"required":false,"title_format":"hide","default":"","description_enable":false,"description":"","placeholder_enable":false,"placeholder":"","display":"select","restrictions_type":"any_text","adjust_price":false,"price":"","price_type":"flat_fee","restrictions":false,"min":"0","max":"0","options":[{"label":"Dip\u00f2sit","price":"70","price_type":"flat_fee","image":0,"visibility":true}]},{"name":"Totes les Bateries ","type":"checkbox","position":0,"required":false,"title_format":"label","default":"","description_enable":false,"description":"","placeholder_enable":false,"placeholder":"","display":"select","restrictions_type":"any_text","adjust_price":false,"price":"","price_type":"flat_fee","restrictions":false,"min":"0","max":"0","options":[{"label":"Baquetes","price":"6.00","price_type":"quantity_based","image":0,"visibility":true},{"label":"Set de Plats","price":"48.00","price_type":"quantity_based","image":0,"visibility":true}]},{"name":"All Percussion","type":"checkbox","position":0,"required":false,"title_format":"label","default":"","description_enable":false,"description":"","placeholder_enable":false,"placeholder":"","display":"select","restrictions_type":"any_text","adjust_price":false,"price":"","price_type":"flat_fee","restrictions":false,"min":"0","max":"0","options":[{"label":"Stand","price":"10","price_type":"quantity_based","image":0,"visibility":true}]}],"acf":{"set_to_be_sold":false,"sale_description":"","sale_price":""},"_links":{"self":[{"href":"https:\/\/shinemusicrental.com\/ca\/wp-json\/wp\/v2\/product\/860","targetHints":{"allow":["GET"]}}],"collection":[{"href":"https:\/\/shinemusicrental.com\/ca\/wp-json\/wp\/v2\/product"}],"about":[{"href":"https:\/\/shinemusicrental.com\/ca\/wp-json\/wp\/v2\/types\/product"}],"replies":[{"embeddable":true,"href":"https:\/\/shinemusicrental.com\/ca\/wp-json\/wp\/v2\/comments?post=860"}],"wp:featuredmedia":[{"embeddable":true,"href":"https:\/\/shinemusicrental.com\/ca\/wp-json\/wp\/v2\/media\/851"}],"wp:attachment":[{"href":"https:\/\/shinemusicrental.com\/ca\/wp-json\/wp\/v2\/media?parent=860"}],"wp:term":[{"taxonomy":"product_brand","embeddable":true,"href":"https:\/\/shinemusicrental.com\/ca\/wp-json\/wp\/v2\/product_brand?post=860"},{"taxonomy":"product_cat","embeddable":true,"href":"https:\/\/shinemusicrental.com\/ca\/wp-json\/wp\/v2\/product_cat?post=860"},{"taxonomy":"product_tag","embeddable":true,"href":"https:\/\/shinemusicrental.com\/ca\/wp-json\/wp\/v2\/product_tag?post=860"}],"curies":[{"name":"wp","href":"https:\/\/api.w.org\/{rel}","templated":true}]}}