{"id":848,"date":"2022-10-19T14:38:44","date_gmt":"2022-10-19T12:38:44","guid":{"rendered":"http:\/\/www.shinemusicrental.com\/product\/yamaha-clp-625-b-piano-digital-clavinova\/"},"modified":"2024-04-08T16:16:34","modified_gmt":"2024-04-08T14:16:34","slug":"yamaha-clp-625-b-piano-digital-clavinova","status":"publish","type":"product","link":"https:\/\/shinemusicrental.com\/ca\/product\/yamaha-clp-625-b-piano-digital-clavinova\/","title":{"rendered":"Yamaha CLP-625 B Piano Digital Clavinova"},"content":{"rendered":"<p>Un instrument meravellosament vers\u00e0til capa\u00e7 de veure un m\u00fasic des dels seu seri\u00f3s principi fins al nivell professional, el CLP-625 ofereix una impecable sensaci\u00f3 realista de les tecles pesades d\u2019ivori sint\u00e8tic, per a una sensibilitat total i resist\u00e8ncia al lliscament. El gabinet compacte s\u2019adapta c\u00f2modament a espais redu\u00efts, alhora que proporciona un so amb cos per a tots els tons preprogramats, que van des d\u2019un profund piano de concert, al sintetitzador, al jazz i fins sons exuberants de cordes. Metr\u00f2nom i entrada per auriculars incrporats, i opci\u00f3 de reproducci\u00f3 que ajuden l\u2019aprenentatge i l\u2019assaig, i la compatibilitat amb USB permet un enregistrament neta i f\u00e0cil. Llogui aquest piano digital o semblant a la nostra molt competitiva tarifa.<\/p>\n<p>Inclou banqueta per a piano.<\/p>\n<p>Instrument Rental Barcelona \u00e9s part de la xarxa d\u2019escoles de Shine School of Music. Oferim una \u00e0mplia gamma de lli\u00e7ons de m\u00fasica, llocs per a la celebraci\u00f3 d\u2019esdeveniments, espais per practicar m\u00fasica i espais addicionals de treball conjunt.<\/p>\n","protected":false},"excerpt":{"rendered":"<p><strong>Dip\u00f2sit: \u20ac450<\/strong><\/p>\n<p>Un instrument meravellosament vers\u00e0til capa\u00e7 de veure un m\u00fasic des dels seu seri\u00f3s principi fins al nivell professional, el CLP-625 ofereix una impecable sensaci\u00f3 realista de les tecles pesades d\u2019ivori sint\u00e8tic, per a una sensibilitat total i resist\u00e8ncia al lliscament.<\/p>\n<div id=\"gtx-trans\" style=\"position: absolute; left: -4px; top: -10.7539px;\">\n<div class=\"gtx-trans-icon\"><\/div>\n<\/div>\n","protected":false},"featured_media":842,"comment_status":"open","ping_status":"closed","template":"","meta":{"_acf_changed":false,"content-type":""},"product_brand":[],"product_cat":[132,133],"product_tag":[562,462,590,561,464,490,592,558,478,479,488,482,484,486,594],"class_list":{"0":"post-848","1":"product","2":"type-product","3":"status-publish","4":"has-post-thumbnail","6":"product_cat-instruments-de-teclat","7":"product_cat-pianos-digitals","8":"product_tag-instruments-de-contractacio","9":"product_tag-lloguer-dinstruments","10":"product_tag-lloguer-dinstruments-ca-2","11":"product_tag-lloguer-dinstruments-ca","12":"product_tag-lloguer-dinstruments-barcelona","13":"product_tag-lloguer-dinstruments-barcelona-ca","14":"product_tag-lloguer-dinstruments-espanya-ca","15":"product_tag-lloguer-dinstruments-espanya","16":"product_tag-piano-ca","17":"product_tag-piano-es-ca","18":"product_tag-piano-espanya","19":"product_tag-pianos-ca","20":"product_tag-pianos-barcelona-ca","21":"product_tag-pianos-de-lloguer","22":"product_tag-yamaha-ca","24":"first","25":"instock","26":"sold-individually","27":"shipping-taxable","28":"purchasable","29":"product-type-booking"},"booking_location":"","booking_location_type":"","booking_duration":1,"booking_duration_unit":"day","booking_buffer":0,"booking_cost":0,"booking_resources":[],"exclude_global_add_ons":false,"addons":[{"name":"Dip\u00f2sit","type":"checkbox","position":0,"required":false,"title_format":"hide","default":"","description_enable":false,"description":"","placeholder_enable":false,"placeholder":"","display":"select","restrictions_type":"any_text","adjust_price":false,"price":"","price_type":"flat_fee","restrictions":false,"min":"0","max":"0","options":[{"label":"Dip\u00f2sit","price":"450","price_type":"flat_fee","image":0,"visibility":true}]},{"name":"PIANO EL\u00c8CTRIC","type":"checkbox","position":0,"required":true,"title_format":"label","default":"","description_enable":false,"description":"","placeholder_enable":false,"placeholder":"","display":"select","restrictions_type":"any_text","adjust_price":false,"price":"","price_type":"flat_fee","restrictions":false,"min":"0","max":"0","options":[{"label":"Pedal de Sustain de Qualitat","price":"10.00","price_type":"quantity_based","image":0,"visibility":true},{"label":"Suport","price":"10.00","price_type":"quantity_based","image":0,"visibility":true},{"label":"Tamboret de Piano de Qualitat","price":"25.00","price_type":"quantity_based","image":0,"visibility":true},{"label":"Tamboret de Piano","price":"10.00","price_type":"quantity_based","image":0,"visibility":true}]}],"acf":{"set_to_be_sold":false,"sale_description":"","sale_price":""},"_links":{"self":[{"href":"https:\/\/shinemusicrental.com\/ca\/wp-json\/wp\/v2\/product\/848","targetHints":{"allow":["GET"]}}],"collection":[{"href":"https:\/\/shinemusicrental.com\/ca\/wp-json\/wp\/v2\/product"}],"about":[{"href":"https:\/\/shinemusicrental.com\/ca\/wp-json\/wp\/v2\/types\/product"}],"replies":[{"embeddable":true,"href":"https:\/\/shinemusicrental.com\/ca\/wp-json\/wp\/v2\/comments?post=848"}],"wp:featuredmedia":[{"embeddable":true,"href":"https:\/\/shinemusicrental.com\/ca\/wp-json\/wp\/v2\/media\/842"}],"wp:attachment":[{"href":"https:\/\/shinemusicrental.com\/ca\/wp-json\/wp\/v2\/media?parent=848"}],"wp:term":[{"taxonomy":"product_brand","embeddable":true,"href":"https:\/\/shinemusicrental.com\/ca\/wp-json\/wp\/v2\/product_brand?post=848"},{"taxonomy":"product_cat","embeddable":true,"href":"https:\/\/shinemusicrental.com\/ca\/wp-json\/wp\/v2\/product_cat?post=848"},{"taxonomy":"product_tag","embeddable":true,"href":"https:\/\/shinemusicrental.com\/ca\/wp-json\/wp\/v2\/product_tag?post=848"}],"curies":[{"name":"wp","href":"https:\/\/api.w.org\/{rel}","templated":true}]}}