{"id":839,"date":"2022-10-19T14:23:17","date_gmt":"2022-10-19T12:23:17","guid":{"rendered":"http:\/\/www.shinemusicrental.com\/product\/microfon-shure-sm58\/"},"modified":"2024-04-09T16:06:08","modified_gmt":"2024-04-09T14:06:08","slug":"microfon-shure-sm58","status":"publish","type":"product","link":"https:\/\/shinemusicrental.com\/ca\/product\/microfon-shure-sm58\/","title":{"rendered":"Micr\u00f2fon Shure SM58"},"content":{"rendered":"<p>El Shure SM58 \u00e9s el micr\u00f2fon per a vocalistes m\u00e9s popular del m\u00f3n, estableix l\u2019est\u00e0ndard de qualitat per a tots els seus companys i \u00e9s absolutament imprescindible per a qualsevol vocalista professional. El SM58 \u00e9s de confian\u00e7a per la seva qualitat d\u2019\u00e0udio clara i c\u00e0lida, el seu abast mitj\u00e0 brillant i el seu so prec\u00eds, que elimina efica\u00e7ment la interfer\u00e8ncia causada pel vent, la respiraci\u00f3 o el soroll de fons. Si voleu que s\u2019escolti la seva veu, llavorns vol que s\u2019escolti a trav\u00e9s d\u2019un Shure SM58. Llogui aquest micr\u00f2fon o similar a la nostra molt competitiva tarifa.<\/p>\n<p>Instrument Rental Barcelona \u00e9s part de la xarxa d\u2019escoles de Shine School of Music. Oferim una \u00e0mplia gamma de lli\u00e7ons de m\u00fasica, llocs per a la celebraci\u00f3 d\u2019esdeveniments, espais per practicar m\u00fasica i espais addicionals de treball conjunt.<\/p>\n<div id=\"gtx-trans\" style=\"position: absolute; left: 154px; top: 61.1992px;\">\n<div class=\"gtx-trans-icon\"><\/div>\n<\/div>\n","protected":false},"excerpt":{"rendered":"<p><strong>Dip\u00f2sit: \u20ac40<\/strong><\/p>\n<p>El Shure SM58 \u00e9s el micr\u00f2fon per a vocalistes m\u00e9s popular del m\u00f3n, estableix l\u2019est\u00e0ndard de qualitat per a tots els seus companys i \u00e9s absolutament imprescindible per a qualsevol vocalista professional.<\/p>\n<div id=\"gtx-trans\" style=\"position: absolute; left: 61px; top: -10.7539px;\">\n<div class=\"gtx-trans-icon\"><\/div>\n<\/div>\n","protected":false},"featured_media":829,"comment_status":"open","ping_status":"closed","template":"","meta":{"_acf_changed":false,"content-type":""},"product_brand":[],"product_cat":[330,340],"product_tag":[506,508,512,510,514,504,562,462,590,561,464,490,592,558,777,779,778,775],"class_list":{"0":"post-839","1":"product","2":"type-product","3":"status-publish","4":"has-post-thumbnail","6":"product_cat-estudi","7":"product_cat-microfons","8":"product_tag-equip-destudi","9":"product_tag-equip-destudi-barcelona","10":"product_tag-equip-destudi-de-lloguer","11":"product_tag-equip-destudi-es","12":"product_tag-equip-destudi-espanya","13":"product_tag-estudi","14":"product_tag-instruments-de-contractacio","15":"product_tag-lloguer-dinstruments","16":"product_tag-lloguer-dinstruments-ca-2","17":"product_tag-lloguer-dinstruments-ca","18":"product_tag-lloguer-dinstruments-barcelona","19":"product_tag-lloguer-dinstruments-barcelona-ca","20":"product_tag-lloguer-dinstruments-espanya-ca","21":"product_tag-lloguer-dinstruments-espanya","22":"product_tag-micro-ca","23":"product_tag-microfon","24":"product_tag-microfon-de-lloguer","25":"product_tag-shure-sm58-ca","27":"first","28":"instock","29":"sold-individually","30":"shipping-taxable","31":"purchasable","32":"product-type-booking"},"booking_location":"","booking_location_type":"","booking_duration":1,"booking_duration_unit":"day","booking_buffer":0,"booking_cost":0,"booking_resources":[],"exclude_global_add_ons":false,"addons":[{"name":"Dip\u00f2sit","type":"checkbox","position":0,"required":false,"title_format":"hide","default":"","description_enable":false,"description":"","placeholder_enable":false,"placeholder":"","display":"select","restrictions_type":"any_text","adjust_price":false,"price":"","price_type":"flat_fee","restrictions":false,"min":"0","max":"0","options":[{"label":"Dip\u00f2sit","price":"40","price_type":"flat_fee","image":0,"visibility":true}]}],"acf":{"set_to_be_sold":false,"sale_description":"","sale_price":""},"_links":{"self":[{"href":"https:\/\/shinemusicrental.com\/ca\/wp-json\/wp\/v2\/product\/839","targetHints":{"allow":["GET"]}}],"collection":[{"href":"https:\/\/shinemusicrental.com\/ca\/wp-json\/wp\/v2\/product"}],"about":[{"href":"https:\/\/shinemusicrental.com\/ca\/wp-json\/wp\/v2\/types\/product"}],"replies":[{"embeddable":true,"href":"https:\/\/shinemusicrental.com\/ca\/wp-json\/wp\/v2\/comments?post=839"}],"wp:featuredmedia":[{"embeddable":true,"href":"https:\/\/shinemusicrental.com\/ca\/wp-json\/wp\/v2\/media\/829"}],"wp:attachment":[{"href":"https:\/\/shinemusicrental.com\/ca\/wp-json\/wp\/v2\/media?parent=839"}],"wp:term":[{"taxonomy":"product_brand","embeddable":true,"href":"https:\/\/shinemusicrental.com\/ca\/wp-json\/wp\/v2\/product_brand?post=839"},{"taxonomy":"product_cat","embeddable":true,"href":"https:\/\/shinemusicrental.com\/ca\/wp-json\/wp\/v2\/product_cat?post=839"},{"taxonomy":"product_tag","embeddable":true,"href":"https:\/\/shinemusicrental.com\/ca\/wp-json\/wp\/v2\/product_tag?post=839"}],"curies":[{"name":"wp","href":"https:\/\/api.w.org\/{rel}","templated":true}]}}