{"id":811,"date":"2022-10-19T13:28:35","date_gmt":"2022-10-19T11:28:35","guid":{"rendered":"http:\/\/www.shinemusicrental.com\/product\/bateria-electronica-roland-v-drums-portable-td-4kp\/"},"modified":"2024-04-08T15:58:34","modified_gmt":"2024-04-08T13:58:34","slug":"bateria-electronica-roland-v-drums-portable-td-4kp","status":"publish","type":"product","link":"https:\/\/shinemusicrental.com\/ca\/product\/bateria-electronica-roland-v-drums-portable-td-4kp\/","title":{"rendered":"Bateria Electr\u00f2nica Roland V-Drums Portable TD-4KP"},"content":{"rendered":"<p>Amb una petita empremta, i capa\u00e7 de plegar-se en una pr\u00e0ctica funda de transport en segons, aquest kit de bateria el\u00e8ctrica \u00e9s un somni fet realitat per al m\u00fasic n\u00f2mada o l\u2019habitant de l\u2019estudi. Compost per vuit pads en total (kick, snare, hi-hat, crash and ride cymbals, i tres toms), el TD-4KP ofereix una varietat de sons expressius i personalitzables. Les superf\u00edcies de goma ofereixen durabilitat de llarg recorregut, amb tota la sensaci\u00f3 de satisfacci\u00f3 i la capacitat de resposta de la bateria ac\u00fastica. Llogui aquesta bateria el\u00e8ctrica o similar a la nostra molt competitiva tarifa.<\/p>\n<p>Instrument Rental Barcelona \u00e9s part de la xarxa d\u2019escoles de Shine School of Music. Oferim una \u00e0mplia gamma de lli\u00e7ons de m\u00fasica, llocs per a la celebraci\u00f3 d\u2019esdeveniments, espais per practicar m\u00fasica i espais addicionals de treball conjunt.<\/p>\n","protected":false},"excerpt":{"rendered":"<p><strong>Dip\u00f2sit: \u20ac210<\/strong><\/p>\n<p>Amb una petita empremta, i capa\u00e7 de plegar-se en una pr\u00e0ctica funda de transport en segons, aquest kit de bateria el\u00e8ctrica \u00e9s un somni fet realitat per al m\u00fasic n\u00f2mada o l\u2019habitant de l\u2019estudi.<\/p>\n<div id=\"gtx-trans\" style=\"position: absolute; left: 61px; top: 38.2461px;\">\n<div class=\"gtx-trans-icon\"><\/div>\n<\/div>\n","protected":false},"featured_media":808,"comment_status":"open","ping_status":"closed","template":"","meta":{"_acf_changed":false,"content-type":""},"product_brand":[],"product_cat":[161,170],"product_tag":[551,762,458,544,540,542,538,562,561,462,590,464,490,592,558,466,467,470,474,471,476,764],"class_list":{"0":"post-811","1":"product","2":"type-product","3":"status-publish","4":"has-post-thumbnail","6":"product_cat-bateries-i-percussions","7":"product_cat-bateries-electroniques","8":"product_tag-bateria","9":"product_tag-bateria-electronica-ca","10":"product_tag-bateries","11":"product_tag-bateries-barcelona","12":"product_tag-bateries-de-lloguer","13":"product_tag-bateries-es","14":"product_tag-bateries-espanya","15":"product_tag-instruments-de-contractacio","16":"product_tag-lloguer-dinstruments-ca","17":"product_tag-lloguer-dinstruments","18":"product_tag-lloguer-dinstruments-ca-2","19":"product_tag-lloguer-dinstruments-barcelona","20":"product_tag-lloguer-dinstruments-barcelona-ca","21":"product_tag-lloguer-dinstruments-espanya-ca","22":"product_tag-lloguer-dinstruments-espanya","23":"product_tag-percussio","24":"product_tag-percussions-ca","25":"product_tag-percussions-barcelona-ca","26":"product_tag-percussions-de-lloguer","27":"product_tag-percussions-es-ca","28":"product_tag-percussions-espanya","29":"product_tag-roland-ca","31":"first","32":"instock","33":"sold-individually","34":"shipping-taxable","35":"purchasable","36":"product-type-booking"},"booking_location":"","booking_location_type":"","booking_duration":1,"booking_duration_unit":"day","booking_buffer":0,"booking_cost":0,"booking_resources":[],"exclude_global_add_ons":false,"addons":[{"name":"Dip\u00f2sit","type":"checkbox","position":0,"required":false,"title_format":"hide","default":"","description_enable":false,"description":"","placeholder_enable":false,"placeholder":"","display":"select","restrictions_type":"any_text","adjust_price":false,"price":"","price_type":"flat_fee","restrictions":false,"min":"0","max":"0","options":[{"label":"Dip\u00f2sit","price":"210","price_type":"flat_fee","image":0,"visibility":true}]},{"name":"Totes les Bateries ","type":"checkbox","position":0,"required":false,"title_format":"label","default":"","description_enable":false,"description":"","placeholder_enable":false,"placeholder":"","display":"select","restrictions_type":"any_text","adjust_price":false,"price":"","price_type":"flat_fee","restrictions":false,"min":"0","max":"0","options":[{"label":"Baquetes","price":"6.00","price_type":"quantity_based","image":0,"visibility":true},{"label":"Set de Plats","price":"48.00","price_type":"quantity_based","image":0,"visibility":true}]}],"acf":{"set_to_be_sold":false,"sale_description":"","sale_price":""},"_links":{"self":[{"href":"https:\/\/shinemusicrental.com\/ca\/wp-json\/wp\/v2\/product\/811","targetHints":{"allow":["GET"]}}],"collection":[{"href":"https:\/\/shinemusicrental.com\/ca\/wp-json\/wp\/v2\/product"}],"about":[{"href":"https:\/\/shinemusicrental.com\/ca\/wp-json\/wp\/v2\/types\/product"}],"replies":[{"embeddable":true,"href":"https:\/\/shinemusicrental.com\/ca\/wp-json\/wp\/v2\/comments?post=811"}],"wp:featuredmedia":[{"embeddable":true,"href":"https:\/\/shinemusicrental.com\/ca\/wp-json\/wp\/v2\/media\/808"}],"wp:attachment":[{"href":"https:\/\/shinemusicrental.com\/ca\/wp-json\/wp\/v2\/media?parent=811"}],"wp:term":[{"taxonomy":"product_brand","embeddable":true,"href":"https:\/\/shinemusicrental.com\/ca\/wp-json\/wp\/v2\/product_brand?post=811"},{"taxonomy":"product_cat","embeddable":true,"href":"https:\/\/shinemusicrental.com\/ca\/wp-json\/wp\/v2\/product_cat?post=811"},{"taxonomy":"product_tag","embeddable":true,"href":"https:\/\/shinemusicrental.com\/ca\/wp-json\/wp\/v2\/product_tag?post=811"}],"curies":[{"name":"wp","href":"https:\/\/api.w.org\/{rel}","templated":true}]}}