{"id":805,"date":"2022-10-19T13:20:40","date_gmt":"2022-10-19T11:20:40","guid":{"rendered":"http:\/\/www.shinemusicrental.com\/product\/trompeta-carol-brass-ctr-2000h-yss-bb-l\/"},"modified":"2024-04-26T13:14:17","modified_gmt":"2024-04-26T11:14:17","slug":"trompeta-carol-brass-ctr-2000h-yss-bb-l","status":"publish","type":"product","link":"https:\/\/shinemusicrental.com\/ca\/product\/trompeta-carol-brass-ctr-2000h-yss-bb-l\/","title":{"rendered":"Trompeta Carol Brass CTR-2000H-YSS-Bb-L"},"content":{"rendered":"<p>La trompeta CTR-2000H-YSS-Bb-L de Carol Brass \u00e9s l\u2019elecci\u00f3 ideal per a qualsevol trompetista principiant, capa\u00e7 de donar suport a l\u2019avan\u00e7 d\u2019un estudiant fins al nivell intermedi alt. \u00c9s robusta, amb una entonaci\u00f3 clara i un to dens que combina perfectament en un ambient de banda. Les v\u00e0lvules d\u2019acer inoxidable del 2000H funcionen molt m\u00e9s suaument que les opcions de monel m\u00e9s comuns, i el cos brilla amb un acabat lacat transparent. Llogui aquesta trompeta o semblant a la nostra tarifa molt competitiva.<\/p>\n<p>Instrument Rental Barcelona \u00e9s part de la xarxa d\u2019escoles de Shine School of Music. Oferim una \u00e0mplia gamma de lli\u00e7ons de m\u00fasica, llocs per a la celebraci\u00f3 d\u2019esdeveniments, espais per practicar m\u00fasica i espais addicionals de treball conjunt.<\/p>\n","protected":false},"excerpt":{"rendered":"<p><strong>Dip\u00f2sit: \u20ac140<\/strong><\/p>\n<p>La trompeta CTR-2000H-YSS-Bb-L de Carol Brass \u00e9s l\u2019elecci\u00f3 ideal per a qualsevol trompetista principiant, capa\u00e7 de donar suport a l\u2019avan\u00e7 d\u2019un estudiant fins al nivell intermedi alt.<\/p>\n<div id=\"gtx-trans\" style=\"position: absolute; left: -40px; top: -10.7539px;\">\n<div class=\"gtx-trans-icon\"><\/div>\n<\/div>\n","protected":false},"featured_media":802,"comment_status":"open","ping_status":"closed","template":"","meta":{"_acf_changed":false,"content-type":""},"product_brand":[],"product_cat":[352,371],"product_tag":[516,562,518,520,524,522,526,462,590,561,464,490,592,558,596,758],"class_list":{"0":"post-805","1":"product","2":"type-product","3":"status-publish","4":"has-post-thumbnail","6":"product_cat-instruments-de-vent","7":"product_cat-trompetes-ca","8":"product_tag-instrument-de-vent","9":"product_tag-instruments-de-contractacio","10":"product_tag-instruments-de-vent","11":"product_tag-instruments-de-vent-barcelona","12":"product_tag-instruments-de-vent-de-lloguer","13":"product_tag-instruments-de-vent-es","14":"product_tag-instruments-de-vent-espanya","15":"product_tag-lloguer-dinstruments","16":"product_tag-lloguer-dinstruments-ca-2","17":"product_tag-lloguer-dinstruments-ca","18":"product_tag-lloguer-dinstruments-barcelona","19":"product_tag-lloguer-dinstruments-barcelona-ca","20":"product_tag-lloguer-dinstruments-espanya-ca","21":"product_tag-lloguer-dinstruments-espanya","22":"product_tag-trompeta-ca","23":"product_tag-trompeta-de-lloguer","25":"first","26":"instock","27":"sold-individually","28":"shipping-taxable","29":"purchasable","30":"product-type-booking"},"booking_location":"","booking_location_type":"","booking_duration":1,"booking_duration_unit":"day","booking_buffer":0,"booking_cost":0,"booking_resources":[],"exclude_global_add_ons":false,"addons":[{"name":"Dip\u00f2sit","type":"checkbox","position":0,"required":false,"title_format":"hide","default":"","description_enable":false,"description":"","placeholder_enable":false,"placeholder":"","display":"select","restrictions_type":"any_text","adjust_price":false,"price":"","price_type":"flat_fee","restrictions":false,"min":"0","max":"0","options":[{"label":"Dip\u00f2sit","price":"140","price_type":"flat_fee","image":0,"visibility":true}]},{"name":"INSTRUMENTS DE VENT (tots)","type":"checkbox","position":0,"required":false,"title_format":"label","default":"","description_enable":false,"description":"","placeholder_enable":false,"placeholder":"","display":"select","restrictions_type":"any_text","adjust_price":false,"price":"","price_type":"flat_fee","restrictions":false,"min":"0","max":"0","options":[{"label":"Lleng\u00fceta","price":"5.00","price_type":"quantity_based","image":0,"visibility":true},{"label":"Faristol","price":"5.00","price_type":"flat_fee","image":0,"visibility":true},{"label":"Faristol de Qualitat","price":"9.00","price_type":"flat_fee","image":0,"visibility":true}]}],"acf":{"set_to_be_sold":false,"sale_description":"","sale_price":""},"_links":{"self":[{"href":"https:\/\/shinemusicrental.com\/ca\/wp-json\/wp\/v2\/product\/805","targetHints":{"allow":["GET"]}}],"collection":[{"href":"https:\/\/shinemusicrental.com\/ca\/wp-json\/wp\/v2\/product"}],"about":[{"href":"https:\/\/shinemusicrental.com\/ca\/wp-json\/wp\/v2\/types\/product"}],"replies":[{"embeddable":true,"href":"https:\/\/shinemusicrental.com\/ca\/wp-json\/wp\/v2\/comments?post=805"}],"wp:featuredmedia":[{"embeddable":true,"href":"https:\/\/shinemusicrental.com\/ca\/wp-json\/wp\/v2\/media\/802"}],"wp:attachment":[{"href":"https:\/\/shinemusicrental.com\/ca\/wp-json\/wp\/v2\/media?parent=805"}],"wp:term":[{"taxonomy":"product_brand","embeddable":true,"href":"https:\/\/shinemusicrental.com\/ca\/wp-json\/wp\/v2\/product_brand?post=805"},{"taxonomy":"product_cat","embeddable":true,"href":"https:\/\/shinemusicrental.com\/ca\/wp-json\/wp\/v2\/product_cat?post=805"},{"taxonomy":"product_tag","embeddable":true,"href":"https:\/\/shinemusicrental.com\/ca\/wp-json\/wp\/v2\/product_tag?post=805"}],"curies":[{"name":"wp","href":"https:\/\/api.w.org\/{rel}","templated":true}]}}