{"id":800,"date":"2022-10-19T13:08:35","date_gmt":"2022-10-19T11:08:35","guid":{"rendered":"http:\/\/www.shinemusicrental.com\/product\/carlo-giordano-vs114-violi-1-4\/"},"modified":"2024-04-08T15:35:16","modified_gmt":"2024-04-08T13:35:16","slug":"carlo-giordano-vs114-violi-1-4","status":"publish","type":"product","link":"https:\/\/shinemusicrental.com\/ca\/product\/carlo-giordano-vs114-violi-1-4\/","title":{"rendered":"Carlo Giordano VS114 \u2013 Viol\u00ed 1\/4"},"content":{"rendered":"<p>Aquest viol\u00ed de 1\/4 \u00e9s simple per\u00f2 s\u00f2lid, amb tapa d\u2019avet, part posterior i laterals d\u2019aur\u00f3 i un diapas\u00f3 de fusta dura, tot tallat en peces individuals. T\u00e9 un acabat envellit setinat preci\u00f3s per\u00f2 discret. Si b\u00e9 \u00e9s important mesurar la mida perfecte del viol\u00ed de cada estudiant, aquest model 1\/4 \u00e9s adequat per a edats de 5 a 7 anys, un per\u00edode en el qual els nens creixen r\u00e0pidament, el que fa que el lloguer d\u2019instruments sigui molt m\u00e9s pr\u00e0ctic de comprar, fins i tot per als m\u00e9s seriosos de m\u00fasics joves. Llogui aquest viol\u00ed o similar a la nostra molt competitiva tarifa.<\/p>\n<p>Instrument Rental Barcelona \u00e9s part de la xarxa d\u2019escoles de Shine School of Music. Oferim una \u00e0mplia gamma de lli\u00e7ons de m\u00fasica, llocs per a la celebraci\u00f3 d\u2019esdeveniments, espais per practicar m\u00fasica i espais addicionals de treball conjunt.<\/p>\n","protected":false},"excerpt":{"rendered":"<p><strong>Dip\u00f2sit: \u20ac80<\/strong><\/p>\n<p>Aquest viol\u00ed de 1\/4 \u00e9s simple per\u00f2 s\u00f2lid, amb tapa d\u2019avet, part posterior i laterals d\u2019aur\u00f3 i un diapas\u00f3 de fusta dura, tot tallat en peces individuals.<\/p>\n<div id=\"gtx-trans\" style=\"position: absolute; left: -5px; top: -10.7539px;\">\n<div class=\"gtx-trans-icon\"><\/div>\n<\/div>\n","protected":false},"featured_media":796,"comment_status":"open","ping_status":"closed","template":"","meta":{"_acf_changed":false,"content-type":""},"product_brand":[],"product_cat":[318,328],"product_tag":[755,562,492,494,496,500,498,502,462,590,561,464,490,592,558,722,753],"class_list":{"0":"post-800","1":"product","2":"type-product","3":"status-publish","4":"has-post-thumbnail","6":"product_cat-instruments-de-corda","7":"product_cat-violins-ca-2","8":"product_tag-carlo-giordano-ca","9":"product_tag-instruments-de-contractacio","10":"product_tag-instruments-de-corda","11":"product_tag-instruments-de-corda-ca","12":"product_tag-instruments-de-corda-barcelona","13":"product_tag-instruments-de-corda-de-lloguer","14":"product_tag-instruments-de-corda-es","15":"product_tag-instruments-de-corda-espanya","16":"product_tag-lloguer-dinstruments","17":"product_tag-lloguer-dinstruments-ca-2","18":"product_tag-lloguer-dinstruments-ca","19":"product_tag-lloguer-dinstruments-barcelona","20":"product_tag-lloguer-dinstruments-barcelona-ca","21":"product_tag-lloguer-dinstruments-espanya-ca","22":"product_tag-lloguer-dinstruments-espanya","23":"product_tag-violi","24":"product_tag-violi-per-a-nens","26":"first","27":"instock","28":"sold-individually","29":"shipping-taxable","30":"purchasable","31":"product-type-booking"},"booking_location":"","booking_location_type":"","booking_duration":1,"booking_duration_unit":"day","booking_buffer":0,"booking_cost":0,"booking_resources":[],"exclude_global_add_ons":false,"addons":[{"name":"Dip\u00f2sit","type":"checkbox","position":0,"required":false,"title_format":"hide","default":"","description_enable":false,"description":"","placeholder_enable":false,"placeholder":"","display":"select","restrictions_type":"any_text","adjust_price":false,"price":"","price_type":"flat_fee","restrictions":false,"min":"0","max":"0","options":[{"label":"Dip\u00f2sit","price":"80","price_type":"flat_fee","image":0,"visibility":true}]},{"name":"Violins","type":"checkbox","position":0,"required":false,"title_format":"label","default":"","description_enable":true,"description":"","placeholder_enable":false,"placeholder":"","display":"select","restrictions_type":"any_text","adjust_price":false,"price":"","price_type":"flat_fee","restrictions":false,"min":"0","max":"0","options":[{"label":"Costella","price":"9.00","price_type":"quantity_based","image":0,"visibility":true},{"label":"Suport per a Viol\u00ed","price":"5.00","price_type":"quantity_based","image":0,"visibility":true},{"label":"Faristol","price":"5.00","price_type":"quantity_based","image":0,"visibility":true},{"label":"Faristol de Qualitat","price":"9.00","price_type":"quantity_based","image":0,"visibility":true},{"label":"Afinador","price":"5.00","price_type":"quantity_based","image":0,"visibility":true},{"label":"Sordina","price":"2.00","price_type":"quantity_based","image":0,"visibility":true}]}],"acf":{"set_to_be_sold":false,"sale_description":"","sale_price":""},"_links":{"self":[{"href":"https:\/\/shinemusicrental.com\/ca\/wp-json\/wp\/v2\/product\/800","targetHints":{"allow":["GET"]}}],"collection":[{"href":"https:\/\/shinemusicrental.com\/ca\/wp-json\/wp\/v2\/product"}],"about":[{"href":"https:\/\/shinemusicrental.com\/ca\/wp-json\/wp\/v2\/types\/product"}],"replies":[{"embeddable":true,"href":"https:\/\/shinemusicrental.com\/ca\/wp-json\/wp\/v2\/comments?post=800"}],"wp:featuredmedia":[{"embeddable":true,"href":"https:\/\/shinemusicrental.com\/ca\/wp-json\/wp\/v2\/media\/796"}],"wp:attachment":[{"href":"https:\/\/shinemusicrental.com\/ca\/wp-json\/wp\/v2\/media?parent=800"}],"wp:term":[{"taxonomy":"product_brand","embeddable":true,"href":"https:\/\/shinemusicrental.com\/ca\/wp-json\/wp\/v2\/product_brand?post=800"},{"taxonomy":"product_cat","embeddable":true,"href":"https:\/\/shinemusicrental.com\/ca\/wp-json\/wp\/v2\/product_cat?post=800"},{"taxonomy":"product_tag","embeddable":true,"href":"https:\/\/shinemusicrental.com\/ca\/wp-json\/wp\/v2\/product_tag?post=800"}],"curies":[{"name":"wp","href":"https:\/\/api.w.org\/{rel}","templated":true}]}}