{"id":793,"date":"2022-10-19T12:54:24","date_gmt":"2022-10-19T10:54:24","guid":{"rendered":"http:\/\/www.shinemusicrental.com\/product\/clarinet-en-bb-buffet-crampon-17-5-b12\/"},"modified":"2024-04-08T16:32:35","modified_gmt":"2024-04-08T14:32:35","slug":"clarinet-en-bb-buffet-crampon-17-5-b12","status":"publish","type":"product","link":"https:\/\/shinemusicrental.com\/ca\/product\/clarinet-en-bb-buffet-crampon-17-5-b12\/","title":{"rendered":"Clarinet en Bb Buffet Crampon 17\/5 B-12"},"content":{"rendered":"<p>El clarinet en Bb 17\/5 Buffet Crampon B12 \u00e9s un model durador de lloguer d\u2019estudiants, perfecte per a m\u00fasics principiants que no volen comprometre en la riquesa del so. Les tecles petites i planes i el reposapeus ajustable s\u00f3n c\u00f2modes fins i tot per a m\u00fasics molt joves, i el di\u00e0metre interior poli-cil\u00edndric ofereix una major capacitat de resposta en els registres m\u00e9s baixos per a una major facilitat d\u2019aprenentatge. L\u2019acabat mat del cos de resina ABS \u00e9s resistent a les ratllades i lluir\u00e0 elegant durant molts anys. Llogui aquest clarinet o semblant a la nostra tarifa molt competitiva.<\/p>\n<p>Instrument Rental Barcelona \u00e9s part de la xarxa d\u2019escoles de Shine School of Music. Oferim una \u00e0mplia gamma de lli\u00e7ons de m\u00fasica, llocs per a la celebraci\u00f3 d\u2019esdeveniments, espais per practicar m\u00fasica i espais addicionals de treball conjunt.<\/p>\n","protected":false},"excerpt":{"rendered":"<p><strong>Dip\u00f2sit: \u20ac220<\/strong><\/p>\n<p>El clarinet en Bb 17\/5 Buffet Crampon B12 \u00e9s un model durador de lloguer d\u2019estudiants, perfecte per a m\u00fasics principiants que no volen comprometre en la riquesa del so.<\/p>\n<div id=\"gtx-trans\" style=\"position: absolute; left: 57px; top: -10.7539px;\">\n<div class=\"gtx-trans-icon\"><\/div>\n<\/div>\n","protected":false},"featured_media":789,"comment_status":"open","ping_status":"closed","template":"","meta":{"_acf_changed":false,"content-type":""},"product_brand":[],"product_cat":[352,358],"product_tag":[745,747,749,516,562,518,520,524,522,526,462,590,561,464,490,592,558],"class_list":{"0":"post-793","1":"product","2":"type-product","3":"status-publish","4":"has-post-thumbnail","6":"product_cat-instruments-de-vent","7":"product_cat-clarinets-ca-2","8":"product_tag-buffet-crampon-ca","9":"product_tag-clarinet-ca","10":"product_tag-clarinet-de-lloguer","11":"product_tag-instrument-de-vent","12":"product_tag-instruments-de-contractacio","13":"product_tag-instruments-de-vent","14":"product_tag-instruments-de-vent-barcelona","15":"product_tag-instruments-de-vent-de-lloguer","16":"product_tag-instruments-de-vent-es","17":"product_tag-instruments-de-vent-espanya","18":"product_tag-lloguer-dinstruments","19":"product_tag-lloguer-dinstruments-ca-2","20":"product_tag-lloguer-dinstruments-ca","21":"product_tag-lloguer-dinstruments-barcelona","22":"product_tag-lloguer-dinstruments-barcelona-ca","23":"product_tag-lloguer-dinstruments-espanya-ca","24":"product_tag-lloguer-dinstruments-espanya","26":"first","27":"instock","28":"sold-individually","29":"shipping-taxable","30":"purchasable","31":"product-type-booking"},"booking_location":"","booking_location_type":"","booking_duration":1,"booking_duration_unit":"day","booking_buffer":0,"booking_cost":0,"booking_resources":[],"exclude_global_add_ons":false,"addons":[{"name":"Dip\u00f2sit","type":"checkbox","position":0,"required":false,"title_format":"hide","default":"","description_enable":false,"description":"","placeholder_enable":false,"placeholder":"","display":"select","restrictions_type":"any_text","adjust_price":false,"price":"","price_type":"flat_fee","restrictions":false,"min":"0","max":"0","options":[{"label":"Dip\u00f2sit","price":"220","price_type":"flat_fee","image":0,"visibility":true}]},{"name":"INSTRUMENTS DE VENT (tots)","type":"checkbox","position":0,"required":false,"title_format":"label","default":"","description_enable":false,"description":"","placeholder_enable":false,"placeholder":"","display":"select","restrictions_type":"any_text","adjust_price":false,"price":"","price_type":"flat_fee","restrictions":false,"min":"0","max":"0","options":[{"label":"Lleng\u00fceta","price":"5.00","price_type":"quantity_based","image":0,"visibility":true},{"label":"Faristol","price":"5.00","price_type":"flat_fee","image":0,"visibility":true},{"label":"Faristol de Qualitat","price":"9.00","price_type":"flat_fee","image":0,"visibility":true}]}],"acf":{"set_to_be_sold":false,"sale_description":"","sale_price":""},"_links":{"self":[{"href":"https:\/\/shinemusicrental.com\/ca\/wp-json\/wp\/v2\/product\/793","targetHints":{"allow":["GET"]}}],"collection":[{"href":"https:\/\/shinemusicrental.com\/ca\/wp-json\/wp\/v2\/product"}],"about":[{"href":"https:\/\/shinemusicrental.com\/ca\/wp-json\/wp\/v2\/types\/product"}],"replies":[{"embeddable":true,"href":"https:\/\/shinemusicrental.com\/ca\/wp-json\/wp\/v2\/comments?post=793"}],"wp:featuredmedia":[{"embeddable":true,"href":"https:\/\/shinemusicrental.com\/ca\/wp-json\/wp\/v2\/media\/789"}],"wp:attachment":[{"href":"https:\/\/shinemusicrental.com\/ca\/wp-json\/wp\/v2\/media?parent=793"}],"wp:term":[{"taxonomy":"product_brand","embeddable":true,"href":"https:\/\/shinemusicrental.com\/ca\/wp-json\/wp\/v2\/product_brand?post=793"},{"taxonomy":"product_cat","embeddable":true,"href":"https:\/\/shinemusicrental.com\/ca\/wp-json\/wp\/v2\/product_cat?post=793"},{"taxonomy":"product_tag","embeddable":true,"href":"https:\/\/shinemusicrental.com\/ca\/wp-json\/wp\/v2\/product_tag?post=793"}],"curies":[{"name":"wp","href":"https:\/\/api.w.org\/{rel}","templated":true}]}}