{"id":781,"date":"2022-10-19T12:19:15","date_gmt":"2022-10-19T10:19:15","guid":{"rendered":"http:\/\/www.shinemusicrental.com\/product\/saxofon-tenor-startone-sts-75\/"},"modified":"2024-04-08T15:50:42","modified_gmt":"2024-04-08T13:50:42","slug":"saxofon-tenor-startone-sts-75","status":"publish","type":"product","link":"https:\/\/shinemusicrental.com\/ca\/product\/saxofon-tenor-startone-sts-75\/","title":{"rendered":"Saxofon Tenor Startone STS-75"},"content":{"rendered":"<p>Amb el so ric i poder\u00f3s en el que penses quan penses en saxofons, el Startone STS-75 \u00e9s un pinacle d\u2019estil cl\u00e0ssic i funci\u00f3 que el converteix en una exquisida experi\u00e8ncia de lloguer d\u2019instruments. El seu cos i claus de llaut\u00f3 polit s\u00f3n funcionals, receptius i elegants, mentre que la seva reposapeus ajustable i el seu balanc\u00ed ho fan f\u00e0cil d\u2019usar i mantenir sense importar el seu nivell d\u2019experi\u00e8ncia. Llogui aquest saxofon o semblant a la nostra tarifa molt competitiva.<\/p>\n<p>Instrument Rental Barcelona \u00e9s part de la xarxa d\u2019escoles de Shine School of Music. Oferim una \u00e0mplia gamma de lli\u00e7ons de m\u00fasica, llocs per a la celebraci\u00f3 d\u2019esdeveniments, espais per practicar m\u00fasica i espais addicionals de treball conjunt.<\/p>\n","protected":false},"excerpt":{"rendered":"<p><strong>Dip\u00f2sit: \u20ac160<\/strong><\/p>\n<p>Amb el so ric i poder\u00f3s en el que penses quan penses en saxofons, el Startone STS-75 \u00e9s un pinacle d\u2019estil cl\u00e0ssic i funci\u00f3 que el converteix en una exquisida experi\u00e8ncia de lloguer d\u2019instruments.<\/p>\n","protected":false},"featured_media":772,"comment_status":"open","ping_status":"closed","template":"","meta":{"_acf_changed":false,"content-type":""},"product_brand":[],"product_cat":[352,367],"product_tag":[516,562,518,520,524,522,526,462,590,561,464,490,558,592,587,735,740,589,737],"class_list":{"0":"post-781","1":"product","2":"type-product","3":"status-publish","4":"has-post-thumbnail","6":"product_cat-instruments-de-vent","7":"product_cat-saxofons","8":"product_tag-instrument-de-vent","9":"product_tag-instruments-de-contractacio","10":"product_tag-instruments-de-vent","11":"product_tag-instruments-de-vent-barcelona","12":"product_tag-instruments-de-vent-de-lloguer","13":"product_tag-instruments-de-vent-es","14":"product_tag-instruments-de-vent-espanya","15":"product_tag-lloguer-dinstruments","16":"product_tag-lloguer-dinstruments-ca-2","17":"product_tag-lloguer-dinstruments-ca","18":"product_tag-lloguer-dinstruments-barcelona","19":"product_tag-lloguer-dinstruments-barcelona-ca","20":"product_tag-lloguer-dinstruments-espanya","21":"product_tag-lloguer-dinstruments-espanya-ca","22":"product_tag-saxo-ca","23":"product_tag-saxo-de-lloguer","24":"product_tag-saxo-tenor-ca","25":"product_tag-saxofon-ca-2","26":"product_tag-startone-ca","28":"first","29":"instock","30":"sold-individually","31":"shipping-taxable","32":"purchasable","33":"product-type-booking"},"booking_location":"","booking_location_type":"","booking_duration":1,"booking_duration_unit":"day","booking_buffer":0,"booking_cost":0,"booking_resources":[],"exclude_global_add_ons":false,"addons":[{"name":"Dip\u00f2sit","type":"checkbox","position":0,"required":false,"title_format":"hide","default":"","description_enable":false,"description":"","placeholder_enable":false,"placeholder":"","display":"select","restrictions_type":"any_text","adjust_price":false,"price":"","price_type":"flat_fee","restrictions":false,"min":"0","max":"0","options":[{"label":"Dip\u00f2sit","price":"160","price_type":"flat_fee","image":0,"visibility":true}]},{"name":"INSTRUMENTS DE VENT (tots)","type":"checkbox","position":0,"required":false,"title_format":"label","default":"","description_enable":false,"description":"","placeholder_enable":false,"placeholder":"","display":"select","restrictions_type":"any_text","adjust_price":false,"price":"","price_type":"flat_fee","restrictions":false,"min":"0","max":"0","options":[{"label":"Lleng\u00fceta","price":"5.00","price_type":"quantity_based","image":0,"visibility":true},{"label":"Faristol","price":"5.00","price_type":"flat_fee","image":0,"visibility":true},{"label":"Faristol de Qualitat","price":"9.00","price_type":"flat_fee","image":0,"visibility":true}]}],"acf":{"set_to_be_sold":false,"sale_description":"","sale_price":""},"_links":{"self":[{"href":"https:\/\/shinemusicrental.com\/ca\/wp-json\/wp\/v2\/product\/781","targetHints":{"allow":["GET"]}}],"collection":[{"href":"https:\/\/shinemusicrental.com\/ca\/wp-json\/wp\/v2\/product"}],"about":[{"href":"https:\/\/shinemusicrental.com\/ca\/wp-json\/wp\/v2\/types\/product"}],"replies":[{"embeddable":true,"href":"https:\/\/shinemusicrental.com\/ca\/wp-json\/wp\/v2\/comments?post=781"}],"wp:featuredmedia":[{"embeddable":true,"href":"https:\/\/shinemusicrental.com\/ca\/wp-json\/wp\/v2\/media\/772"}],"wp:attachment":[{"href":"https:\/\/shinemusicrental.com\/ca\/wp-json\/wp\/v2\/media?parent=781"}],"wp:term":[{"taxonomy":"product_brand","embeddable":true,"href":"https:\/\/shinemusicrental.com\/ca\/wp-json\/wp\/v2\/product_brand?post=781"},{"taxonomy":"product_cat","embeddable":true,"href":"https:\/\/shinemusicrental.com\/ca\/wp-json\/wp\/v2\/product_cat?post=781"},{"taxonomy":"product_tag","embeddable":true,"href":"https:\/\/shinemusicrental.com\/ca\/wp-json\/wp\/v2\/product_tag?post=781"}],"curies":[{"name":"wp","href":"https:\/\/api.w.org\/{rel}","templated":true}]}}