{"id":757,"date":"2022-10-19T11:48:55","date_gmt":"2022-10-19T09:48:55","guid":{"rendered":"http:\/\/www.shinemusicrental.com\/product\/viola-stentor-student-i\/"},"modified":"2024-04-08T15:39:14","modified_gmt":"2024-04-08T13:39:14","slug":"viola-stentor-student-i","status":"publish","type":"product","link":"https:\/\/shinemusicrental.com\/ca\/product\/viola-stentor-student-i\/","title":{"rendered":"Viola Stentor Student I"},"content":{"rendered":"<p>D\u2019acord amb la reputaci\u00f3 de la marca Stentor, el Student I Viola est\u00e0 incre\u00efblement ben feta per a un instrument per a principiants conscient dels costos. Tallat en fustes de to s\u00f2lid i adornat amb incrustacions que evita que la tapa d\u2019avet es separi i afegeixi eleg\u00e0ncia . El Student I Viola \u00e9s de mida completa i tamb\u00e9 compta amb un cordal compost per afinaci\u00f3 f\u00e0cil, un diapas\u00f3 de palissandre i clavilles de fusta dura ennegrida per a una afinaci\u00f3 fiable i so consistent. Llogui aquesta viola o semblant a la nostra tarifa molt competitiva.<\/p>\n<p>Instrument Rental Barcelona \u00e9s part de la xarxa d\u2019escoles de Shine School of Music. Oferim una \u00e0mplia gamma de lli\u00e7ons de m\u00fasica, llocs per a la celebraci\u00f3 d\u2019esdeveniments, espais per practicar m\u00fasica i espais addicionals de treball conjunt.<\/p>\n<div id=\"gtx-trans\" style=\"position: absolute; left: 129px; top: 13.2305px;\">\n<div class=\"gtx-trans-icon\"><\/div>\n<\/div>\n","protected":false},"excerpt":{"rendered":"<p><strong>Dip\u00f2sit: \u20ac90<\/strong><\/p>\n<p>D\u2019acord amb la reputaci\u00f3 de la marca Stentor, el Student I Viola 14\u2033 est\u00e0 incre\u00efblement ben feta per a un instrument per a principiants conscient dels costos.<\/p>\n<div id=\"gtx-trans\" style=\"position: absolute; left: 60px; top: -10.7539px;\">\n<div class=\"gtx-trans-icon\"><\/div>\n<\/div>\n","protected":false},"featured_media":754,"comment_status":"open","ping_status":"closed","template":"","meta":{"_acf_changed":false,"content-type":""},"product_brand":[],"product_cat":[318,327],"product_tag":[562,492,494,496,500,498,502,462,590,561,464,490,592,558,726,728],"class_list":{"0":"post-757","1":"product","2":"type-product","3":"status-publish","4":"has-post-thumbnail","6":"product_cat-instruments-de-corda","7":"product_cat-viola-ca","8":"product_tag-instruments-de-contractacio","9":"product_tag-instruments-de-corda","10":"product_tag-instruments-de-corda-ca","11":"product_tag-instruments-de-corda-barcelona","12":"product_tag-instruments-de-corda-de-lloguer","13":"product_tag-instruments-de-corda-es","14":"product_tag-instruments-de-corda-espanya","15":"product_tag-lloguer-dinstruments","16":"product_tag-lloguer-dinstruments-ca-2","17":"product_tag-lloguer-dinstruments-ca","18":"product_tag-lloguer-dinstruments-barcelona","19":"product_tag-lloguer-dinstruments-barcelona-ca","20":"product_tag-lloguer-dinstruments-espanya-ca","21":"product_tag-lloguer-dinstruments-espanya","22":"product_tag-stentor-ca","23":"product_tag-viola-ca","25":"first","26":"instock","27":"sold-individually","28":"shipping-taxable","29":"purchasable","30":"product-type-booking"},"booking_location":"","booking_location_type":"","booking_duration":1,"booking_duration_unit":"day","booking_buffer":0,"booking_cost":0,"booking_resources":[],"exclude_global_add_ons":false,"addons":[{"name":"Dip\u00f2sit","type":"checkbox","position":0,"required":false,"title_format":"hide","default":"","description_enable":false,"description":"","placeholder_enable":false,"placeholder":"","display":"select","restrictions_type":"any_text","adjust_price":false,"price":"","price_type":"flat_fee","restrictions":false,"min":"0","max":"0","options":[{"label":"Dip\u00f2sit","price":"90","price_type":"flat_fee","image":0,"visibility":true}]},{"name":"Violins","type":"checkbox","position":0,"required":false,"title_format":"label","default":"","description_enable":true,"description":"","placeholder_enable":false,"placeholder":"","display":"select","restrictions_type":"any_text","adjust_price":false,"price":"","price_type":"flat_fee","restrictions":false,"min":"0","max":"0","options":[{"label":"Costella","price":"9.00","price_type":"quantity_based","image":0,"visibility":true},{"label":"Suport per a Viol\u00ed","price":"5.00","price_type":"quantity_based","image":0,"visibility":true},{"label":"Faristol","price":"5.00","price_type":"quantity_based","image":0,"visibility":true},{"label":"Faristol de Qualitat","price":"9.00","price_type":"quantity_based","image":0,"visibility":true},{"label":"Afinador","price":"5.00","price_type":"quantity_based","image":0,"visibility":true},{"label":"Sordina","price":"2.00","price_type":"quantity_based","image":0,"visibility":true}]}],"acf":{"set_to_be_sold":false,"sale_description":"","sale_price":""},"_links":{"self":[{"href":"https:\/\/shinemusicrental.com\/ca\/wp-json\/wp\/v2\/product\/757","targetHints":{"allow":["GET"]}}],"collection":[{"href":"https:\/\/shinemusicrental.com\/ca\/wp-json\/wp\/v2\/product"}],"about":[{"href":"https:\/\/shinemusicrental.com\/ca\/wp-json\/wp\/v2\/types\/product"}],"replies":[{"embeddable":true,"href":"https:\/\/shinemusicrental.com\/ca\/wp-json\/wp\/v2\/comments?post=757"}],"wp:featuredmedia":[{"embeddable":true,"href":"https:\/\/shinemusicrental.com\/ca\/wp-json\/wp\/v2\/media\/754"}],"wp:attachment":[{"href":"https:\/\/shinemusicrental.com\/ca\/wp-json\/wp\/v2\/media?parent=757"}],"wp:term":[{"taxonomy":"product_brand","embeddable":true,"href":"https:\/\/shinemusicrental.com\/ca\/wp-json\/wp\/v2\/product_brand?post=757"},{"taxonomy":"product_cat","embeddable":true,"href":"https:\/\/shinemusicrental.com\/ca\/wp-json\/wp\/v2\/product_cat?post=757"},{"taxonomy":"product_tag","embeddable":true,"href":"https:\/\/shinemusicrental.com\/ca\/wp-json\/wp\/v2\/product_tag?post=757"}],"curies":[{"name":"wp","href":"https:\/\/api.w.org\/{rel}","templated":true}]}}