{"id":711,"date":"2022-10-18T16:48:10","date_gmt":"2022-10-18T14:48:10","guid":{"rendered":"http:\/\/www.shinemusicrental.com\/product\/oqan-oc300-violoncel-4-4\/"},"modified":"2024-04-08T15:18:00","modified_gmt":"2024-04-08T13:18:00","slug":"oqan-oc300-violoncel-4-4","status":"publish","type":"product","link":"https:\/\/shinemusicrental.com\/ca\/product\/oqan-oc300-violoncel-4-4\/","title":{"rendered":"OQAN OC300 Violoncel 4\/4"},"content":{"rendered":"<p>Per a una experi\u00e8ncia de violoncel cl\u00e0ssic a m\u00e9s d\u2019elegant, el OQAN Cello 4\/4 \u00e9s una opci\u00f3 de lloguer exquisida. Constru\u00eft amb fusta contraxapada d\u2019alta qualitat per al cos i aur\u00f3 per al coll, amb un diapas\u00f3 de fusta negra i una superf\u00edcie polida, proporciona tot el so ric i l\u2019aparen\u00e7a elegant que desitja d\u2019un violoncel, ideal per a principiants i experts. Llogui aquest violoncel o semblant a la nostra tarifa molt competitiva.<\/p>\n<p>Instrument Rental Barcelona \u00e9s part de la xarxa d\u2019escoles de Shine School of Music. Oferim una \u00e0mplia gamma de lli\u00e7ons de m\u00fasica, llocs per a la celebraci\u00f3 d\u2019esdeveniments, espais per practicar m\u00fasica i espais addicionals de treball conjunt.<\/p>\n","protected":false},"excerpt":{"rendered":"<p><strong>Dip\u00f3sit: \u20ac160<\/strong><\/p>\n<p>Per a una experi\u00e8ncia de violoncel cl\u00e0ssic a m\u00e9s d\u2019elegant, el OQAN Cello 4\/4 \u00e9s una opci\u00f3 de lloguer exquisida.<\/p>\n<div id=\"gtx-trans\" style=\"position: absolute; left: 60px; top: 38.2461px;\">\n<div class=\"gtx-trans-icon\"><\/div>\n<\/div>\n","protected":false},"featured_media":702,"comment_status":"open","ping_status":"closed","template":"","meta":{"_acf_changed":false,"content-type":""},"product_brand":[],"product_cat":[318,319],"product_tag":[713,562,492,494,496,500,498,502,462,590,561,464,490,592,558,711],"class_list":{"0":"post-711","1":"product","2":"type-product","3":"status-publish","4":"has-post-thumbnail","6":"product_cat-instruments-de-corda","7":"product_cat-violoncels-ca","8":"product_tag-chelo-de-lloguer","9":"product_tag-instruments-de-contractacio","10":"product_tag-instruments-de-corda","11":"product_tag-instruments-de-corda-ca","12":"product_tag-instruments-de-corda-barcelona","13":"product_tag-instruments-de-corda-de-lloguer","14":"product_tag-instruments-de-corda-es","15":"product_tag-instruments-de-corda-espanya","16":"product_tag-lloguer-dinstruments","17":"product_tag-lloguer-dinstruments-ca-2","18":"product_tag-lloguer-dinstruments-ca","19":"product_tag-lloguer-dinstruments-barcelona","20":"product_tag-lloguer-dinstruments-barcelona-ca","21":"product_tag-lloguer-dinstruments-espanya-ca","22":"product_tag-lloguer-dinstruments-espanya","23":"product_tag-violoncel","25":"first","26":"instock","27":"sold-individually","28":"shipping-taxable","29":"purchasable","30":"product-type-booking"},"booking_location":"","booking_location_type":"","booking_duration":1,"booking_duration_unit":"day","booking_buffer":0,"booking_cost":0,"booking_resources":[],"exclude_global_add_ons":false,"addons":[{"name":"Dip\u00f3sit","type":"checkbox","position":0,"required":false,"title_format":"hide","default":"","description_enable":false,"description":"","placeholder_enable":false,"placeholder":"","display":"select","restrictions_type":"any_text","adjust_price":false,"price":"","price_type":"flat_fee","restrictions":false,"min":"0","max":"0","options":[{"label":"Dip\u00f3sit","price":"160","price_type":"flat_fee","image":0,"visibility":true}]},{"name":"CHELO","type":"checkbox","position":0,"required":false,"title_format":"label","default":"","description_enable":false,"description":"","placeholder_enable":false,"placeholder":"","display":"select","restrictions_type":"any_text","adjust_price":false,"price":"","price_type":"flat_fee","restrictions":false,"min":"0","max":"0","options":[{"label":"Corretja Antilliscant","price":"5.00","price_type":"quantity_based","image":0,"visibility":true},{"label":"Faristoll","price":"5.00","price_type":"quantity_based","image":0,"visibility":true},{"label":"Faristol de Qualitat","price":"9.00","price_type":"quantity_based","image":0,"visibility":true},{"label":"Suport de Chelo","price":"10.00","price_type":"quantity_based","image":0,"visibility":true}]}],"acf":{"set_to_be_sold":false,"sale_description":"","sale_price":""},"_links":{"self":[{"href":"https:\/\/shinemusicrental.com\/ca\/wp-json\/wp\/v2\/product\/711","targetHints":{"allow":["GET"]}}],"collection":[{"href":"https:\/\/shinemusicrental.com\/ca\/wp-json\/wp\/v2\/product"}],"about":[{"href":"https:\/\/shinemusicrental.com\/ca\/wp-json\/wp\/v2\/types\/product"}],"replies":[{"embeddable":true,"href":"https:\/\/shinemusicrental.com\/ca\/wp-json\/wp\/v2\/comments?post=711"}],"wp:featuredmedia":[{"embeddable":true,"href":"https:\/\/shinemusicrental.com\/ca\/wp-json\/wp\/v2\/media\/702"}],"wp:attachment":[{"href":"https:\/\/shinemusicrental.com\/ca\/wp-json\/wp\/v2\/media?parent=711"}],"wp:term":[{"taxonomy":"product_brand","embeddable":true,"href":"https:\/\/shinemusicrental.com\/ca\/wp-json\/wp\/v2\/product_brand?post=711"},{"taxonomy":"product_cat","embeddable":true,"href":"https:\/\/shinemusicrental.com\/ca\/wp-json\/wp\/v2\/product_cat?post=711"},{"taxonomy":"product_tag","embeddable":true,"href":"https:\/\/shinemusicrental.com\/ca\/wp-json\/wp\/v2\/product_tag?post=711"}],"curies":[{"name":"wp","href":"https:\/\/api.w.org\/{rel}","templated":true}]}}