{"id":699,"date":"2022-10-18T16:38:31","date_gmt":"2022-10-18T14:38:31","guid":{"rendered":"http:\/\/www.shinemusicrental.com\/product\/violoncel-thomann-classic-set-3-4\/"},"modified":"2024-04-08T15:05:32","modified_gmt":"2024-04-08T13:05:32","slug":"violoncel-thomann-classic-set-3-4","status":"publish","type":"product","link":"https:\/\/shinemusicrental.com\/ca\/product\/violoncel-thomann-classic-set-3-4\/","title":{"rendered":"Violoncel Thomann Classic Set 3\/4"},"content":{"rendered":"<p>Si busques un violoncel ric en so per\u00f2 barat per comen\u00e7ar, no busquis m\u00e9s que llogar el set Thomann Classic Cello 3\/4. Amb un cos de fusta contraxapada i un pal d\u2019aur\u00f3 amb un diapas\u00f3 de fusta negra, aquest instrument ofereix una experi\u00e8ncia en tocar robusta i bella per a int\u00e8rprets de violoncel de tots els nivells. Llogui aquest violoncel o semblant a la nostra tarifa molt competitiva.<\/p>\n<p>Instrument Rental Barcelona \u00e9s part de la xarxa d\u2019escoles de Shine School of Music. Oferim una \u00e0mplia gamma de lli\u00e7ons de m\u00fasica, llocs per a la celebraci\u00f3 d\u2019esdeveniments, espais per practicar m\u00fasica i espais addicionals de treball conjunt.<\/p>\n","protected":false},"excerpt":{"rendered":"<p><strong>Dip\u00f2sit: \u20ac170<\/strong><\/p>\n<p>Si busques un violoncel ric en so per\u00f2 barat per comen\u00e7ar, no busquis m\u00e9s que llogar el set Thomann Classic Cello 3\/4.<\/p>\n","protected":false},"featured_media":689,"comment_status":"open","ping_status":"closed","template":"","meta":{"_acf_changed":false,"content-type":""},"product_brand":[],"product_cat":[318,319],"product_tag":[713,562,492,494,496,500,498,502,462,590,561,464,490,592,558,711],"class_list":{"0":"post-699","1":"product","2":"type-product","3":"status-publish","4":"has-post-thumbnail","6":"product_cat-instruments-de-corda","7":"product_cat-violoncels-ca","8":"product_tag-chelo-de-lloguer","9":"product_tag-instruments-de-contractacio","10":"product_tag-instruments-de-corda","11":"product_tag-instruments-de-corda-ca","12":"product_tag-instruments-de-corda-barcelona","13":"product_tag-instruments-de-corda-de-lloguer","14":"product_tag-instruments-de-corda-es","15":"product_tag-instruments-de-corda-espanya","16":"product_tag-lloguer-dinstruments","17":"product_tag-lloguer-dinstruments-ca-2","18":"product_tag-lloguer-dinstruments-ca","19":"product_tag-lloguer-dinstruments-barcelona","20":"product_tag-lloguer-dinstruments-barcelona-ca","21":"product_tag-lloguer-dinstruments-espanya-ca","22":"product_tag-lloguer-dinstruments-espanya","23":"product_tag-violoncel","25":"first","26":"instock","27":"sold-individually","28":"shipping-taxable","29":"purchasable","30":"product-type-booking"},"booking_location":"","booking_location_type":"","booking_duration":1,"booking_duration_unit":"day","booking_buffer":0,"booking_cost":0,"booking_resources":[],"exclude_global_add_ons":false,"addons":[{"name":"Dip\u00f2sit","type":"checkbox","position":0,"required":false,"title_format":"hide","default":"","description_enable":false,"description":"","placeholder_enable":false,"placeholder":"","display":"select","restrictions_type":"any_text","adjust_price":false,"price":"","price_type":"flat_fee","restrictions":false,"min":"0","max":"0","options":[{"label":"Dip\u00f2sit","price":"170","price_type":"flat_fee","image":0,"visibility":true}]},{"name":"CHELO","type":"checkbox","position":0,"required":false,"title_format":"label","default":"","description_enable":false,"description":"","placeholder_enable":false,"placeholder":"","display":"select","restrictions_type":"any_text","adjust_price":false,"price":"","price_type":"flat_fee","restrictions":false,"min":"0","max":"0","options":[{"label":"Corretja Antilliscant","price":"5.00","price_type":"quantity_based","image":0,"visibility":true},{"label":"Faristoll","price":"5.00","price_type":"quantity_based","image":0,"visibility":true},{"label":"Faristol de Qualitat","price":"9.00","price_type":"quantity_based","image":0,"visibility":true},{"label":"Suport de Chelo","price":"10.00","price_type":"quantity_based","image":0,"visibility":true}]}],"acf":{"set_to_be_sold":false,"sale_description":"","sale_price":""},"_links":{"self":[{"href":"https:\/\/shinemusicrental.com\/ca\/wp-json\/wp\/v2\/product\/699","targetHints":{"allow":["GET"]}}],"collection":[{"href":"https:\/\/shinemusicrental.com\/ca\/wp-json\/wp\/v2\/product"}],"about":[{"href":"https:\/\/shinemusicrental.com\/ca\/wp-json\/wp\/v2\/types\/product"}],"replies":[{"embeddable":true,"href":"https:\/\/shinemusicrental.com\/ca\/wp-json\/wp\/v2\/comments?post=699"}],"wp:featuredmedia":[{"embeddable":true,"href":"https:\/\/shinemusicrental.com\/ca\/wp-json\/wp\/v2\/media\/689"}],"wp:attachment":[{"href":"https:\/\/shinemusicrental.com\/ca\/wp-json\/wp\/v2\/media?parent=699"}],"wp:term":[{"taxonomy":"product_brand","embeddable":true,"href":"https:\/\/shinemusicrental.com\/ca\/wp-json\/wp\/v2\/product_brand?post=699"},{"taxonomy":"product_cat","embeddable":true,"href":"https:\/\/shinemusicrental.com\/ca\/wp-json\/wp\/v2\/product_cat?post=699"},{"taxonomy":"product_tag","embeddable":true,"href":"https:\/\/shinemusicrental.com\/ca\/wp-json\/wp\/v2\/product_tag?post=699"}],"curies":[{"name":"wp","href":"https:\/\/api.w.org\/{rel}","templated":true}]}}