{"id":697,"date":"2022-10-18T16:33:44","date_gmt":"2022-10-18T14:33:44","guid":{"rendered":"http:\/\/www.shinemusicrental.com\/product\/violoncel-roth-junius-rjc5-4-4\/"},"modified":"2024-04-08T15:03:34","modified_gmt":"2024-04-08T13:03:34","slug":"violoncel-roth-junius-rjc5-4-4","status":"publish","type":"product","link":"https:\/\/shinemusicrental.com\/ca\/product\/violoncel-roth-junius-rjc5-4-4\/","title":{"rendered":"Violoncel Roth &#038; Junius RJC5 4\/4"},"content":{"rendered":"<p>El violoncel Roth &amp; Junius RJC5 4\/4 \u00e9s un exemple cl\u00e0ssic del poder dels instruments de corda. Amb una tapa de p\u00edcea s\u00f2lida, cos i m\u00e0stil d\u2019aur\u00f3, produeix els sons rics i suaus pels quals els violoncels s\u00f3n tan coneguts sense perdre res de la pot\u00e8ncia de la qual s\u00f3n capa\u00e7os, per la qual cosa \u00e9s un lloguer ideal per l\u2019aspirant a int\u00e8rpret de violoncel. Llogui aquest violoncel o semblant a la nostra tarifa molt competitiva.<\/p>\n<p>Instrument Rental Barcelona \u00e9s part de la xarxa d\u2019escoles de Shine School of Music. Oferim una \u00e0mplia gamma de lli\u00e7ons de m\u00fasica, llocs per a la celebraci\u00f3 d\u2019esdeveniments, espais per practicar m\u00fasica i espais addicionals de treball conjunt.<\/p>\n","protected":false},"excerpt":{"rendered":"<p><strong>Dip\u00f2sit: \u20ac180<\/strong><\/p>\n<p>El violoncel Roth &amp; Junius RJC5 4\/4 \u00e9s un exemple cl\u00e0ssic del poder dels instruments de corda.<\/p>\n<div id=\"gtx-trans\" style=\"position: absolute; left: 52px; top: -9.78819px;\">\n<div class=\"gtx-trans-icon\"><\/div>\n<\/div>\n","protected":false},"featured_media":678,"comment_status":"open","ping_status":"closed","template":"","meta":{"_acf_changed":false,"content-type":""},"product_brand":[],"product_cat":[318,319],"product_tag":[713,562,492,494,496,500,498,502,462,590,561,464,490,592,558,709,711],"class_list":{"0":"post-697","1":"product","2":"type-product","3":"status-publish","4":"has-post-thumbnail","6":"product_cat-instruments-de-corda","7":"product_cat-violoncels-ca","8":"product_tag-chelo-de-lloguer","9":"product_tag-instruments-de-contractacio","10":"product_tag-instruments-de-corda","11":"product_tag-instruments-de-corda-ca","12":"product_tag-instruments-de-corda-barcelona","13":"product_tag-instruments-de-corda-de-lloguer","14":"product_tag-instruments-de-corda-es","15":"product_tag-instruments-de-corda-espanya","16":"product_tag-lloguer-dinstruments","17":"product_tag-lloguer-dinstruments-ca-2","18":"product_tag-lloguer-dinstruments-ca","19":"product_tag-lloguer-dinstruments-barcelona","20":"product_tag-lloguer-dinstruments-barcelona-ca","21":"product_tag-lloguer-dinstruments-espanya-ca","22":"product_tag-lloguer-dinstruments-espanya","23":"product_tag-roth-junius-ca","24":"product_tag-violoncel","26":"first","27":"instock","28":"sold-individually","29":"shipping-taxable","30":"purchasable","31":"product-type-booking"},"booking_location":"","booking_location_type":"","booking_duration":1,"booking_duration_unit":"day","booking_buffer":0,"booking_cost":0,"booking_resources":[],"exclude_global_add_ons":false,"addons":[{"name":"Dip\u00f2sit","type":"checkbox","position":0,"required":false,"title_format":"hide","default":"","description_enable":false,"description":"","placeholder_enable":false,"placeholder":"","display":"select","restrictions_type":"any_text","adjust_price":false,"price":"","price_type":"flat_fee","restrictions":false,"min":"0","max":"0","options":[{"label":"Dip\u00f2sit","price":"180","price_type":"flat_fee","image":0,"visibility":true}]},{"name":"CHELO","type":"checkbox","position":0,"required":false,"title_format":"label","default":"","description_enable":false,"description":"","placeholder_enable":false,"placeholder":"","display":"select","restrictions_type":"any_text","adjust_price":false,"price":"","price_type":"flat_fee","restrictions":false,"min":"0","max":"0","options":[{"label":"Corretja Antilliscant","price":"5.00","price_type":"quantity_based","image":0,"visibility":true},{"label":"Faristoll","price":"5.00","price_type":"quantity_based","image":0,"visibility":true},{"label":"Faristol de Qualitat","price":"9.00","price_type":"quantity_based","image":0,"visibility":true},{"label":"Suport de Chelo","price":"10.00","price_type":"quantity_based","image":0,"visibility":true}]}],"acf":{"set_to_be_sold":false,"sale_description":"","sale_price":""},"_links":{"self":[{"href":"https:\/\/shinemusicrental.com\/ca\/wp-json\/wp\/v2\/product\/697","targetHints":{"allow":["GET"]}}],"collection":[{"href":"https:\/\/shinemusicrental.com\/ca\/wp-json\/wp\/v2\/product"}],"about":[{"href":"https:\/\/shinemusicrental.com\/ca\/wp-json\/wp\/v2\/types\/product"}],"replies":[{"embeddable":true,"href":"https:\/\/shinemusicrental.com\/ca\/wp-json\/wp\/v2\/comments?post=697"}],"wp:featuredmedia":[{"embeddable":true,"href":"https:\/\/shinemusicrental.com\/ca\/wp-json\/wp\/v2\/media\/678"}],"wp:attachment":[{"href":"https:\/\/shinemusicrental.com\/ca\/wp-json\/wp\/v2\/media?parent=697"}],"wp:term":[{"taxonomy":"product_brand","embeddable":true,"href":"https:\/\/shinemusicrental.com\/ca\/wp-json\/wp\/v2\/product_brand?post=697"},{"taxonomy":"product_cat","embeddable":true,"href":"https:\/\/shinemusicrental.com\/ca\/wp-json\/wp\/v2\/product_cat?post=697"},{"taxonomy":"product_tag","embeddable":true,"href":"https:\/\/shinemusicrental.com\/ca\/wp-json\/wp\/v2\/product_tag?post=697"}],"curies":[{"name":"wp","href":"https:\/\/api.w.org\/{rel}","templated":true}]}}