{"id":676,"date":"2022-10-18T16:21:55","date_gmt":"2022-10-18T14:21:55","guid":{"rendered":"http:\/\/www.shinemusicrental.com\/product\/guitalele-yamaha-gl1\/"},"modified":"2022-10-18T16:21:55","modified_gmt":"2022-10-18T14:21:55","slug":"guitalele-yamaha-gl1","status":"publish","type":"product","link":"https:\/\/shinemusicrental.com\/ca\/product\/guitalele-yamaha-gl1\/","title":{"rendered":"Guitalele Yamaha GL1"},"content":{"rendered":"<p>Si alguna vegada has volgut tocar la guitarra per\u00f2 t\u2019has sentit intimidat per la grand\u00e0ria, considera llogar el guitalele Yamaha GL1. El poder i el so d\u2019una guitarra de sis cordes en un instrument de la mida d\u2019un ukelele bar\u00edton mitjana, aquest guitalele ha de ser vist per ser cregut. El seu cos de meranti i tapa de p\u00edcea ofereixen una pot\u00e8ncia sorprenent per la seva grand\u00e0ria, creant una experi\u00e8ncia de lloguer de guitarra f\u00e0cil d\u2019usar (i m\u00e9s f\u00e0cil de transportar!). Llogui aquesta guitalele o semblant a la nostra tarifa molt competitiva.<\/p>\n<p>Instrument Rental Barcelona \u00e9s part de la xarxa d\u2019escoles de Shine School of Music. Oferim una \u00e0mplia gamma de lli\u00e7ons de m\u00fasica, llocs per a la celebraci\u00f3 d\u2019esdeveniments, espais per practicar m\u00fasica i espais addicionals de treball conjunt.<\/p>\n","protected":false},"excerpt":{"rendered":"<p><strong>Dip\u00f2sit: \u20ac30<\/strong><\/p>\n<p>Si alguna vegada has volgut tocar la guitarra per\u00f2 t\u2019has sentit intimidat per la grand\u00e0ria, considera llogar el guitalele Yamaha GL1.<\/p>\n<div id=\"gtx-trans\" style=\"position: absolute; left: 51px; top: -9.78819px;\">\n<div class=\"gtx-trans-icon\"><\/div>\n<\/div>\n","protected":false},"featured_media":669,"comment_status":"open","ping_status":"closed","template":"","meta":{"_acf_changed":false,"content-type":""},"product_brand":[],"product_cat":[176,196],"product_tag":[702,704,562,689,462,590,561,464,490,592,558],"class_list":{"0":"post-676","1":"product","2":"type-product","3":"status-publish","4":"has-post-thumbnail","6":"product_cat-guitarres-i-baixos","7":"product_cat-guitalele-ca","8":"product_tag-guitalele-ca","9":"product_tag-guitalele-de-lloguer","10":"product_tag-instruments-de-contractacio","11":"product_tag-kala-makala-ca","12":"product_tag-lloguer-dinstruments","13":"product_tag-lloguer-dinstruments-ca-2","14":"product_tag-lloguer-dinstruments-ca","15":"product_tag-lloguer-dinstruments-barcelona","16":"product_tag-lloguer-dinstruments-barcelona-ca","17":"product_tag-lloguer-dinstruments-espanya-ca","18":"product_tag-lloguer-dinstruments-espanya","20":"first","21":"instock","22":"sold-individually","23":"shipping-taxable","24":"purchasable","25":"product-type-booking"},"booking_location":"","booking_location_type":"","booking_duration":1,"booking_duration_unit":"day","booking_buffer":0,"booking_cost":0,"booking_resources":[],"exclude_global_add_ons":false,"addons":[{"name":"Dip\u00f2sit","type":"checkbox","position":0,"required":false,"title_format":"hide","default":"","description_enable":false,"description":"","placeholder_enable":false,"placeholder":"","display":"select","restrictions_type":"any_text","adjust_price":false,"price":"","price_type":"flat_fee","restrictions":false,"min":"0","max":"0","options":[{"label":"Dip\u00f2sit","price":"30","price_type":"flat_fee","image":0,"visibility":true}]}],"acf":{"set_to_be_sold":false,"sale_description":"","sale_price":""},"_links":{"self":[{"href":"https:\/\/shinemusicrental.com\/ca\/wp-json\/wp\/v2\/product\/676","targetHints":{"allow":["GET"]}}],"collection":[{"href":"https:\/\/shinemusicrental.com\/ca\/wp-json\/wp\/v2\/product"}],"about":[{"href":"https:\/\/shinemusicrental.com\/ca\/wp-json\/wp\/v2\/types\/product"}],"replies":[{"embeddable":true,"href":"https:\/\/shinemusicrental.com\/ca\/wp-json\/wp\/v2\/comments?post=676"}],"wp:featuredmedia":[{"embeddable":true,"href":"https:\/\/shinemusicrental.com\/ca\/wp-json\/wp\/v2\/media\/669"}],"wp:attachment":[{"href":"https:\/\/shinemusicrental.com\/ca\/wp-json\/wp\/v2\/media?parent=676"}],"wp:term":[{"taxonomy":"product_brand","embeddable":true,"href":"https:\/\/shinemusicrental.com\/ca\/wp-json\/wp\/v2\/product_brand?post=676"},{"taxonomy":"product_cat","embeddable":true,"href":"https:\/\/shinemusicrental.com\/ca\/wp-json\/wp\/v2\/product_cat?post=676"},{"taxonomy":"product_tag","embeddable":true,"href":"https:\/\/shinemusicrental.com\/ca\/wp-json\/wp\/v2\/product_tag?post=676"}],"curies":[{"name":"wp","href":"https:\/\/api.w.org\/{rel}","templated":true}]}}