{"id":654,"date":"2022-10-18T16:01:52","date_gmt":"2022-10-18T14:01:52","guid":{"rendered":"http:\/\/www.shinemusicrental.com\/product\/kala-makala-mk-c-concert-ukulele\/"},"modified":"2024-04-08T14:46:40","modified_gmt":"2024-04-08T12:46:40","slug":"kala-makala-mk-c-concert-ukulele","status":"publish","type":"product","link":"https:\/\/shinemusicrental.com\/ca\/product\/kala-makala-mk-c-concert-ukulele\/","title":{"rendered":"Kala Makala MK-C Concert Ukulele"},"content":{"rendered":"<p>El Kala Makala MK-C Concert Ukelele ofereix el millor d\u2019ambd\u00f3s mons per al lloguer d\u2019ukelele, ja que t\u00e9 la pot\u00e8ncia i la durabilitat d\u2019un instrument de concert sense sacrificar els bells sons i l\u2019estil cl\u00e0ssic i casual buscat en un ukelele. Amb un coll i cos de caoba, diapas\u00f3 de noguera i acabat setinat, aquest ukelele \u00e9s bonic i assequible, pel que \u00e9s perfecte per a qualsevol que vulgui saltar a un m\u00f3n de sons frescos d\u2019una illa. Llogui aquest ukelele o semblant a la nostra tarifa molt competitiva.<\/p>\n<p>Instrument Rental Barcelona \u00e9s part de la xarxa d\u2019escoles de Shine School of Music. Oferim una \u00e0mplia gamma de lli\u00e7ons de m\u00fasica, llocs per a la celebraci\u00f3 d\u2019esdeveniments, espais per practicar m\u00fasica i espais addicionals de treball conjunt.<\/p>\n","protected":false},"excerpt":{"rendered":"<p><strong>Dip\u00f2sit: \u20ac30<\/strong><\/p>\n<p>El Kala Makala MK-C Concert Ukelele ofereix el millor d\u2019ambd\u00f3s mons per al lloguer d\u2019ukelele, ja que t\u00e9 la pot\u00e8ncia i la durabilitat d\u2019un instrument de concert sense sacrificar els bells sons i l\u2019estil cl\u00e0ssic i casual buscat en un ukelele.<\/p>\n<div id=\"gtx-trans\" style=\"position: absolute; left: 52px; top: 38.1007px;\">\n<div class=\"gtx-trans-icon\"><\/div>\n<\/div>\n","protected":false},"featured_media":648,"comment_status":"open","ping_status":"closed","template":"","meta":{"_acf_changed":false,"content-type":""},"product_brand":[],"product_cat":[176,208],"product_tag":[698,562,689,462,590,561,464,490,592,558,693,695],"class_list":{"0":"post-654","1":"product","2":"type-product","3":"status-publish","4":"has-post-thumbnail","6":"product_cat-guitarres-i-baixos","7":"product_cat-ukeleles","8":"product_tag-concerto-ca","9":"product_tag-instruments-de-contractacio","10":"product_tag-kala-makala-ca","11":"product_tag-lloguer-dinstruments","12":"product_tag-lloguer-dinstruments-ca-2","13":"product_tag-lloguer-dinstruments-ca","14":"product_tag-lloguer-dinstruments-barcelona","15":"product_tag-lloguer-dinstruments-barcelona-ca","16":"product_tag-lloguer-dinstruments-espanya-ca","17":"product_tag-lloguer-dinstruments-espanya","18":"product_tag-ukelele-ca","19":"product_tag-ukelele-de-lloguer","21":"first","22":"instock","23":"sold-individually","24":"shipping-taxable","25":"purchasable","26":"product-type-booking"},"booking_location":"","booking_location_type":"","booking_duration":1,"booking_duration_unit":"day","booking_buffer":0,"booking_cost":0,"booking_resources":[],"exclude_global_add_ons":false,"addons":[{"name":"Dip\u00f2sit","type":"checkbox","position":0,"required":false,"title_format":"hide","default":"","description_enable":false,"description":"","placeholder_enable":false,"placeholder":"","display":"select","restrictions_type":"any_text","adjust_price":false,"price":"","price_type":"flat_fee","restrictions":false,"min":"0","max":"0","options":[{"label":"Dip\u00f2sit","price":"30","price_type":"flat_fee","image":0,"visibility":true}]}],"acf":{"set_to_be_sold":false,"sale_description":"","sale_price":""},"_links":{"self":[{"href":"https:\/\/shinemusicrental.com\/ca\/wp-json\/wp\/v2\/product\/654","targetHints":{"allow":["GET"]}}],"collection":[{"href":"https:\/\/shinemusicrental.com\/ca\/wp-json\/wp\/v2\/product"}],"about":[{"href":"https:\/\/shinemusicrental.com\/ca\/wp-json\/wp\/v2\/types\/product"}],"replies":[{"embeddable":true,"href":"https:\/\/shinemusicrental.com\/ca\/wp-json\/wp\/v2\/comments?post=654"}],"wp:featuredmedia":[{"embeddable":true,"href":"https:\/\/shinemusicrental.com\/ca\/wp-json\/wp\/v2\/media\/648"}],"wp:attachment":[{"href":"https:\/\/shinemusicrental.com\/ca\/wp-json\/wp\/v2\/media?parent=654"}],"wp:term":[{"taxonomy":"product_brand","embeddable":true,"href":"https:\/\/shinemusicrental.com\/ca\/wp-json\/wp\/v2\/product_brand?post=654"},{"taxonomy":"product_cat","embeddable":true,"href":"https:\/\/shinemusicrental.com\/ca\/wp-json\/wp\/v2\/product_cat?post=654"},{"taxonomy":"product_tag","embeddable":true,"href":"https:\/\/shinemusicrental.com\/ca\/wp-json\/wp\/v2\/product_tag?post=654"}],"curies":[{"name":"wp","href":"https:\/\/api.w.org\/{rel}","templated":true}]}}