{"id":636,"date":"2022-10-18T14:55:33","date_gmt":"2022-10-18T12:55:33","guid":{"rendered":"http:\/\/www.shinemusicrental.com\/product\/amplificador-peavey-bass-20w\/"},"modified":"2024-04-08T14:58:59","modified_gmt":"2024-04-08T12:58:59","slug":"amplificador-peavey-bass-20w","status":"publish","type":"product","link":"https:\/\/shinemusicrental.com\/ca\/product\/amplificador-peavey-bass-20w\/","title":{"rendered":"Ampificador de Baix Peavey 20W"},"content":{"rendered":"<p>Amb nom\u00e9s 9.5 Kg, amb capacitat per a auriculars i altaveus de 10\u2033, aquest amplificador \u00e9s perfecte per a petits concerts, \u201cjam sessions\u201d i assajos. Els moderats 20 watts de pot\u00e8ncia no danyaran l\u2019altaveu a alts volums, i tot i aix\u00ed ofereixen un cop significatiu, especialment a trav\u00e9s del rang de l\u2019altaveu de greus a mig. Aquest amplificador de baix Peavey tamb\u00e9 ofereix dues opcions de veu diferents, modernes i vintage, per donar suport a la tocabilitat en una \u00e0mplia gamma d\u2019estils musicals. Llogui aquest amplificador de baix o similar a la nostra molt competitiva tarifa.<\/p>\n<p>Instrument Rental Barcelona \u00e9s part de la xarxa d\u2019escoles de Shine School of Music. Oferim una \u00e0mplia gamma de lli\u00e7ons de m\u00fasica, llocs per a la celebraci\u00f3 d\u2019esdeveniments, espais per practicar m\u00fasica i espais addicionals de treball conjunt.<\/p>\n","protected":false},"excerpt":{"rendered":"<p><strong>Dip\u00f2sit: \u20ac40<\/strong><\/p>\n<p>Amb nom\u00e9s 9.5 Kg, amb capacitat per a auriculars i altaveus de 10\u2033, aquest amplificador \u00e9s perfecte per a petits concerts, \u201cjam sessions\u201d i assajos.<\/p>\n<div id=\"gtx-trans\" style=\"position: absolute; left: 51px; top: -9.78819px;\">\n<div class=\"gtx-trans-icon\"><\/div>\n<\/div>\n","protected":false},"featured_media":629,"comment_status":"open","ping_status":"closed","template":"","meta":{"_acf_changed":false,"content-type":""},"product_brand":[],"product_cat":[176,184],"product_tag":[676,677,528,532,454,456,530,562,462,561,590,464,592,558,633],"class_list":{"0":"post-636","1":"product","2":"type-product","3":"status-publish","4":"has-post-thumbnail","6":"product_cat-guitarres-i-baixos","7":"product_cat-amplificadors-de-baix","8":"product_tag-amplificador-de-baix","9":"product_tag-amplificador-de-baix-ca","10":"product_tag-baixos-barcelona","11":"product_tag-baixos-de-lloguer","12":"product_tag-baixos-electrics","13":"product_tag-baixos-electrics-es","14":"product_tag-baixos-espanya","15":"product_tag-instruments-de-contractacio","16":"product_tag-lloguer-dinstruments","17":"product_tag-lloguer-dinstruments-ca","18":"product_tag-lloguer-dinstruments-ca-2","19":"product_tag-lloguer-dinstruments-barcelona","20":"product_tag-lloguer-dinstruments-espanya-ca","21":"product_tag-lloguer-dinstruments-espanya","22":"product_tag-renting-instruments-barcelona-share-ca","24":"first","25":"instock","26":"sold-individually","27":"shipping-taxable","28":"purchasable","29":"product-type-booking"},"booking_location":"","booking_location_type":"","booking_duration":1,"booking_duration_unit":"day","booking_buffer":0,"booking_cost":0,"booking_resources":[],"exclude_global_add_ons":false,"addons":[{"name":"Dip\u00f2sit","type":"checkbox","position":0,"required":false,"title_format":"hide","default":"","description_enable":false,"description":"","placeholder_enable":false,"placeholder":"","display":"select","restrictions_type":"any_text","adjust_price":false,"price":"","price_type":"flat_fee","restrictions":false,"min":"0","max":"0","options":[{"label":"Dip\u00f2sit","price":"40","price_type":"flat_fee","image":0,"visibility":true}]},{"name":"Amplificadors (tots)","type":"checkbox","position":0,"required":false,"title_format":"label","default":"","description_enable":false,"description":"","placeholder_enable":false,"placeholder":"","display":"select","restrictions_type":"any_text","adjust_price":false,"price":"","price_type":"flat_fee","restrictions":false,"min":"0","max":"0","options":[{"label":"Cable d'Instrument Jack 1\/4","price":"5.00","price_type":"quantity_based","image":0,"visibility":true},{"label":"DI Box","price":"5.00","price_type":"quantity_based","image":0,"visibility":true}]}],"acf":{"set_to_be_sold":false,"sale_description":"","sale_price":""},"_links":{"self":[{"href":"https:\/\/shinemusicrental.com\/ca\/wp-json\/wp\/v2\/product\/636","targetHints":{"allow":["GET"]}}],"collection":[{"href":"https:\/\/shinemusicrental.com\/ca\/wp-json\/wp\/v2\/product"}],"about":[{"href":"https:\/\/shinemusicrental.com\/ca\/wp-json\/wp\/v2\/types\/product"}],"replies":[{"embeddable":true,"href":"https:\/\/shinemusicrental.com\/ca\/wp-json\/wp\/v2\/comments?post=636"}],"wp:featuredmedia":[{"embeddable":true,"href":"https:\/\/shinemusicrental.com\/ca\/wp-json\/wp\/v2\/media\/629"}],"wp:attachment":[{"href":"https:\/\/shinemusicrental.com\/ca\/wp-json\/wp\/v2\/media?parent=636"}],"wp:term":[{"taxonomy":"product_brand","embeddable":true,"href":"https:\/\/shinemusicrental.com\/ca\/wp-json\/wp\/v2\/product_brand?post=636"},{"taxonomy":"product_cat","embeddable":true,"href":"https:\/\/shinemusicrental.com\/ca\/wp-json\/wp\/v2\/product_cat?post=636"},{"taxonomy":"product_tag","embeddable":true,"href":"https:\/\/shinemusicrental.com\/ca\/wp-json\/wp\/v2\/product_tag?post=636"}],"curies":[{"name":"wp","href":"https:\/\/api.w.org\/{rel}","templated":true}]}}