{"id":600,"date":"2022-10-18T14:08:37","date_gmt":"2022-10-18T12:08:37","guid":{"rendered":"http:\/\/www.shinemusicrental.com\/product\/amplificador-de-guitarra-fender-champion-40\/"},"modified":"2022-10-18T14:08:37","modified_gmt":"2022-10-18T12:08:37","slug":"amplificador-de-guitarra-fender-champion-40","status":"publish","type":"product","link":"https:\/\/shinemusicrental.com\/ca\/product\/amplificador-de-guitarra-fender-champion-40\/","title":{"rendered":"Amplificador de Guitarra Fender Champion 40"},"content":{"rendered":"<p>L\u2019amplificador de guitarra Fender Champion 40 \u00e9s l\u2019amplificador de lloguer crossover perfecte tant per a la llar com per a l\u2019escenari. Els seus dos controls de canal i la seva robust repertori d\u2019efectes, que inclouen ress\u00f2, tr\u00e9molo i vibraci\u00f3, es poden ajustar per adaptar-se a qualsevol estil, des de metal fins a jazz i country. Amb 40 watts de pot\u00e8ncia, el Champion pot omplir una habitaci\u00f3 amb so mentre \u00e9s manejable per al seu transport, i els botons negres amb faldons li donen una sensaci\u00f3 visual rockera vintage. Llogui aquest amplificador o similar a la nostra tarifa molt competitiva.<\/p>\n<p>Instrument Rental Barcelona \u00e9s part de la xarxa d\u2019escoles de Shine School of Music. Oferim una \u00e0mplia gamma de lli\u00e7ons de m\u00fasica, llocs per a la celebraci\u00f3 d\u2019esdeveniments, espais per practicar m\u00fasica i espais addicionals de treball conjunt.<\/p>\n","protected":false},"excerpt":{"rendered":"<p><strong>Dip\u00f2sit: \u20ac70<\/strong><\/p>\n<p>L\u2019amplificador de guitarra Fender Champion 40 \u00e9s l\u2019amplificador de lloguer crossover perfecte tant per a la llar com per a l\u2019escenari.<\/p>\n<div id=\"gtx-trans\" style=\"position: absolute; left: 52px; top: -9.78819px;\">\n<div class=\"gtx-trans-icon\"><\/div>\n<\/div>\n","protected":false},"featured_media":590,"comment_status":"open","ping_status":"closed","template":"","meta":{"_acf_changed":false,"content-type":""},"product_brand":[],"product_cat":[176,200],"product_tag":[681,683,568,570,572,564,460,566,562,561,462,590,464,490,592,558],"class_list":{"0":"post-600","1":"product","2":"type-product","3":"status-publish","4":"has-post-thumbnail","6":"product_cat-guitarres-i-baixos","7":"product_cat-amplificadors-de-guitarra","8":"product_tag-amplificador-ca","9":"product_tag-amplificador-de-guitarra-ca","10":"product_tag-guitarra-ca","11":"product_tag-guitarra-barcelona-ca","12":"product_tag-guitarra-de-lloguer","13":"product_tag-guitarra-espanya","14":"product_tag-guitarres","15":"product_tag-guitarres-espanya","16":"product_tag-instruments-de-contractacio","17":"product_tag-lloguer-dinstruments-ca","18":"product_tag-lloguer-dinstruments","19":"product_tag-lloguer-dinstruments-ca-2","20":"product_tag-lloguer-dinstruments-barcelona","21":"product_tag-lloguer-dinstruments-barcelona-ca","22":"product_tag-lloguer-dinstruments-espanya-ca","23":"product_tag-lloguer-dinstruments-espanya","25":"first","26":"instock","27":"sold-individually","28":"shipping-taxable","29":"purchasable","30":"product-type-booking"},"booking_location":"","booking_location_type":"","booking_duration":1,"booking_duration_unit":"day","booking_buffer":0,"booking_cost":0,"booking_resources":[],"exclude_global_add_ons":false,"addons":[{"name":"Dip\u00f2sit","type":"checkbox","position":0,"required":false,"title_format":"hide","default":"","description_enable":false,"description":"","placeholder_enable":false,"placeholder":"","display":"select","restrictions_type":"any_text","adjust_price":false,"price":"","price_type":"flat_fee","restrictions":false,"min":"0","max":"0","options":[{"label":"Dip\u00f2sit","price":"70","price_type":"flat_fee","image":0,"visibility":true}]},{"name":"Amplificadors (tots)","type":"checkbox","position":0,"required":false,"title_format":"label","default":"","description_enable":false,"description":"","placeholder_enable":false,"placeholder":"","display":"select","restrictions_type":"any_text","adjust_price":false,"price":"","price_type":"flat_fee","restrictions":false,"min":"0","max":"0","options":[{"label":"Cable d'Instrument Jack 1\/4","price":"5.00","price_type":"quantity_based","image":0,"visibility":true},{"label":"DI Box","price":"5.00","price_type":"quantity_based","image":0,"visibility":true}]}],"acf":{"set_to_be_sold":false,"sale_description":"","sale_price":""},"_links":{"self":[{"href":"https:\/\/shinemusicrental.com\/ca\/wp-json\/wp\/v2\/product\/600","targetHints":{"allow":["GET"]}}],"collection":[{"href":"https:\/\/shinemusicrental.com\/ca\/wp-json\/wp\/v2\/product"}],"about":[{"href":"https:\/\/shinemusicrental.com\/ca\/wp-json\/wp\/v2\/types\/product"}],"replies":[{"embeddable":true,"href":"https:\/\/shinemusicrental.com\/ca\/wp-json\/wp\/v2\/comments?post=600"}],"wp:featuredmedia":[{"embeddable":true,"href":"https:\/\/shinemusicrental.com\/ca\/wp-json\/wp\/v2\/media\/590"}],"wp:attachment":[{"href":"https:\/\/shinemusicrental.com\/ca\/wp-json\/wp\/v2\/media?parent=600"}],"wp:term":[{"taxonomy":"product_brand","embeddable":true,"href":"https:\/\/shinemusicrental.com\/ca\/wp-json\/wp\/v2\/product_brand?post=600"},{"taxonomy":"product_cat","embeddable":true,"href":"https:\/\/shinemusicrental.com\/ca\/wp-json\/wp\/v2\/product_cat?post=600"},{"taxonomy":"product_tag","embeddable":true,"href":"https:\/\/shinemusicrental.com\/ca\/wp-json\/wp\/v2\/product_tag?post=600"}],"curies":[{"name":"wp","href":"https:\/\/api.w.org\/{rel}","templated":true}]}}