{"id":574,"date":"2022-10-18T13:21:16","date_gmt":"2022-10-18T11:21:16","guid":{"rendered":"http:\/\/www.shinemusicrental.com\/product\/baix-electric-squier-precision\/"},"modified":"2024-04-08T14:51:35","modified_gmt":"2024-04-08T12:51:35","slug":"baix-electric-squier-precision","status":"publish","type":"product","link":"https:\/\/shinemusicrental.com\/ca\/product\/baix-electric-squier-precision\/","title":{"rendered":"Baix El\u00e8ctric Squier Precision"},"content":{"rendered":"<p>El baix Squier Precision Bass \u00e9s un dels millors valors disponibles per a un baixista principiant. Compta amb una pastilla de pont de bobina simple i una pastilla interm\u00e8dia de bobina simple dividida, cadascuna amb control de volum independent. El colpejador de tres capes i el diapas\u00f3 de palissandre gruix ofereixen una sensaci\u00f3 segura i c\u00f2moda amb un so clar i brillant. L\u2019estil cl\u00e0ssic del cos i l\u2019acabat brillant fan d\u2019aquest un lloguer per presumir. Llogui aquest baix o similar a la nostra tarifa molt competitiva.<\/p>\n<p>Instrument Rental Barcelona \u00e9s part de la xarxa d\u2019escoles de Shine School of Music. Oferim una \u00e0mplia gamma de lli\u00e7ons de m\u00fasica, llocs per a la celebraci\u00f3 d\u2019esdeveniments, espais per practicar m\u00fasica i espais addicionals de treball conjunt.<\/p>\n","protected":false},"excerpt":{"rendered":"<p><strong>Dip\u00f2sit: \u20ac100<\/strong><\/p>\n<p>El baix Squier Precision Bass \u00e9s un dels millors valors disponibles per a un baixista principiant.<\/p>\n<div id=\"gtx-trans\" style=\"position: absolute; left: 52px; top: 38.1007px;\">\n<div class=\"gtx-trans-icon\"><\/div>\n<\/div>\n","protected":false},"featured_media":567,"comment_status":"open","ping_status":"closed","template":"","meta":{"_acf_changed":false,"content-type":""},"product_brand":[],"product_cat":[176,186],"product_tag":[671,528,532,454,456,530,562,590,462,561,464,490,592,558,670],"class_list":{"0":"post-574","1":"product","2":"type-product","3":"status-publish","4":"has-post-thumbnail","6":"product_cat-guitarres-i-baixos","7":"product_cat-baixos-electrics","8":"product_tag-baix-electric","9":"product_tag-baixos-barcelona","10":"product_tag-baixos-de-lloguer","11":"product_tag-baixos-electrics","12":"product_tag-baixos-electrics-es","13":"product_tag-baixos-espanya","14":"product_tag-instruments-de-contractacio","15":"product_tag-lloguer-dinstruments-ca-2","16":"product_tag-lloguer-dinstruments","17":"product_tag-lloguer-dinstruments-ca","18":"product_tag-lloguer-dinstruments-barcelona","19":"product_tag-lloguer-dinstruments-barcelona-ca","20":"product_tag-lloguer-dinstruments-espanya-ca","21":"product_tag-lloguer-dinstruments-espanya","22":"product_tag-squier-ca","24":"first","25":"instock","26":"sold-individually","27":"shipping-taxable","28":"purchasable","29":"product-type-booking"},"booking_location":"","booking_location_type":"","booking_duration":1,"booking_duration_unit":"day","booking_buffer":0,"booking_cost":0,"booking_resources":[],"exclude_global_add_ons":false,"addons":[{"name":"Dip\u00f2sit","type":"checkbox","position":0,"required":false,"title_format":"hide","default":"","description_enable":false,"description":"","placeholder_enable":false,"placeholder":"","display":"select","restrictions_type":"any_text","adjust_price":false,"price":"","price_type":"flat_fee","restrictions":false,"min":"0","max":"0","options":[{"label":"Dip\u00f2sit","price":"100","price_type":"flat_fee","image":0,"visibility":true}]}],"acf":{"set_to_be_sold":false,"sale_description":"","sale_price":""},"_links":{"self":[{"href":"https:\/\/shinemusicrental.com\/ca\/wp-json\/wp\/v2\/product\/574","targetHints":{"allow":["GET"]}}],"collection":[{"href":"https:\/\/shinemusicrental.com\/ca\/wp-json\/wp\/v2\/product"}],"about":[{"href":"https:\/\/shinemusicrental.com\/ca\/wp-json\/wp\/v2\/types\/product"}],"replies":[{"embeddable":true,"href":"https:\/\/shinemusicrental.com\/ca\/wp-json\/wp\/v2\/comments?post=574"}],"wp:featuredmedia":[{"embeddable":true,"href":"https:\/\/shinemusicrental.com\/ca\/wp-json\/wp\/v2\/media\/567"}],"wp:attachment":[{"href":"https:\/\/shinemusicrental.com\/ca\/wp-json\/wp\/v2\/media?parent=574"}],"wp:term":[{"taxonomy":"product_brand","embeddable":true,"href":"https:\/\/shinemusicrental.com\/ca\/wp-json\/wp\/v2\/product_brand?post=574"},{"taxonomy":"product_cat","embeddable":true,"href":"https:\/\/shinemusicrental.com\/ca\/wp-json\/wp\/v2\/product_cat?post=574"},{"taxonomy":"product_tag","embeddable":true,"href":"https:\/\/shinemusicrental.com\/ca\/wp-json\/wp\/v2\/product_tag?post=574"}],"curies":[{"name":"wp","href":"https:\/\/api.w.org\/{rel}","templated":true}]}}