{"id":565,"date":"2022-10-18T10:46:40","date_gmt":"2022-10-18T08:46:40","guid":{"rendered":"http:\/\/www.shinemusicrental.com\/product\/guitarra-electroacustica-yamaha-apx500iii\/"},"modified":"2024-04-26T15:37:29","modified_gmt":"2024-04-26T13:37:29","slug":"guitarra-electroacustica-yamaha-apx500iii","status":"publish","type":"product","link":"https:\/\/shinemusicrental.com\/ca\/product\/guitarra-electroacustica-yamaha-apx500iii\/","title":{"rendered":"Guitarra Electroac\u00fastica Yamaha APX500III"},"content":{"rendered":"<p>La guitarra electroac\u00fastica Yamaha APX500III ofereix una experi\u00e8ncia en tocar emocionant i vers\u00e0til, c\u00f2moda en els rangs baix, mitj\u00e0 i alt. La seva forma \u00fanica del cos i tapa de p\u00edcea permet una resson\u00e0ncia singular que el fa inconfusible quan es reprodueix, mentre que el seu equalitzador de 3 bandes, sintonitzador de precisi\u00f3 i control de freq\u00fc\u00e8ncia de rang mitj\u00e0 ajustable ho fan perqu\u00e8 pugui controlar el so exacte que est\u00e0 buscant. Oferint claredat i sensibilitat, aquesta guitarra \u00e9s un lloguer electroac\u00fastic perfecte per a qualsevol m\u00fasic. Llogui aquesta guitarra o semblant a la nostra tarifa molt competitiva.<\/p>\n<p>Instrument Rental Barcelona \u00e9s part de la xarxa d\u2019escoles de Shine School of Music. Oferim una \u00e0mplia gamma de lli\u00e7ons de m\u00fasica, llocs per a la celebraci\u00f3 d\u2019esdeveniments, espais per practicar m\u00fasica i espais addicionals de treball conjunt.<\/p>\n","protected":false},"excerpt":{"rendered":"<p><strong>Dip\u00f2sit: \u20ac130<\/strong><\/p>\n<p>La guitarra electroac\u00fastica Yamaha APX500III ofereix una experi\u00e8ncia en tocar emocionant i vers\u00e0til, c\u00f2moda en els rangs baix, mitj\u00e0 i alt.<\/p>\n<div id=\"gtx-trans\" style=\"position: absolute; left: 53px; top: 38.1007px;\">\n<div class=\"gtx-trans-icon\"><\/div>\n<\/div>\n","protected":false},"featured_media":555,"comment_status":"open","ping_status":"closed","template":"","meta":{"_acf_changed":false,"content-type":""},"product_brand":[],"product_cat":[176,180],"product_tag":[607,568,570,572,564,460,566,562,561,462,590,464,490,592,558,594],"class_list":{"0":"post-565","1":"product","2":"type-product","3":"status-publish","4":"has-post-thumbnail","6":"product_cat-guitarres-i-baixos","7":"product_cat-guitarres-acustiques","8":"product_tag-electroacustica","9":"product_tag-guitarra-ca","10":"product_tag-guitarra-barcelona-ca","11":"product_tag-guitarra-de-lloguer","12":"product_tag-guitarra-espanya","13":"product_tag-guitarres","14":"product_tag-guitarres-espanya","15":"product_tag-instruments-de-contractacio","16":"product_tag-lloguer-dinstruments-ca","17":"product_tag-lloguer-dinstruments","18":"product_tag-lloguer-dinstruments-ca-2","19":"product_tag-lloguer-dinstruments-barcelona","20":"product_tag-lloguer-dinstruments-barcelona-ca","21":"product_tag-lloguer-dinstruments-espanya-ca","22":"product_tag-lloguer-dinstruments-espanya","23":"product_tag-yamaha-ca","25":"first","26":"instock","27":"sold-individually","28":"shipping-taxable","29":"purchasable","30":"product-type-booking"},"booking_location":"","booking_location_type":"","booking_duration":1,"booking_duration_unit":"day","booking_buffer":0,"booking_cost":0,"booking_resources":[],"exclude_global_add_ons":false,"addons":[{"name":"Dip\u00f2sit","type":"checkbox","position":0,"required":false,"title_format":"hide","default":"","description_enable":false,"description":"","placeholder_enable":false,"placeholder":"","display":"select","restrictions_type":"any_text","adjust_price":false,"price":"","price_type":"flat_fee","restrictions":false,"min":"0","max":"0","options":[{"label":"Dip\u00f2sit","price":"130","price_type":"flat_fee","image":0,"visibility":true}]},{"name":"Guitarres Ac\u00fastiques","type":"checkbox","position":0,"required":false,"title_format":"label","default":"","description_enable":false,"description":"","placeholder_enable":false,"placeholder":"","display":"select","restrictions_type":"any_text","adjust_price":false,"price":"","price_type":"flat_fee","restrictions":false,"min":"0","max":"0","options":[{"label":"Cable d'Instrument Jack 1\/4","price":"5.00","price_type":"quantity_based","image":0,"visibility":true},{"label":"Pua de Qualitat","price":"2.00","price_type":"quantity_based","image":0,"visibility":true},{"label":"Pua Est\u00e0ndard","price":"1.00","price_type":"quantity_based","image":0,"visibility":true},{"label":"Corretja","price":"5.00","price_type":"quantity_based","image":0,"visibility":true},{"label":"Capo","price":"5.00","price_type":"quantity_based","image":0,"visibility":true},{"label":"Afinador","price":"5.00","price_type":"quantity_based","image":0,"visibility":true},{"label":"Faristol de Qualitat","price":"9.00","price_type":"quantity_based","image":0,"visibility":true},{"label":"Faristol","price":"5.00","price_type":"quantity_based","image":0,"visibility":true}]}],"acf":{"set_to_be_sold":false,"sale_description":"","sale_price":""},"_links":{"self":[{"href":"https:\/\/shinemusicrental.com\/ca\/wp-json\/wp\/v2\/product\/565","targetHints":{"allow":["GET"]}}],"collection":[{"href":"https:\/\/shinemusicrental.com\/ca\/wp-json\/wp\/v2\/product"}],"about":[{"href":"https:\/\/shinemusicrental.com\/ca\/wp-json\/wp\/v2\/types\/product"}],"replies":[{"embeddable":true,"href":"https:\/\/shinemusicrental.com\/ca\/wp-json\/wp\/v2\/comments?post=565"}],"wp:featuredmedia":[{"embeddable":true,"href":"https:\/\/shinemusicrental.com\/ca\/wp-json\/wp\/v2\/media\/555"}],"wp:attachment":[{"href":"https:\/\/shinemusicrental.com\/ca\/wp-json\/wp\/v2\/media?parent=565"}],"wp:term":[{"taxonomy":"product_brand","embeddable":true,"href":"https:\/\/shinemusicrental.com\/ca\/wp-json\/wp\/v2\/product_brand?post=565"},{"taxonomy":"product_cat","embeddable":true,"href":"https:\/\/shinemusicrental.com\/ca\/wp-json\/wp\/v2\/product_cat?post=565"},{"taxonomy":"product_tag","embeddable":true,"href":"https:\/\/shinemusicrental.com\/ca\/wp-json\/wp\/v2\/product_tag?post=565"}],"curies":[{"name":"wp","href":"https:\/\/api.w.org\/{rel}","templated":true}]}}