{"id":515,"date":"2022-10-17T14:13:35","date_gmt":"2022-10-17T12:13:35","guid":{"rendered":"http:\/\/www.shinemusicrental.com\/product\/guitarra-acustica-yamaha-f310\/"},"modified":"2024-04-08T14:22:42","modified_gmt":"2024-04-08T12:22:42","slug":"guitarra-acustica-yamaha-f310","status":"publish","type":"product","link":"https:\/\/shinemusicrental.com\/ca\/product\/guitarra-acustica-yamaha-f310\/","title":{"rendered":"Guitarra Ac\u00fastica Yamaha F310"},"content":{"rendered":"<p>La Yamaha F310 \u00e9s una guitarra de sis cordes d\u2019alta qualitat i vers\u00e0til que s\u2019adaptaria a les necessitats de qualsevol principiant en llogar un instrument. La seva part superior de p\u00edcea, la part posterior i els costats de meranti, i el diapas\u00f3 i pont de palissandre permeten una experi\u00e8ncia de tocar c\u00f2modament sense sacrificar el volum. Amb escales m\u00e9s curtes que moltes guitarres que el col\u00b7loquen a una menor tensi\u00f3, \u00e9s m\u00e9s f\u00e0cil per als dits que molts dels seus companys, de manera que \u00e9s ideal per a qualsevol principiant que no vulgui entrar a les guitarres a causa d\u2019una possible incomoditat. Llogui aquesta guitarra o semblant a la nostra tarifa molt competitiva.<\/p>\n<p>Instrument Rental Barcelona \u00e9s part de la xarxa d\u2019escoles de Shine School of Music. Oferim una \u00e0mplia gamma de lli\u00e7ons de m\u00fasica, llocs per a la celebraci\u00f3 d\u2019esdeveniments, espais per practicar m\u00fasica i espais addicionals de treball conjunt.<\/p>\n","protected":false},"excerpt":{"rendered":"<p><strong>Dip\u00f2sit: \u20ac50<\/strong><\/p>\n<p>La Yamaha F310 \u00e9s una guitarra de sis cordes d\u2019alta qualitat i vers\u00e0til que s\u2019adaptaria a les necessitats de qualsevol principiant en llogar un instrument.<\/p>\n<div id=\"gtx-trans\" style=\"position: absolute; left: -2px; top: -9.78819px;\">\n<div class=\"gtx-trans-icon\"><\/div>\n<\/div>\n","protected":false},"featured_media":507,"comment_status":"open","ping_status":"closed","template":"","meta":{"_acf_changed":false,"content-type":""},"product_brand":[],"product_cat":[176,180],"product_tag":[568,570,572,564,460,566,562,561,462,590,464,490,592,558,594],"class_list":{"0":"post-515","1":"product","2":"type-product","3":"status-publish","4":"has-post-thumbnail","6":"product_cat-guitarres-i-baixos","7":"product_cat-guitarres-acustiques","8":"product_tag-guitarra-ca","9":"product_tag-guitarra-barcelona-ca","10":"product_tag-guitarra-de-lloguer","11":"product_tag-guitarra-espanya","12":"product_tag-guitarres","13":"product_tag-guitarres-espanya","14":"product_tag-instruments-de-contractacio","15":"product_tag-lloguer-dinstruments-ca","16":"product_tag-lloguer-dinstruments","17":"product_tag-lloguer-dinstruments-ca-2","18":"product_tag-lloguer-dinstruments-barcelona","19":"product_tag-lloguer-dinstruments-barcelona-ca","20":"product_tag-lloguer-dinstruments-espanya-ca","21":"product_tag-lloguer-dinstruments-espanya","22":"product_tag-yamaha-ca","24":"first","25":"instock","26":"sold-individually","27":"shipping-taxable","28":"purchasable","29":"product-type-booking"},"booking_location":"","booking_location_type":"","booking_duration":1,"booking_duration_unit":"day","booking_buffer":0,"booking_cost":0,"booking_resources":[],"exclude_global_add_ons":false,"addons":[{"name":"Dip\u00f2sit","type":"checkbox","position":0,"required":false,"title_format":"hide","default":"","description_enable":false,"description":"","placeholder_enable":false,"placeholder":"","display":"select","restrictions_type":"any_text","adjust_price":false,"price":"","price_type":"flat_fee","restrictions":false,"min":"0","max":"0","options":[{"label":"Dip\u00f2sit","price":"50","price_type":"flat_fee","image":0,"visibility":true}]},{"name":"Guitarres Ac\u00fastiques","type":"checkbox","position":0,"required":false,"title_format":"label","default":"","description_enable":false,"description":"","placeholder_enable":false,"placeholder":"","display":"select","restrictions_type":"any_text","adjust_price":false,"price":"","price_type":"flat_fee","restrictions":false,"min":"0","max":"0","options":[{"label":"Cable d'Instrument Jack 1\/4","price":"5.00","price_type":"quantity_based","image":0,"visibility":true},{"label":"Pua de Qualitat","price":"2.00","price_type":"quantity_based","image":0,"visibility":true},{"label":"Pua Est\u00e0ndard","price":"1.00","price_type":"quantity_based","image":0,"visibility":true},{"label":"Corretja","price":"5.00","price_type":"quantity_based","image":0,"visibility":true},{"label":"Capo","price":"5.00","price_type":"quantity_based","image":0,"visibility":true},{"label":"Afinador","price":"5.00","price_type":"quantity_based","image":0,"visibility":true},{"label":"Faristol de Qualitat","price":"9.00","price_type":"quantity_based","image":0,"visibility":true},{"label":"Faristol","price":"5.00","price_type":"quantity_based","image":0,"visibility":true}]}],"acf":{"set_to_be_sold":false,"sale_description":"","sale_price":""},"_links":{"self":[{"href":"https:\/\/shinemusicrental.com\/ca\/wp-json\/wp\/v2\/product\/515","targetHints":{"allow":["GET"]}}],"collection":[{"href":"https:\/\/shinemusicrental.com\/ca\/wp-json\/wp\/v2\/product"}],"about":[{"href":"https:\/\/shinemusicrental.com\/ca\/wp-json\/wp\/v2\/types\/product"}],"replies":[{"embeddable":true,"href":"https:\/\/shinemusicrental.com\/ca\/wp-json\/wp\/v2\/comments?post=515"}],"wp:featuredmedia":[{"embeddable":true,"href":"https:\/\/shinemusicrental.com\/ca\/wp-json\/wp\/v2\/media\/507"}],"wp:attachment":[{"href":"https:\/\/shinemusicrental.com\/ca\/wp-json\/wp\/v2\/media?parent=515"}],"wp:term":[{"taxonomy":"product_brand","embeddable":true,"href":"https:\/\/shinemusicrental.com\/ca\/wp-json\/wp\/v2\/product_brand?post=515"},{"taxonomy":"product_cat","embeddable":true,"href":"https:\/\/shinemusicrental.com\/ca\/wp-json\/wp\/v2\/product_cat?post=515"},{"taxonomy":"product_tag","embeddable":true,"href":"https:\/\/shinemusicrental.com\/ca\/wp-json\/wp\/v2\/product_tag?post=515"}],"curies":[{"name":"wp","href":"https:\/\/api.w.org\/{rel}","templated":true}]}}