{"id":488,"date":"2022-10-17T13:32:22","date_gmt":"2022-10-17T11:32:22","guid":{"rendered":"http:\/\/www.shinemusicrental.com\/product\/guitarra-flamenca-camps-m5s\/"},"modified":"2024-04-26T15:25:35","modified_gmt":"2024-04-26T13:25:35","slug":"guitarra-flamenca-camps-m5s","status":"publish","type":"product","link":"https:\/\/shinemusicrental.com\/ca\/product\/guitarra-flamenca-camps-m5s\/","title":{"rendered":"Guitarra Flamenca Camps M5S"},"content":{"rendered":"<p>La guitarra flamenca Camps M5S ofereix una experi\u00e8ncia lleugera i f\u00e0cil d\u2019utilitzar que la fa ideal per a guitarristes principiants i experimentats que necessiten un lloguer d\u2019instruments de qualitat. La seva part superior de p\u00edcea, la part posterior i els laterals de s\u00e0ndal, el pal de cedre i el diapas\u00f3 de ban\u00fas cobren vida gr\u00e0cies a un acabat brillant que realment el fa destacar en les seves actuacions. Amb una barra ajustable al coll per a m\u00e9s comoditat i una capacitat de resposta f\u00e0cil, aquesta \u00e9s la guitarra que qualsevol aspirant a guitarrista de flamenc hauria de desitjar. Llogui aquesta guitarra o semblant a la nostra tarifa molt competitiva.<\/p>\n<p>Instrument Rental Barcelona \u00e9s part de la xarxa d\u2019escoles de Shine School of Music. Oferim una \u00e0mplia gamma de lli\u00e7ons de m\u00fasica, llocs per a la celebraci\u00f3 d\u2019esdeveniments, espais per practicar m\u00fasica i espais addicionals de treball conjunt.<\/p>\n","protected":false},"excerpt":{"rendered":"<p><strong>Dip\u00f2sit: \u20ac160<\/strong><\/p>\n<p>La guitarra flamenca Camps M5S ofereix una experi\u00e8ncia lleugera i f\u00e0cil d\u2019utilitzar que la fa ideal per a guitarristes principiants i experimentats que necessiten un lloguer d\u2019instruments de qualitat.<\/p>\n<div id=\"gtx-trans\" style=\"position: absolute; left: 53px; top: 38.1007px;\">\n<div class=\"gtx-trans-icon\"><\/div>\n<\/div>\n","protected":false},"featured_media":481,"comment_status":"open","ping_status":"closed","template":"","meta":{"_acf_changed":false,"content-type":""},"product_brand":[],"product_cat":[176,192,206],"product_tag":[628,568,570,572,564,460,566,562,561,462,590,464,490,592,558,645],"class_list":{"0":"post-488","1":"product","2":"type-product","3":"status-publish","4":"has-post-thumbnail","6":"product_cat-guitarres-i-baixos","7":"product_cat-guitarres-classiques","8":"product_cat-guitarres-espanyoles","9":"product_tag-camps-ca","10":"product_tag-guitarra-ca","11":"product_tag-guitarra-barcelona-ca","12":"product_tag-guitarra-de-lloguer","13":"product_tag-guitarra-espanya","14":"product_tag-guitarres","15":"product_tag-guitarres-espanya","16":"product_tag-instruments-de-contractacio","17":"product_tag-lloguer-dinstruments-ca","18":"product_tag-lloguer-dinstruments","19":"product_tag-lloguer-dinstruments-ca-2","20":"product_tag-lloguer-dinstruments-barcelona","21":"product_tag-lloguer-dinstruments-barcelona-ca","22":"product_tag-lloguer-dinstruments-espanya-ca","23":"product_tag-lloguer-dinstruments-espanya","24":"product_tag-m5s-ca","26":"first","27":"instock","28":"sold-individually","29":"shipping-taxable","30":"purchasable","31":"product-type-booking"},"booking_location":"","booking_location_type":"","booking_duration":1,"booking_duration_unit":"day","booking_buffer":0,"booking_cost":0,"booking_resources":[],"exclude_global_add_ons":false,"addons":[{"name":"Dip\u00f2sit","type":"checkbox","position":0,"required":false,"title_format":"hide","default":"","description_enable":false,"description":"","placeholder_enable":false,"placeholder":"","display":"select","restrictions_type":"any_text","adjust_price":false,"price":"","price_type":"flat_fee","restrictions":false,"min":"0","max":"0","options":[{"label":"Dip\u00f2sit","price":"160","price_type":"flat_fee","image":0,"visibility":true}]},{"name":"Guitarres Cl\u00e0ssiques","type":"checkbox","position":0,"required":false,"title_format":"label","default":"","description_enable":false,"description":"","placeholder_enable":false,"placeholder":"","display":"select","restrictions_type":"any_text","adjust_price":false,"price":"","price_type":"flat_fee","restrictions":false,"min":"0","max":"0","options":[{"label":"Afinador","price":"5.00","price_type":"quantity_based","image":0,"visibility":true},{"label":"Recolzapeus per a Guitarra de Qualitat","price":"9.00","price_type":"quantity_based","image":0,"visibility":true},{"label":"Recolzapeus per a Guitarra Est\u00e0ndard","price":"5.00","price_type":"quantity_based","image":0,"visibility":true},{"label":"Faristol de Qualitat","price":"9.00","price_type":"quantity_based","image":0,"visibility":true},{"label":"Faristol","price":"5.00","price_type":"quantity_based","image":0,"visibility":true},{"label":"Capo - Guitarra Cl\u00e0ssica","price":"5.00","price_type":"quantity_based","image":0,"visibility":true},{"label":"Pua de Qualitat","price":"2.00","price_type":"quantity_based","image":0,"visibility":true},{"label":"Pua Est\u00e0ndard","price":"1.00","price_type":"quantity_based","image":0,"visibility":true}]}],"acf":{"set_to_be_sold":false,"sale_description":"","sale_price":""},"_links":{"self":[{"href":"https:\/\/shinemusicrental.com\/ca\/wp-json\/wp\/v2\/product\/488","targetHints":{"allow":["GET"]}}],"collection":[{"href":"https:\/\/shinemusicrental.com\/ca\/wp-json\/wp\/v2\/product"}],"about":[{"href":"https:\/\/shinemusicrental.com\/ca\/wp-json\/wp\/v2\/types\/product"}],"replies":[{"embeddable":true,"href":"https:\/\/shinemusicrental.com\/ca\/wp-json\/wp\/v2\/comments?post=488"}],"wp:featuredmedia":[{"embeddable":true,"href":"https:\/\/shinemusicrental.com\/ca\/wp-json\/wp\/v2\/media\/481"}],"wp:attachment":[{"href":"https:\/\/shinemusicrental.com\/ca\/wp-json\/wp\/v2\/media?parent=488"}],"wp:term":[{"taxonomy":"product_brand","embeddable":true,"href":"https:\/\/shinemusicrental.com\/ca\/wp-json\/wp\/v2\/product_brand?post=488"},{"taxonomy":"product_cat","embeddable":true,"href":"https:\/\/shinemusicrental.com\/ca\/wp-json\/wp\/v2\/product_cat?post=488"},{"taxonomy":"product_tag","embeddable":true,"href":"https:\/\/shinemusicrental.com\/ca\/wp-json\/wp\/v2\/product_tag?post=488"}],"curies":[{"name":"wp","href":"https:\/\/api.w.org\/{rel}","templated":true}]}}