{"id":463,"date":"2022-10-17T12:57:34","date_gmt":"2022-10-17T10:57:34","guid":{"rendered":"http:\/\/www.shinemusicrental.com\/product\/guitarra-espanyola-alhambra-1c\/"},"modified":"2024-04-08T13:47:51","modified_gmt":"2024-04-08T11:47:51","slug":"guitarra-espanyola-alhambra-1c","status":"publish","type":"product","link":"https:\/\/shinemusicrental.com\/ca\/product\/guitarra-espanyola-alhambra-1c\/","title":{"rendered":"Guitarra Espanyola Alhambra 1C"},"content":{"rendered":"<p>La guitarra espanyola Alhambra 1C \u00e9s una bella i lleugera guitarra d\u2019estil cl\u00e0ssic, que \u00e9s l\u2019instrument de lloguer perfecte per a un principiant o expert que busca un toc de classe ac\u00fastica en la seva interpretaci\u00f3. Amb un cos i coll de caoba i un diapas\u00f3 de palissandre, aquesta guitarra lleugera ofereix un so ric i poder\u00f3s que far\u00e0 que la teva m\u00fasica cobri vida. Llogui aquesta guitarra o semblant a la nostra tarifa molt competitiva.<\/p>\n<p>Instrument Rental Barcelona \u00e9s part de la xarxa d\u2019escoles de Shine School of Music. Oferim una \u00e0mplia gamma de lli\u00e7ons de m\u00fasica, llocs per a la celebraci\u00f3 d\u2019esdeveniments, espais per practicar m\u00fasica i espais addicionals de treball conjunt.<\/p>\n","protected":false},"excerpt":{"rendered":"<p><strong>Dip\u00f2sit: \u20ac120<\/strong><\/p>\n<p>La guitarra espanyola Alhambra 1C \u00e9s una bella i lleugera guitarra d\u2019estil cl\u00e0ssic, que \u00e9s l\u2019instrument de lloguer perfecte per a un principiant o expert que busca un toc de classe ac\u00fastica en la seva interpretaci\u00f3<\/p>\n<div id=\"gtx-trans\" style=\"position: absolute; left: -13px; top: -9.78819px;\">\n<div class=\"gtx-trans-icon\"><\/div>\n<\/div>\n","protected":false},"featured_media":457,"comment_status":"open","ping_status":"closed","template":"","meta":{"_acf_changed":false,"content-type":""},"product_brand":[],"product_cat":[176,192,206],"product_tag":[639,568,570,572,564,460,566,562,561,462,590,464,490,592,558],"class_list":{"0":"post-463","1":"product","2":"type-product","3":"status-publish","4":"has-post-thumbnail","6":"product_cat-guitarres-i-baixos","7":"product_cat-guitarres-classiques","8":"product_cat-guitarres-espanyoles","9":"product_tag-alhambra-ca","10":"product_tag-guitarra-ca","11":"product_tag-guitarra-barcelona-ca","12":"product_tag-guitarra-de-lloguer","13":"product_tag-guitarra-espanya","14":"product_tag-guitarres","15":"product_tag-guitarres-espanya","16":"product_tag-instruments-de-contractacio","17":"product_tag-lloguer-dinstruments-ca","18":"product_tag-lloguer-dinstruments","19":"product_tag-lloguer-dinstruments-ca-2","20":"product_tag-lloguer-dinstruments-barcelona","21":"product_tag-lloguer-dinstruments-barcelona-ca","22":"product_tag-lloguer-dinstruments-espanya-ca","23":"product_tag-lloguer-dinstruments-espanya","25":"first","26":"instock","27":"sold-individually","28":"shipping-taxable","29":"purchasable","30":"product-type-booking"},"booking_location":"","booking_location_type":"","booking_duration":1,"booking_duration_unit":"day","booking_buffer":0,"booking_cost":0,"booking_resources":[],"exclude_global_add_ons":false,"addons":[{"name":"Dip\u00f2sit","type":"checkbox","position":0,"required":false,"title_format":"hide","default":"","description_enable":false,"description":"","placeholder_enable":false,"placeholder":"","display":"select","restrictions_type":"any_text","adjust_price":false,"price":"","price_type":"flat_fee","restrictions":false,"min":"0","max":"0","options":[{"label":"Dip\u00f2sit","price":"120","price_type":"flat_fee","image":0,"visibility":true}]},{"name":"Guitarres Cl\u00e0ssiques","type":"checkbox","position":0,"required":false,"title_format":"label","default":"","description_enable":false,"description":"","placeholder_enable":false,"placeholder":"","display":"select","restrictions_type":"any_text","adjust_price":false,"price":"","price_type":"flat_fee","restrictions":false,"min":"0","max":"0","options":[{"label":"Afinador","price":"5.00","price_type":"quantity_based","image":0,"visibility":true},{"label":"Recolzapeus per a Guitarra de Qualitat","price":"9.00","price_type":"quantity_based","image":0,"visibility":true},{"label":"Recolzapeus per a Guitarra Est\u00e0ndard","price":"5.00","price_type":"quantity_based","image":0,"visibility":true},{"label":"Faristol de Qualitat","price":"9.00","price_type":"quantity_based","image":0,"visibility":true},{"label":"Faristol","price":"5.00","price_type":"quantity_based","image":0,"visibility":true},{"label":"Capo - Guitarra Cl\u00e0ssica","price":"5.00","price_type":"quantity_based","image":0,"visibility":true},{"label":"Pua de Qualitat","price":"2.00","price_type":"quantity_based","image":0,"visibility":true},{"label":"Pua Est\u00e0ndard","price":"1.00","price_type":"quantity_based","image":0,"visibility":true}]}],"acf":{"set_to_be_sold":false,"sale_description":"","sale_price":""},"_links":{"self":[{"href":"https:\/\/shinemusicrental.com\/ca\/wp-json\/wp\/v2\/product\/463","targetHints":{"allow":["GET"]}}],"collection":[{"href":"https:\/\/shinemusicrental.com\/ca\/wp-json\/wp\/v2\/product"}],"about":[{"href":"https:\/\/shinemusicrental.com\/ca\/wp-json\/wp\/v2\/types\/product"}],"replies":[{"embeddable":true,"href":"https:\/\/shinemusicrental.com\/ca\/wp-json\/wp\/v2\/comments?post=463"}],"wp:featuredmedia":[{"embeddable":true,"href":"https:\/\/shinemusicrental.com\/ca\/wp-json\/wp\/v2\/media\/457"}],"wp:attachment":[{"href":"https:\/\/shinemusicrental.com\/ca\/wp-json\/wp\/v2\/media?parent=463"}],"wp:term":[{"taxonomy":"product_brand","embeddable":true,"href":"https:\/\/shinemusicrental.com\/ca\/wp-json\/wp\/v2\/product_brand?post=463"},{"taxonomy":"product_cat","embeddable":true,"href":"https:\/\/shinemusicrental.com\/ca\/wp-json\/wp\/v2\/product_cat?post=463"},{"taxonomy":"product_tag","embeddable":true,"href":"https:\/\/shinemusicrental.com\/ca\/wp-json\/wp\/v2\/product_tag?post=463"}],"curies":[{"name":"wp","href":"https:\/\/api.w.org\/{rel}","templated":true}]}}