{"id":443,"date":"2022-10-17T12:35:52","date_gmt":"2022-10-17T10:35:52","guid":{"rendered":"http:\/\/www.shinemusicrental.com\/product\/guitarra-espanyola-classica-camps-son-satin-c\/"},"modified":"2022-10-17T12:35:52","modified_gmt":"2022-10-17T10:35:52","slug":"guitarra-espanyola-classica-camps-son-satin-c","status":"publish","type":"product","link":"https:\/\/shinemusicrental.com\/ca\/product\/guitarra-espanyola-classica-camps-son-satin-c\/","title":{"rendered":"Guitarra Espanyola Cl\u00e0ssica CAMPS SON-SATIN C"},"content":{"rendered":"<p>La guitarra cl\u00e0ssica espanyola CAMPS S\u00d3N-SATIN C \u00e9s molt lleugera i c\u00f2moda per tocar, una excel\u00b7lent opci\u00f3 per al primer instrument de lloguer d\u2019un guitarrista principiant. Compta amb part del darrere i laterals de caoba, diapas\u00f3 i pont de palissandre, i una tapa i coll de cedre mass\u00eds, oferint un to m\u00e9s c\u00e0lid, m\u00e9s indulgent i autodifundible que el seu cos\u00ed d\u2019avet. La fusta t\u00e9 un aspecte natural amb un acabat llis i satinat. Llogui aquesta guitarra o semblant a la nostra tarifa molt competitiva. Instrument Rental Barcelona \u00e9s part de la xarxa d\u2019escoles de Shine School of Music. Oferim una \u00e0mplia gamma de lli\u00e7ons de m\u00fasica, llocs per a la celebraci\u00f3 d\u2019esdeveniments, espais per practicar m\u00fasica i espais addicionals de treball conjunt.<\/p>\n","protected":false},"excerpt":{"rendered":"<p><strong>Dip\u00f2sit: \u20ac90<\/strong>\u00a0La guitarra cl\u00e0ssica espanyola CAMPS S\u00d3N-SATIN C \u00e9s molt lleugera i c\u00f2moda per tocar, una excel\u00b7lent opci\u00f3 per al primer instrument de lloguer d\u2019un guitarrista principiant.<\/p>\n<div id=\"gtx-trans\" style=\"position: absolute; left: 52px; top: 38.1007px;\">\n<div class=\"gtx-trans-icon\"><\/div>\n<\/div>\n","protected":false},"featured_media":436,"comment_status":"open","ping_status":"closed","template":"","meta":{"_acf_changed":false,"content-type":""},"product_brand":[],"product_cat":[176,192,206],"product_tag":[568,570,572,564,460,566,562,590,462,561,464,592,558,633],"class_list":{"0":"post-443","1":"product","2":"type-product","3":"status-publish","4":"has-post-thumbnail","6":"product_cat-guitarres-i-baixos","7":"product_cat-guitarres-classiques","8":"product_cat-guitarres-espanyoles","9":"product_tag-guitarra-ca","10":"product_tag-guitarra-barcelona-ca","11":"product_tag-guitarra-de-lloguer","12":"product_tag-guitarra-espanya","13":"product_tag-guitarres","14":"product_tag-guitarres-espanya","15":"product_tag-instruments-de-contractacio","16":"product_tag-lloguer-dinstruments-ca-2","17":"product_tag-lloguer-dinstruments","18":"product_tag-lloguer-dinstruments-ca","19":"product_tag-lloguer-dinstruments-barcelona","20":"product_tag-lloguer-dinstruments-espanya-ca","21":"product_tag-lloguer-dinstruments-espanya","22":"product_tag-renting-instruments-barcelona-share-ca","24":"first","25":"instock","26":"sold-individually","27":"shipping-taxable","28":"purchasable","29":"product-type-booking"},"booking_location":"","booking_location_type":"","booking_duration":1,"booking_duration_unit":"day","booking_buffer":0,"booking_cost":0,"booking_resources":[],"exclude_global_add_ons":false,"addons":[{"name":"Dip\u00f2sit","type":"checkbox","position":0,"required":false,"title_format":"hide","default":"","description_enable":false,"description":"","placeholder_enable":false,"placeholder":"","display":"select","restrictions_type":"any_text","adjust_price":false,"price":"","price_type":"flat_fee","restrictions":false,"min":"0","max":"0","options":[{"label":"Dip\u00f2sit","price":"90","price_type":"flat_fee","image":0,"visibility":true}]},{"name":"Guitarres Cl\u00e0ssiques","type":"checkbox","position":0,"required":false,"title_format":"label","default":"","description_enable":false,"description":"","placeholder_enable":false,"placeholder":"","display":"select","restrictions_type":"any_text","adjust_price":false,"price":"","price_type":"flat_fee","restrictions":false,"min":"0","max":"0","options":[{"label":"Afinador","price":"5.00","price_type":"quantity_based","image":0,"visibility":true},{"label":"Recolzapeus per a Guitarra de Qualitat","price":"9.00","price_type":"quantity_based","image":0,"visibility":true},{"label":"Recolzapeus per a Guitarra Est\u00e0ndard","price":"5.00","price_type":"quantity_based","image":0,"visibility":true},{"label":"Faristol de Qualitat","price":"9.00","price_type":"quantity_based","image":0,"visibility":true},{"label":"Faristol","price":"5.00","price_type":"quantity_based","image":0,"visibility":true},{"label":"Capo - Guitarra Cl\u00e0ssica","price":"5.00","price_type":"quantity_based","image":0,"visibility":true},{"label":"Pua de Qualitat","price":"2.00","price_type":"quantity_based","image":0,"visibility":true},{"label":"Pua Est\u00e0ndard","price":"1.00","price_type":"quantity_based","image":0,"visibility":true}]}],"acf":{"set_to_be_sold":false,"sale_description":"","sale_price":""},"_links":{"self":[{"href":"https:\/\/shinemusicrental.com\/ca\/wp-json\/wp\/v2\/product\/443","targetHints":{"allow":["GET"]}}],"collection":[{"href":"https:\/\/shinemusicrental.com\/ca\/wp-json\/wp\/v2\/product"}],"about":[{"href":"https:\/\/shinemusicrental.com\/ca\/wp-json\/wp\/v2\/types\/product"}],"replies":[{"embeddable":true,"href":"https:\/\/shinemusicrental.com\/ca\/wp-json\/wp\/v2\/comments?post=443"}],"wp:featuredmedia":[{"embeddable":true,"href":"https:\/\/shinemusicrental.com\/ca\/wp-json\/wp\/v2\/media\/436"}],"wp:attachment":[{"href":"https:\/\/shinemusicrental.com\/ca\/wp-json\/wp\/v2\/media?parent=443"}],"wp:term":[{"taxonomy":"product_brand","embeddable":true,"href":"https:\/\/shinemusicrental.com\/ca\/wp-json\/wp\/v2\/product_brand?post=443"},{"taxonomy":"product_cat","embeddable":true,"href":"https:\/\/shinemusicrental.com\/ca\/wp-json\/wp\/v2\/product_cat?post=443"},{"taxonomy":"product_tag","embeddable":true,"href":"https:\/\/shinemusicrental.com\/ca\/wp-json\/wp\/v2\/product_tag?post=443"}],"curies":[{"name":"wp","href":"https:\/\/api.w.org\/{rel}","templated":true}]}}